{"id":125,"date":"2018-09-09T14:39:36","date_gmt":"2018-09-09T17:39:36","guid":{"rendered":"http:\/\/santuariodeumbanda.com.br\/site\/?page_id=125"},"modified":"2025-01-16T14:30:35","modified_gmt":"2025-01-16T17:30:35","slug":"reservas","status":"publish","type":"page","link":"https:\/\/santuariodeumbanda.com.br\/site\/reservas\/","title":{"rendered":"Reservas"},"content":{"rendered":"<h1><\/h1>\n<h3><a href=\"http:\/\/santuariodeumbanda.com.br\/site\/wp-content\/uploads\/2018\/09\/\u00c1rea-12-Santu\u00e1rio-Nacional-de-Umbanda-FUGABC.jpg\"><img loading=\"lazy\" decoding=\"async\" class=\"size-medium wp-image-1290 alignleft\" src=\"http:\/\/santuariodeumbanda.com.br\/site\/wp-content\/uploads\/2018\/09\/\u00c1rea-12-Santu\u00e1rio-Nacional-de-Umbanda-FUGABC-300x200.jpg\" alt=\"\" width=\"300\" height=\"200\" srcset=\"https:\/\/santuariodeumbanda.com.br\/site\/wp-content\/uploads\/2018\/09\/\u00c1rea-12-Santu\u00e1rio-Nacional-de-Umbanda-FUGABC-300x200.jpg 300w, https:\/\/santuariodeumbanda.com.br\/site\/wp-content\/uploads\/2018\/09\/\u00c1rea-12-Santu\u00e1rio-Nacional-de-Umbanda-FUGABC-600x400.jpg 600w, https:\/\/santuariodeumbanda.com.br\/site\/wp-content\/uploads\/2018\/09\/\u00c1rea-12-Santu\u00e1rio-Nacional-de-Umbanda-FUGABC-768x512.jpg 768w, https:\/\/santuariodeumbanda.com.br\/site\/wp-content\/uploads\/2018\/09\/\u00c1rea-12-Santu\u00e1rio-Nacional-de-Umbanda-FUGABC.jpg 900w\" sizes=\"(max-width: 300px) 100vw, 300px\" \/><\/a>POR QUE DEVO RESERVAR UMA \u00c1REA?<\/h3>\n<p>De ter\u00e7a-feira a sexta-feira o SANTU\u00c1RIO NACIONAL DA UMBANDA \u00e9 tranquilo, n\u00e3o havendo necessidade de fazer reserva pr\u00e9via de espa\u00e7os para a realiza\u00e7\u00e3o de trabalhos.<\/p>\n<p>Aos s\u00e1bados, domingos e feriados, a frequ\u00eancia no SANTU\u00c1RIO aumenta muito, por isso, quando o Chefe do Terreiro tiver a inten\u00e7\u00e3o de fazer trabalhos espirituais com seus filhos de f\u00e9, \u00e9 aconselh\u00e1vel fazer reserva de \u00e1rea previamente, pois, poder\u00e1 n\u00e3o encontrar \u00e1reas dispon\u00edveis para a data desejada.<\/p>\n<p>&nbsp;<\/p>\n<p>Todas as \u00e1reas destinadas as reservas s\u00e3o cercadas e cobertas, a fim de proteger os frequentadores do sol ou da chuva.<\/p>\n<p>A maioria das \u00e1reas possuem bancos, mesas e algumas imagens, o que n\u00e3o impede o Templo de levar suas pr\u00f3prias imagens e decorar o espa\u00e7o conforme seus h\u00e1bitos religiosos.<\/p>\n<h2>Visite o nosso site de reservas :<\/h2>\n<p><a href=\"https:\/\/reservanosantuario.com.br\/\"><strong>https:\/\/reservanosantuario.com.br\/<\/strong><\/a><\/p>\n<p>&nbsp;<\/p>\n","protected":false},"excerpt":{"rendered":"<p>POR QUE DEVO RESERVAR UMA \u00c1REA? De ter\u00e7a-feira a sexta-feira o SANTU\u00c1RIO NACIONAL DA UMBANDA \u00e9 tranquilo, n\u00e3o havendo necessidade de fazer reserva pr\u00e9via de espa\u00e7os para a realiza\u00e7\u00e3o de trabalhos. Aos s\u00e1bados, domingos e feriados, a frequ\u00eancia no SANTU\u00c1RIO aumenta muito, por isso, quando o Chefe do Terreiro tiver a inten\u00e7\u00e3o de fazer trabalhos [&hellip;]<\/p>\n","protected":false},"author":6,"featured_media":0,"parent":0,"menu_order":0,"comment_status":"closed","ping_status":"closed","template":"","meta":{"footnotes":""},"_links":{"self":[{"href":"https:\/\/santuariodeumbanda.com.br\/site\/wp-json\/wp\/v2\/pages\/125"}],"collection":[{"href":"https:\/\/santuariodeumbanda.com.br\/site\/wp-json\/wp\/v2\/pages"}],"about":[{"href":"https:\/\/santuariodeumbanda.com.br\/site\/wp-json\/wp\/v2\/types\/page"}],"author":[{"embeddable":true,"href":"https:\/\/santuariodeumbanda.com.br\/site\/wp-json\/wp\/v2\/users\/6"}],"replies":[{"embeddable":true,"href":"https:\/\/santuariodeumbanda.com.br\/site\/wp-json\/wp\/v2\/comments?post=125"}],"version-history":[{"count":40,"href":"https:\/\/santuariodeumbanda.com.br\/site\/wp-json\/wp\/v2\/pages\/125\/revisions"}],"predecessor-version":[{"id":4796,"href":"https:\/\/santuariodeumbanda.com.br\/site\/wp-json\/wp\/v2\/pages\/125\/revisions\/4796"}],"wp:attachment":[{"href":"https:\/\/santuariodeumbanda.com.br\/site\/wp-json\/wp\/v2\/media?parent=125"}],"curies":[{"name":"wp","href":"https:\/\/api.w.org\/{rel}","templated":true}]}}