{"id":129,"date":"2018-09-09T14:39:49","date_gmt":"2018-09-09T17:39:49","guid":{"rendered":"http:\/\/santuariodeumbanda.com.br\/site\/?page_id=129"},"modified":"2024-04-23T11:05:19","modified_gmt":"2024-04-23T14:05:19","slug":"vale-dos-orixas","status":"publish","type":"page","link":"https:\/\/santuariodeumbanda.com.br\/site\/locais-para-oferendas\/vale-dos-orixas\/","title":{"rendered":"Vale dos Orix\u00e1s\u00ae"},"content":{"rendered":"<p>O Vale dos Orix\u00e1s\u00ae \u00e9 a marca registrada do <a href=\"http:\/\/santuariodeumbanda.com.br\/site\/santuario-nacional-da-umbanda\/historia\/\" target=\"_blank\" rel=\"noopener\">Santu\u00e1rio Nacional da Umbanda<\/a>, j\u00e1 que a \u00eanfase do Santu\u00e1rio \u00e9 o culto aos Orix\u00e1s. Possui, no meio do Vale, imagens gigantes dos 10 Orix\u00e1s de Umbanda &#8211; <a href=\"http:\/\/santuariodeumbanda.com.br\/site\/locais-para-oferendas\/vale-dos-orixas\/abaluaie\/\" target=\"_blank\" rel=\"noopener\">Abaluai\u00ea<\/a>, <a href=\"http:\/\/santuariodeumbanda.com.br\/site\/locais-para-oferendas\/vale-dos-orixas\/cosme-e-damiao\/\" target=\"_blank\" rel=\"noopener\">Cosme e Dami\u00e3o<\/a>,\u00a0<a href=\"http:\/\/santuariodeumbanda.com.br\/site\/locais-para-oferendas\/vale-dos-orixas\/iansa\/\" target=\"_blank\" rel=\"noopener\">Inha\u00e7\u00e3<\/a>, <a href=\"http:\/\/santuariodeumbanda.com.br\/site\/locais-para-oferendas\/vale-dos-orixas\/iemanja\/\" target=\"_blank\" rel=\"noopener\">Iemanj\u00e1<\/a>, <a href=\"http:\/\/santuariodeumbanda.com.br\/site\/locais-para-oferendas\/vale-dos-orixas\/nana-buruque\/\" target=\"_blank\" rel=\"noopener\">Nan\u00e3 Buruqu\u00ea<\/a>\u00a0, <a href=\"http:\/\/santuariodeumbanda.com.br\/site\/locais-para-oferendas\/vale-dos-orixas\/ogum\/\" target=\"_blank\" rel=\"noopener\">Ogum<\/a> , <a href=\"http:\/\/santuariodeumbanda.com.br\/site\/locais-para-oferendas\/vale-dos-orixas\/oxala\/\" target=\"_blank\" rel=\"noopener\">Oxal\u00e1<\/a>, <a href=\"http:\/\/santuariodeumbanda.com.br\/site\/locais-para-oferendas\/vale-dos-orixas\/oxossi\/\" target=\"_blank\" rel=\"noopener\">Oxosse<\/a>, <a href=\"http:\/\/santuariodeumbanda.com.br\/site\/locais-para-oferendas\/vale-dos-orixas\/oxum\/\" target=\"_blank\" rel=\"noopener\">Oxum<\/a>, <a href=\"http:\/\/santuariodeumbanda.com.br\/site\/locais-para-oferendas\/vale-dos-orixas\/xango\/\" target=\"_blank\" rel=\"noopener\">Xang\u00f4<\/a>, conhe\u00e7a cada um dos Orix\u00e1s do Vale, clicando sobre o nome deles.<\/p>\n<h4><span style=\"color: #ff0000;\"><strong>Aten\u00e7\u00e3o: &#8211; <\/strong><span style=\"color: #000000;\">O Santu\u00e1rio Nacional da Umbanda \u00e9 uma reserva ecol\u00f3gica e, como tal, habitat de animais rasteiros e\u00a0<\/span><\/span><span style=\"color: #000000;\"><span style=\"caret-color: #000000;\">pe\u00e7onhentos. N\u00e3o ande descal\u00e7o, de sand\u00e1lias ou de chinelos. Utilize cal\u00e7ados fechados para evitar acidentes.<\/span><\/span><\/h4>\n<p><a href=\"http:\/\/santuariodeumbanda.com.br\/site\/wp-content\/uploads\/2018\/09\/Vale-016-rodape\u0301.jpeg\"><img loading=\"lazy\" decoding=\"async\" class=\"aligncenter size-full wp-image-906\" src=\"http:\/\/santuariodeumbanda.com.br\/site\/wp-content\/uploads\/2018\/09\/Vale-016-rodape\u0301.jpeg\" alt=\"\" width=\"640\" height=\"253\" srcset=\"https:\/\/santuariodeumbanda.com.br\/site\/wp-content\/uploads\/2018\/09\/Vale-016-rodape\u0301.jpeg 640w, https:\/\/santuariodeumbanda.com.br\/site\/wp-content\/uploads\/2018\/09\/Vale-016-rodape\u0301-600x237.jpeg 600w, https:\/\/santuariodeumbanda.com.br\/site\/wp-content\/uploads\/2018\/09\/Vale-016-rodape\u0301-300x119.jpeg 300w\" sizes=\"(max-width: 640px) 100vw, 640px\" \/><\/a><\/p>\n<p>&nbsp;<\/p>\n<p>Possui ainda um local destinado somente \u00e0s oferendas a Exu, que para n\u00f3s da Umbanda tem papel de mensageiro e n\u00e3o de Orix\u00e1, como cultuado nos Candombl\u00e9s. Para os Exus, temos um local especial dedicado, chamado de\u00a0<a href=\"http:\/\/santuariodeumbanda.com.br\/site\/locais-para-oferendas\/reino-dos-exus\/\" target=\"_blank\" rel=\"noopener\">Reino dos Exus<\/a>. Salientamos que por sermos uma \u00e1rea de preserva\u00e7\u00e3o ambiental n\u00e3o \u00e9 permitido oferenda com animais mortos, nem sacrif\u00edcio de animais no Santu\u00e1rio, de acordo com a legisla\u00e7\u00e3o local. Quem descumprir esta regra ficar\u00e1 impedido de entrar novamente no Santu\u00e1rio.<\/p>\n<p>Para cada Entidade de Umbanda, temos um cantinho de devo\u00e7\u00e3o. Assim os Preto-Velhos tem a <a href=\"http:\/\/santuariodeumbanda.com.br\/site\/locais-para-oferendas\/casa-dos-pretos-velhos\/\" target=\"_blank\" rel=\"noopener\">Casa dos Preto-Velhos<\/a>, os Baianos tem a <a href=\"http:\/\/santuariodeumbanda.com.br\/site\/locais-para-oferendas\/casa-dos-baianos\/\" target=\"_blank\" rel=\"noopener\">Pra\u00e7a dos Baianos<\/a>, os Ciganos tem a <a href=\"http:\/\/santuariodeumbanda.com.br\/site\/locais-para-oferendas\/praca-santa-sara-kali\/\" target=\"_blank\" rel=\"noopener\">Pra\u00e7a de Santa Sara Kali<\/a>, al\u00e9m dos pontos de for\u00e7a da natureza: <a href=\"http:\/\/santuariodeumbanda.com.br\/site\/locais-para-oferendas\/cachoeiras\/\" target=\"_blank\" rel=\"noopener\">cachoeiras de Oxum<\/a>, <a href=\"http:\/\/santuariodeumbanda.com.br\/site\/locais-para-oferendas\/lagos-de-nana\/\" target=\"_blank\" rel=\"noopener\">lagos de Nan\u00e3<\/a>, <a href=\"http:\/\/santuariodeumbanda.com.br\/site\/locais-para-oferendas\/pedreira\/\" target=\"_blank\" rel=\"noopener\">pedreira de Xang\u00f4<\/a>, <a href=\"http:\/\/santuariodeumbanda.com.br\/site\/locais-para-oferendas\/cruzeiro-das-almas\/\" target=\"_blank\" rel=\"noopener\">Cruzeiro das Almas<\/a>\u00a0de <a href=\"http:\/\/santuariodeumbanda.com.br\/site\/locais-para-oferendas\/vale-dos-orixas\/abaluaie\/\" target=\"_blank\" rel=\"noopener\">Abaluai\u00ea<\/a> e as <a href=\"http:\/\/santuariodeumbanda.com.br\/site\/locais-para-oferendas\/matas-preservadas\/\" target=\"_blank\" rel=\"noopener\">matas preservadas<\/a> de <a href=\"http:\/\/santuariodeumbanda.com.br\/site\/locais-para-oferendas\/vale-dos-orixas\/oxossi\/\" target=\"_blank\" rel=\"noopener\">Oxosse<\/a>.<\/p>\n<p>Suas oferendas poder\u00e3o ser depositadas\u00a0em torno de cada imagem, em local espec\u00edfico destinado para este fim. Possui tamb\u00e9m, pr\u00f3ximo a cada imagem, um espa\u00e7o delimitado para velas, que chamamos de <em>veleiros<\/em>, onde cada frequentador pode depositar suas velas e fazer suas ora\u00e7\u00f5es, de forma segura, evitando inc\u00eandios na mata e ajudando a preservar a natureza de nosso <a href=\"http:\/\/santuariodeumbanda.com.br\/site\/santuario-nacional-da-umbanda\/historia\/\">Santu\u00e1rio Nacional da Umbanda<\/a>.<\/p>\n<p>&nbsp;<\/p>\n<p><a href=\"http:\/\/santuariodeumbanda.com.br\/site\/wp-content\/uploads\/2018\/09\/veleiros.jpg\"><img loading=\"lazy\" decoding=\"async\" class=\"aligncenter size-full wp-image-908\" src=\"http:\/\/santuariodeumbanda.com.br\/site\/wp-content\/uploads\/2018\/09\/veleiros.jpg\" alt=\"\" width=\"640\" height=\"480\" srcset=\"https:\/\/santuariodeumbanda.com.br\/site\/wp-content\/uploads\/2018\/09\/veleiros.jpg 640w, https:\/\/santuariodeumbanda.com.br\/site\/wp-content\/uploads\/2018\/09\/veleiros-600x450.jpg 600w, https:\/\/santuariodeumbanda.com.br\/site\/wp-content\/uploads\/2018\/09\/veleiros-300x225.jpg 300w\" sizes=\"(max-width: 640px) 100vw, 640px\" \/><\/a><\/p>\n","protected":false},"excerpt":{"rendered":"<p>O Vale dos Orix\u00e1s\u00ae \u00e9 a marca registrada do Santu\u00e1rio Nacional da Umbanda, j\u00e1 que a \u00eanfase do Santu\u00e1rio \u00e9 o culto aos Orix\u00e1s. Possui, no meio do Vale, imagens gigantes dos 10 Orix\u00e1s de Umbanda &#8211; Abaluai\u00ea, Cosme e Dami\u00e3o,\u00a0Inha\u00e7\u00e3, Iemanj\u00e1, Nan\u00e3 Buruqu\u00ea\u00a0, Ogum , Oxal\u00e1, Oxosse, Oxum, Xang\u00f4, conhe\u00e7a cada um dos Orix\u00e1s [&hellip;]<\/p>\n","protected":false},"author":6,"featured_media":0,"parent":158,"menu_order":1,"comment_status":"closed","ping_status":"closed","template":"","meta":{"footnotes":""},"_links":{"self":[{"href":"https:\/\/santuariodeumbanda.com.br\/site\/wp-json\/wp\/v2\/pages\/129"}],"collection":[{"href":"https:\/\/santuariodeumbanda.com.br\/site\/wp-json\/wp\/v2\/pages"}],"about":[{"href":"https:\/\/santuariodeumbanda.com.br\/site\/wp-json\/wp\/v2\/types\/page"}],"author":[{"embeddable":true,"href":"https:\/\/santuariodeumbanda.com.br\/site\/wp-json\/wp\/v2\/users\/6"}],"replies":[{"embeddable":true,"href":"https:\/\/santuariodeumbanda.com.br\/site\/wp-json\/wp\/v2\/comments?post=129"}],"version-history":[{"count":20,"href":"https:\/\/santuariodeumbanda.com.br\/site\/wp-json\/wp\/v2\/pages\/129\/revisions"}],"predecessor-version":[{"id":4571,"href":"https:\/\/santuariodeumbanda.com.br\/site\/wp-json\/wp\/v2\/pages\/129\/revisions\/4571"}],"up":[{"embeddable":true,"href":"https:\/\/santuariodeumbanda.com.br\/site\/wp-json\/wp\/v2\/pages\/158"}],"wp:attachment":[{"href":"https:\/\/santuariodeumbanda.com.br\/site\/wp-json\/wp\/v2\/media?parent=129"}],"curies":[{"name":"wp","href":"https:\/\/api.w.org\/{rel}","templated":true}]}}