{"id":135,"date":"2018-09-09T14:40:50","date_gmt":"2018-09-09T17:40:50","guid":{"rendered":"http:\/\/santuariodeumbanda.com.br\/site\/?page_id=135"},"modified":"2018-11-14T20:59:12","modified_gmt":"2018-11-14T23:59:12","slug":"iansa","status":"publish","type":"page","link":"https:\/\/santuariodeumbanda.com.br\/site\/locais-para-oferendas\/vale-dos-orixas\/iansa\/","title":{"rendered":"Inha\u00e7a"},"content":{"rendered":"<p><a href=\"http:\/\/santuariodeumbanda.com.br\/site\/wp-content\/uploads\/2018\/09\/Inha\u00e7a-Santu\u00e1rio-Nacional-de-Umbanda-FUGABC.jpg\"><img loading=\"lazy\" decoding=\"async\" class=\"alignright size-medium wp-image-1205\" src=\"http:\/\/santuariodeumbanda.com.br\/site\/wp-content\/uploads\/2018\/09\/Inha\u00e7a-Santu\u00e1rio-Nacional-de-Umbanda-FUGABC-225x300.jpg\" alt=\"\" width=\"225\" height=\"300\" srcset=\"https:\/\/santuariodeumbanda.com.br\/site\/wp-content\/uploads\/2018\/09\/Inha\u00e7a-Santu\u00e1rio-Nacional-de-Umbanda-FUGABC-225x300.jpg 225w, https:\/\/santuariodeumbanda.com.br\/site\/wp-content\/uploads\/2018\/09\/Inha\u00e7a-Santu\u00e1rio-Nacional-de-Umbanda-FUGABC.jpg 600w\" sizes=\"(max-width: 225px) 100vw, 225px\" \/><\/a>Inha\u00e7a, Ian\u00e7a ou Ians\u00e3 \u00e9 a guerreira mais valente das <em>Yab\u00e1s<\/em> (Orix\u00e1s mulheres) com temperamento forte e personalidade marcante. Orix\u00e1 dos ventos e tempestades, divide com <a href=\"http:\/\/santuariodeumbanda.com.br\/site\/locais-para-oferendas\/vale-dos-orixas\/abaluaie\/\" target=\"_blank\" rel=\"noopener\">Abaluai\u00ea<\/a> o poder de encaminhar os mortos ao <em>Orum<\/em> (mundo espiritual). \u00c9 tamb\u00e9m conhecida como <em>Oy\u00e1<\/em>, a deusa do Rio Niger na \u00c1frica. Representa os raios de luz da manh\u00e3, sendo sempre a representa\u00e7\u00e3o majestosa da mulher.<\/p>\n<p>Na <strong>Mitologia Iorub\u00e1<\/strong>, Inha\u00e7\u00e3 casou-se com <a href=\"http:\/\/santuariodeumbanda.com.br\/site\/locais-para-oferendas\/vale-dos-orixas\/ogum\/\" target=\"_blank\" rel=\"noopener\">Ogum<\/a> depois dele descobrir seu segredo. Ela usava uma pele de b\u00fafalo e quando ia para a feira tirava suas vestes e virava uma linda mulher. Mas, ela n\u00e3o queria que ningu\u00e9m conhecesse seu lado animal, ent\u00e3o, aceitou casar com <a href=\"http:\/\/santuariodeumbanda.com.br\/site\/locais-para-oferendas\/vale-dos-orixas\/ogum\/\" target=\"_blank\" rel=\"noopener\">Ogum<\/a>, se ele n\u00e3o revelasse o segredo dela para ningu\u00e9m. Inha\u00e7\u00e3 teve 9 filhos. Inha\u00e7\u00e3 quer dizer &#8220;m\u00e3e de 9 filhos&#8221; e tamb\u00e9m transformou-se no vento, por isso \u00e9 a regente do elemento ar em movimento e do fogo.<\/p>\n<p><a href=\"http:\/\/santuariodeumbanda.com.br\/site\/wp-content\/uploads\/2018\/09\/Ians\u00e3-Santu\u00e1rio-Nacional-de-Umbanda-FUGABC.jpg\"><img loading=\"lazy\" decoding=\"async\" class=\"size-medium wp-image-1202 alignleft\" src=\"http:\/\/santuariodeumbanda.com.br\/site\/wp-content\/uploads\/2018\/09\/Ians\u00e3-Santu\u00e1rio-Nacional-de-Umbanda-FUGABC-225x300.jpg\" alt=\"\" width=\"225\" height=\"300\" srcset=\"https:\/\/santuariodeumbanda.com.br\/site\/wp-content\/uploads\/2018\/09\/Ians\u00e3-Santu\u00e1rio-Nacional-de-Umbanda-FUGABC-225x300.jpg 225w, https:\/\/santuariodeumbanda.com.br\/site\/wp-content\/uploads\/2018\/09\/Ians\u00e3-Santu\u00e1rio-Nacional-de-Umbanda-FUGABC.jpg 600w\" sizes=\"(max-width: 225px) 100vw, 225px\" \/><\/a>Inha\u00e7\u00e3 \u00e9 o grande amor de <a href=\"http:\/\/santuariodeumbanda.com.br\/site\/locais-para-oferendas\/vale-dos-orixas\/xango\/\" target=\"_blank\" rel=\"noopener\">Xang\u00f4<\/a>, o qual a roubou de <a href=\"http:\/\/santuariodeumbanda.com.br\/site\/locais-para-oferendas\/vale-dos-orixas\/ogum\/\" target=\"_blank\" rel=\"noopener\">Ogum<\/a>. Por <a href=\"http:\/\/santuariodeumbanda.com.br\/site\/locais-para-oferendas\/vale-dos-orixas\/xango\/\" target=\"_blank\" rel=\"noopener\">Xang\u00f4<\/a> controlar os raios e eles sempre virem junto \u00e0s tempestades de vento e chuva, diz-se que o raio \u00e9 tamb\u00e9m de Inha\u00e7\u00e3, sua amada. Inha\u00e7\u00e3 vive fortes paix\u00f5es e a intensidade \u00e9 sua marca, em tudo que faz.<\/p>\n<p>No <strong>sincretismo religioso,<\/strong> Inha\u00e7\u00e3 \u00e9 Santa B\u00e1rbara, a jovem nascida na cidade de Nicom\u00e9dia &#8211; Bit\u00ednia, (atual Izmit &#8211; Turquia). Por acreditar fielmente em Jesus e professar seus ensinamentos foi condenada a tortura e morte. Ela se recusou a negar Jesus, mesmo sofrendo as piores torturas e foi degolada pelo pr\u00f3prio pai, Di\u00f3scoro, que se negou a aceitar a f\u00e9 da filha. Quando ele a decapitou, um raio o matou na hora e ela ficou conhecida como &#8220;protetora contra rel\u00e2mpagos e tempestades&#8221;.<\/p>\n<p>&nbsp;<\/p>\n<h3>Oferendas e Sauda\u00e7\u00e3o<\/h3>\n<p>As oferendas \u00e0 Inha\u00e7\u00e3 s\u00e3o o acaraj\u00e9 (bolinho frito no azeite de dend\u00ea, feito de feij\u00e3o), o vinho ros\u00e9 e as velas e flores amarelas. As cores na Umbanda \u00e9 o amarelo ouro (do raio da manh\u00e3) apesar de alguns templos utilizarem o vermelho e o marrom (cor utilizada no Candombl\u00e9).<\/p>\n<p>Seu dia de homenagens \u00e9 04 de dezembro e sua sauda\u00e7\u00e3o &#8220;<strong>Epahey Oy\u00e1!<\/strong>&#8221; (pronuncia-se <em>eparrei oi\u00e1<\/em>). Seus s\u00edmbolos \u00e9 a espada, o chifre de boi e o <em>Eruexim<\/em> (rabo de cavalo), com o qual controla e afasta o esp\u00edrito dos mortos. Seu dia da semana \u00e9 quarta-feira.<\/p>\n","protected":false},"excerpt":{"rendered":"<p>Inha\u00e7a, Ian\u00e7a ou Ians\u00e3 \u00e9 a guerreira mais valente das Yab\u00e1s (Orix\u00e1s mulheres) com temperamento forte e personalidade marcante. Orix\u00e1 dos ventos e tempestades, divide com Abaluai\u00ea o poder de encaminhar os mortos ao Orum (mundo espiritual). \u00c9 tamb\u00e9m conhecida como Oy\u00e1, a deusa do Rio Niger na \u00c1frica. Representa os raios de luz da [&hellip;]<\/p>\n","protected":false},"author":6,"featured_media":0,"parent":129,"menu_order":2,"comment_status":"closed","ping_status":"closed","template":"","meta":{"footnotes":""},"_links":{"self":[{"href":"https:\/\/santuariodeumbanda.com.br\/site\/wp-json\/wp\/v2\/pages\/135"}],"collection":[{"href":"https:\/\/santuariodeumbanda.com.br\/site\/wp-json\/wp\/v2\/pages"}],"about":[{"href":"https:\/\/santuariodeumbanda.com.br\/site\/wp-json\/wp\/v2\/types\/page"}],"author":[{"embeddable":true,"href":"https:\/\/santuariodeumbanda.com.br\/site\/wp-json\/wp\/v2\/users\/6"}],"replies":[{"embeddable":true,"href":"https:\/\/santuariodeumbanda.com.br\/site\/wp-json\/wp\/v2\/comments?post=135"}],"version-history":[{"count":23,"href":"https:\/\/santuariodeumbanda.com.br\/site\/wp-json\/wp\/v2\/pages\/135\/revisions"}],"predecessor-version":[{"id":1465,"href":"https:\/\/santuariodeumbanda.com.br\/site\/wp-json\/wp\/v2\/pages\/135\/revisions\/1465"}],"up":[{"embeddable":true,"href":"https:\/\/santuariodeumbanda.com.br\/site\/wp-json\/wp\/v2\/pages\/129"}],"wp:attachment":[{"href":"https:\/\/santuariodeumbanda.com.br\/site\/wp-json\/wp\/v2\/media?parent=135"}],"curies":[{"name":"wp","href":"https:\/\/api.w.org\/{rel}","templated":true}]}}