{"id":139,"date":"2018-09-09T14:43:03","date_gmt":"2018-09-09T17:43:03","guid":{"rendered":"http:\/\/santuariodeumbanda.com.br\/site\/?page_id=139"},"modified":"2018-11-14T21:01:15","modified_gmt":"2018-11-15T00:01:15","slug":"oxum","status":"publish","type":"page","link":"https:\/\/santuariodeumbanda.com.br\/site\/locais-para-oferendas\/vale-dos-orixas\/oxum\/","title":{"rendered":"Oxum"},"content":{"rendered":"<p><a href=\"http:\/\/santuariodeumbanda.com.br\/site\/wp-content\/uploads\/2018\/09\/Oxum-Santu\u00e1rio-Nacional-de-Umbanda-FUGABC.jpg\"><img loading=\"lazy\" decoding=\"async\" class=\"alignright size-medium wp-image-1210\" src=\"http:\/\/santuariodeumbanda.com.br\/site\/wp-content\/uploads\/2018\/09\/Oxum-Santu\u00e1rio-Nacional-de-Umbanda-FUGABC-225x300.jpg\" alt=\"\" width=\"225\" height=\"300\" srcset=\"https:\/\/santuariodeumbanda.com.br\/site\/wp-content\/uploads\/2018\/09\/Oxum-Santu\u00e1rio-Nacional-de-Umbanda-FUGABC-225x300.jpg 225w, https:\/\/santuariodeumbanda.com.br\/site\/wp-content\/uploads\/2018\/09\/Oxum-Santu\u00e1rio-Nacional-de-Umbanda-FUGABC.jpg 600w\" sizes=\"(max-width: 225px) 100vw, 225px\" \/><\/a>Oxum \u00e9 a Senhora das \u00c1guas Doces, a grande m\u00e3e do amor e da fertilidade. Sua energia \u00e9 de uma jovem princesa, cercada de ouro e abund\u00e2ncia. A do\u00e7ura e amorosidade \u00e9 sua marca, por isso \u00e9 comum que seus filhos sejam chor\u00f5es e muito vaidosos. Seus dom\u00ednios s\u00e3o as cachoeiras e os rios. Oxum representa a beleza, a juventude, a vaidade e a plenitude do amor. Por isso, costuma ser solicitada para resolver problemas amorosos e financeiros. Oxum comp\u00f4e a primeira parte da Terceira Linha de Umbanda que termina em <a href=\"http:\/\/santuariodeumbanda.com.br\/site\/locais-para-oferendas\/vale-dos-orixas\/iemanja\/\" target=\"_blank\" rel=\"noopener\">Iemanj\u00e1<\/a>.<\/p>\n<p>Na <strong>mitologia Iorub\u00e1<\/strong>, Oxum \u00e9 filha de <a href=\"http:\/\/santuariodeumbanda.com.br\/site\/locais-para-oferendas\/vale-dos-orixas\/iemanja\/\" target=\"_blank\" rel=\"noopener\">Iemanj\u00e1<\/a>\u00a0com <em>Orunmil\u00e1<\/em> (o advinho) e \u00e9 uma das esposas de <a href=\"http:\/\/santuariodeumbanda.com.br\/site\/locais-para-oferendas\/vale-dos-orixas\/xango\/\" target=\"_blank\" rel=\"noopener\">Xang\u00f4<\/a>, al\u00e9m de <a href=\"http:\/\/santuariodeumbanda.com.br\/site\/locais-para-oferendas\/vale-dos-orixas\/iansa\/\" target=\"_blank\" rel=\"noopener\">Ians\u00e3 <\/a>e <em>Ob\u00e1<\/em>. Foi criada com muito mimo e cheia de vontades pelo seu pai. \u00c9 uma Orix\u00e1 bel\u00edssima e muito sedutora. Seduziu <a href=\"http:\/\/santuariodeumbanda.com.br\/site\/locais-para-oferendas\/vale-dos-orixas\/xango\/\" target=\"_blank\" rel=\"noopener\">Xang\u00f4<\/a>, a quem entregou tudo que tinha para obter o seu amor. Os <em>It\u00e3s<\/em>\u00a0(hist\u00f3rias) contam que ela queria muito aprender os segredos de If\u00e1 e seu pai\u00a0<em>Orumnil\u00e1<\/em>\u00a0lhe negou. At\u00e9 que ela conseguiu seduzir <a href=\"http:\/\/santuariodeumbanda.com.br\/site\/locais-para-oferendas\/reino-dos-exus\/\" target=\"_blank\" rel=\"noopener\">Exu<\/a>, com quem se deitou e aprendeu todos os mist\u00e9rios do or\u00e1culo. Por isso, Oxum det\u00e9m o conhecimento de If\u00e1. Seu nome deriva do Rio Osun, na Nig\u00e9ria.<\/p>\n<p>No <strong>sincretismo religioso<\/strong>, Oxum representa diversas &#8220;Nossa Senhoras&#8221;, a exemplo de Nossa Senhora Aparecida, para os baianos e Nossa Senhora da Concei\u00e7\u00e3o para os paulistanos e cariocas. Ambas representam a figura da Virgem Maria, santa e pura, como o cora\u00e7\u00e3o de Oxum. Nossa Senhora Aparecida \u00e9 a padroeira do Brasil e seu dia, 12 de outubro, \u00e9 feriado nacional. Nossa Senhora da Imaculada Concei\u00e7\u00e3o \u00e9 celebrada dia 08 de dezembro, tamb\u00e9m sincretizada com <a href=\"http:\/\/santuariodeumbanda.com.br\/site\/locais-para-oferendas\/vale-dos-orixas\/iemanja\/\" target=\"_blank\" rel=\"noopener\">Iemanj\u00e1<\/a>.<\/p>\n<p>&nbsp;<\/p>\n<h3><a href=\"http:\/\/santuariodeumbanda.com.br\/site\/wp-content\/uploads\/2018\/09\/Oxum-2-Santu\u00e1rio-Nacional-de-Umbanda-FUGABC.jpg\"><img loading=\"lazy\" decoding=\"async\" class=\"size-medium wp-image-1211 alignleft\" src=\"http:\/\/santuariodeumbanda.com.br\/site\/wp-content\/uploads\/2018\/09\/Oxum-2-Santu\u00e1rio-Nacional-de-Umbanda-FUGABC-300x225.jpg\" alt=\"\" width=\"300\" height=\"225\" srcset=\"https:\/\/santuariodeumbanda.com.br\/site\/wp-content\/uploads\/2018\/09\/Oxum-2-Santu\u00e1rio-Nacional-de-Umbanda-FUGABC-300x225.jpg 300w, https:\/\/santuariodeumbanda.com.br\/site\/wp-content\/uploads\/2018\/09\/Oxum-2-Santu\u00e1rio-Nacional-de-Umbanda-FUGABC-600x450.jpg 600w, https:\/\/santuariodeumbanda.com.br\/site\/wp-content\/uploads\/2018\/09\/Oxum-2-Santu\u00e1rio-Nacional-de-Umbanda-FUGABC-768x576.jpg 768w, https:\/\/santuariodeumbanda.com.br\/site\/wp-content\/uploads\/2018\/09\/Oxum-2-Santu\u00e1rio-Nacional-de-Umbanda-FUGABC.jpg 800w\" sizes=\"(max-width: 300px) 100vw, 300px\" \/><\/a>Oferendas e Sauda\u00e7\u00e3o<\/h3>\n<p>As oferendas para Oxum s\u00e3o o feij\u00e3o fradinho e frutas como p\u00eassego, mel\u00e3o amarelo e banana ouro e devem ser entregues perto de nascentes e cachoeiras, bem como rosas ou palmas amarelas. No <a href=\"http:\/\/santuariodeumbanda.com.br\/site\/santuario-nacional-da-umbanda\/historia\/\" target=\"_blank\" rel=\"noopener\">Santu\u00e1rio Nacional de Umbanda<\/a>, devem ser entregues pr\u00f3ximo ao monumento de Oxum j\u00e1 que as <a href=\"http:\/\/santuariodeumbanda.com.br\/site\/locais-para-oferendas\/cachoeiras\/\" target=\"_blank\" rel=\"noopener\">cachoeiras<\/a> s\u00e3o apenas para banhar-se e devem ser preservadas. Sua cor e vela na umbanda s\u00e3o azuis, apesar de alguns templos usarem o amarelo (mais comum no Candombl\u00e9). Seu s\u00edmbolo \u00e9 a <em>abeb\u00e9<\/em> (leque em forma circular que pode vir com espelho). Seu dia da semana \u00e9 s\u00e1bado e sua sauda\u00e7\u00e3o &#8220;<strong>Ai\u00ea ieu&#8221;<\/strong> Mam\u00e3e Oxum.<\/p>\n<p>&nbsp;<\/p>\n","protected":false},"excerpt":{"rendered":"<p>Oxum \u00e9 a Senhora das \u00c1guas Doces, a grande m\u00e3e do amor e da fertilidade. Sua energia \u00e9 de uma jovem princesa, cercada de ouro e abund\u00e2ncia. A do\u00e7ura e amorosidade \u00e9 sua marca, por isso \u00e9 comum que seus filhos sejam chor\u00f5es e muito vaidosos. Seus dom\u00ednios s\u00e3o as cachoeiras e os rios. Oxum [&hellip;]<\/p>\n","protected":false},"author":6,"featured_media":0,"parent":129,"menu_order":4,"comment_status":"closed","ping_status":"closed","template":"","meta":{"footnotes":""},"_links":{"self":[{"href":"https:\/\/santuariodeumbanda.com.br\/site\/wp-json\/wp\/v2\/pages\/139"}],"collection":[{"href":"https:\/\/santuariodeumbanda.com.br\/site\/wp-json\/wp\/v2\/pages"}],"about":[{"href":"https:\/\/santuariodeumbanda.com.br\/site\/wp-json\/wp\/v2\/types\/page"}],"author":[{"embeddable":true,"href":"https:\/\/santuariodeumbanda.com.br\/site\/wp-json\/wp\/v2\/users\/6"}],"replies":[{"embeddable":true,"href":"https:\/\/santuariodeumbanda.com.br\/site\/wp-json\/wp\/v2\/comments?post=139"}],"version-history":[{"count":14,"href":"https:\/\/santuariodeumbanda.com.br\/site\/wp-json\/wp\/v2\/pages\/139\/revisions"}],"predecessor-version":[{"id":1470,"href":"https:\/\/santuariodeumbanda.com.br\/site\/wp-json\/wp\/v2\/pages\/139\/revisions\/1470"}],"up":[{"embeddable":true,"href":"https:\/\/santuariodeumbanda.com.br\/site\/wp-json\/wp\/v2\/pages\/129"}],"wp:attachment":[{"href":"https:\/\/santuariodeumbanda.com.br\/site\/wp-json\/wp\/v2\/media?parent=139"}],"curies":[{"name":"wp","href":"https:\/\/api.w.org\/{rel}","templated":true}]}}