{"id":141,"date":"2018-09-09T14:43:25","date_gmt":"2018-09-09T17:43:25","guid":{"rendered":"http:\/\/santuariodeumbanda.com.br\/site\/?page_id=141"},"modified":"2018-11-14T11:42:03","modified_gmt":"2018-11-14T14:42:03","slug":"iemanja","status":"publish","type":"page","link":"https:\/\/santuariodeumbanda.com.br\/site\/locais-para-oferendas\/vale-dos-orixas\/iemanja\/","title":{"rendered":"Iemanj\u00e1"},"content":{"rendered":"<p><a href=\"http:\/\/santuariodeumbanda.com.br\/site\/wp-content\/uploads\/2018\/09\/Iemanj\u00e1-Santu\u00e1rio-Nacional-de-Umbanda-FUGABC.jpg\"><img loading=\"lazy\" decoding=\"async\" class=\"alignright size-medium wp-image-1203\" src=\"http:\/\/santuariodeumbanda.com.br\/site\/wp-content\/uploads\/2018\/09\/Iemanj\u00e1-Santu\u00e1rio-Nacional-de-Umbanda-FUGABC-300x225.jpg\" alt=\"\" width=\"300\" height=\"225\" srcset=\"https:\/\/santuariodeumbanda.com.br\/site\/wp-content\/uploads\/2018\/09\/Iemanj\u00e1-Santu\u00e1rio-Nacional-de-Umbanda-FUGABC-300x225.jpg 300w, https:\/\/santuariodeumbanda.com.br\/site\/wp-content\/uploads\/2018\/09\/Iemanj\u00e1-Santu\u00e1rio-Nacional-de-Umbanda-FUGABC-600x450.jpg 600w, https:\/\/santuariodeumbanda.com.br\/site\/wp-content\/uploads\/2018\/09\/Iemanj\u00e1-Santu\u00e1rio-Nacional-de-Umbanda-FUGABC-768x576.jpg 768w, https:\/\/santuariodeumbanda.com.br\/site\/wp-content\/uploads\/2018\/09\/Iemanj\u00e1-Santu\u00e1rio-Nacional-de-Umbanda-FUGABC.jpg 800w\" sizes=\"(max-width: 300px) 100vw, 300px\" \/><\/a>Iemanj\u00e1 \u00e9 a\u00a0<em>Yab\u00e1<\/em>\u00a0(Orix\u00e1 Feminino) mais popular no Brasil. Junto com <em><a href=\"http:\/\/santuariodeumbanda.com.br\/site\/locais-para-oferendas\/vale-dos-orixas\/oxum\/\" target=\"_blank\" rel=\"noopener\">Oxum<\/a><\/em> representa a Terceira Linha da Umbanda. Iemanj\u00e1 simboliza o amor maternal e puro, a fertilidade e a abund\u00e2ncia. Sua imagem \u00e9 de uma linda mulher com cabelos longos. Diz-se que Iemanj\u00e1 \u00e9 vaidosa e gosta de receber presentes como perfumes e flores.<\/p>\n<p>Na\u00a0<strong>mitologia Iorub\u00e1<\/strong>, Iemanj\u00e1 teria ajudado <em>Olodumare<\/em> (Deus) na cria\u00e7\u00e3o do mundo e de seu ventre nasceram quase todos os Orix\u00e1s, por isso ela \u00e9\u00a0considerada a &#8220;A Grande M\u00e3e&#8221;. Ela tamb\u00e9m \u00e9 considerada &#8220;a protetora de todas as cabe\u00e7as&#8221;, desta forma, na cerim\u00f4nia de Bori no Candombl\u00e9, sempre rende-se homenagem a Iemanj\u00e1.<\/p>\n<p><strong>No Sincretismo religioso,<\/strong> ela representa Nossa Senhora da Concei\u00e7\u00e3o, ou a Imaculada Concei\u00e7\u00e3o, a Virgem Sant\u00edssima, m\u00e3e de Jesus, aquela que foi concebida sem pecados. E tamb\u00e9m Nossa Senhora dos Navegantes, a padroeira dos pescadores.<\/p>\n<p>Seus cultos s\u00e3o tradicionais na Bahia, no dia 2 de fevereiro (Festa de Iemanj\u00e1 em Salvador) e no dia 08 de dezembro (missa de Nossa Senhora da Concei\u00e7\u00e3o). Em S\u00e3o Paulo, as homenagens a Iemanj\u00e1 acontecem no dia 02 de fevereiro, pelos Candomblecistas e 08 de dezembro, pelos Umbandistas na Baixada Santista. No Rio de Janeiro, as homenagens a Iemanj\u00e1 s\u00e3o celebradas no dia 31 de dezembro.\u00a0 A <a href=\"http:\/\/santuariodeumbanda.com.br\/site\/santuario-nacional-da-umbanda\/federacao-umbandista-do-grande-abc-fugabc\/\" target=\"_blank\" rel=\"noopener\">Federa\u00e7\u00e3o Umbandista do Grande ABC<\/a> organiza o evento na Praia de Mongagu\u00e1, h\u00e1 mais de 30 anos, com participa\u00e7\u00e3o de milhares de Umbandistas todos os anos.<\/p>\n<p>&nbsp;<\/p>\n<h3><a href=\"http:\/\/santuariodeumbanda.com.br\/site\/wp-content\/uploads\/2018\/09\/Iemanj\u00e1-2-Santu\u00e1rio-Nacional-de-Umbanda-FUGABC.jpg\"><img loading=\"lazy\" decoding=\"async\" class=\"size-medium wp-image-1204 alignleft\" src=\"http:\/\/santuariodeumbanda.com.br\/site\/wp-content\/uploads\/2018\/09\/Iemanj\u00e1-2-Santu\u00e1rio-Nacional-de-Umbanda-FUGABC-300x225.jpg\" alt=\"\" width=\"300\" height=\"225\" srcset=\"https:\/\/santuariodeumbanda.com.br\/site\/wp-content\/uploads\/2018\/09\/Iemanj\u00e1-2-Santu\u00e1rio-Nacional-de-Umbanda-FUGABC-300x225.jpg 300w, https:\/\/santuariodeumbanda.com.br\/site\/wp-content\/uploads\/2018\/09\/Iemanj\u00e1-2-Santu\u00e1rio-Nacional-de-Umbanda-FUGABC-600x450.jpg 600w, https:\/\/santuariodeumbanda.com.br\/site\/wp-content\/uploads\/2018\/09\/Iemanj\u00e1-2-Santu\u00e1rio-Nacional-de-Umbanda-FUGABC-768x576.jpg 768w, https:\/\/santuariodeumbanda.com.br\/site\/wp-content\/uploads\/2018\/09\/Iemanj\u00e1-2-Santu\u00e1rio-Nacional-de-Umbanda-FUGABC.jpg 800w\" sizes=\"(max-width: 300px) 100vw, 300px\" \/><\/a>Oferendas e Sauda\u00e7\u00e3o<\/h3>\n<p>As oferendas a Iemanj\u00e1 geralmente s\u00e3o entregues no mar <em>(calunga grande) <\/em>ou no <a href=\"http:\/\/santuariodeumbanda.com.br\/site\/santuario-nacional-da-umbanda\/\" target=\"_blank\" rel=\"noopener\">Santu\u00e1rio Nacional da Umbanda<\/a>, na pra\u00e7a de Iemanj\u00e1. Antigamente, levava-se ao mar barquinhos de madeira, com perfumes, rosas, sabonetes e espelhos. Esses barquinho chegavam as praias e viravam brinquedos dos filhos de pescadores. Contudo, com o passar dos anos e populariza\u00e7\u00e3o do culto criou-se os barquinhos de isopor. O n\u00famero de fi\u00e9is cresceu exponencialmente e \u00e9 infinitamente maior do que a popula\u00e7\u00e3o de filhos de pescadores. Por quest\u00f5es ecol\u00f3gicas \u00f3bvias (o isopor pode levar at\u00e9 150 anos para se decompor), extinguimos a entrega de barquinhos, respeitando nosso <strong><a href=\"http:\/\/santuariodeumbanda.com.br\/site\/quem-somos\/compromisso-ambiental\/\" target=\"_blank\" rel=\"noopener\">compromisso ambiental<\/a>.<\/strong><\/p>\n<p>Normalmente, oferece-se rosas brancas ou azuis, perfume de alfazema (sem o frasco) e champanhe branca (sem a garrafa). O dia da semana \u00e9 s\u00e1bado e a cor \u00e9 o azul. A sauda\u00e7\u00e3o \u00e9 &#8220;<strong>Odoy\u00e1<\/strong>&#8221; e as velas entregues s\u00e3o azuis e brancas.<\/p>\n","protected":false},"excerpt":{"rendered":"<p>Iemanj\u00e1 \u00e9 a\u00a0Yab\u00e1\u00a0(Orix\u00e1 Feminino) mais popular no Brasil. Junto com Oxum representa a Terceira Linha da Umbanda. Iemanj\u00e1 simboliza o amor maternal e puro, a fertilidade e a abund\u00e2ncia. Sua imagem \u00e9 de uma linda mulher com cabelos longos. Diz-se que Iemanj\u00e1 \u00e9 vaidosa e gosta de receber presentes como perfumes e flores. Na\u00a0mitologia Iorub\u00e1, [&hellip;]<\/p>\n","protected":false},"author":6,"featured_media":0,"parent":129,"menu_order":5,"comment_status":"closed","ping_status":"closed","template":"","meta":{"footnotes":""},"_links":{"self":[{"href":"https:\/\/santuariodeumbanda.com.br\/site\/wp-json\/wp\/v2\/pages\/141"}],"collection":[{"href":"https:\/\/santuariodeumbanda.com.br\/site\/wp-json\/wp\/v2\/pages"}],"about":[{"href":"https:\/\/santuariodeumbanda.com.br\/site\/wp-json\/wp\/v2\/types\/page"}],"author":[{"embeddable":true,"href":"https:\/\/santuariodeumbanda.com.br\/site\/wp-json\/wp\/v2\/users\/6"}],"replies":[{"embeddable":true,"href":"https:\/\/santuariodeumbanda.com.br\/site\/wp-json\/wp\/v2\/comments?post=141"}],"version-history":[{"count":22,"href":"https:\/\/santuariodeumbanda.com.br\/site\/wp-json\/wp\/v2\/pages\/141\/revisions"}],"predecessor-version":[{"id":1440,"href":"https:\/\/santuariodeumbanda.com.br\/site\/wp-json\/wp\/v2\/pages\/141\/revisions\/1440"}],"up":[{"embeddable":true,"href":"https:\/\/santuariodeumbanda.com.br\/site\/wp-json\/wp\/v2\/pages\/129"}],"wp:attachment":[{"href":"https:\/\/santuariodeumbanda.com.br\/site\/wp-json\/wp\/v2\/media?parent=141"}],"curies":[{"name":"wp","href":"https:\/\/api.w.org\/{rel}","templated":true}]}}