{"id":143,"date":"2018-09-09T14:43:44","date_gmt":"2018-09-09T17:43:44","guid":{"rendered":"http:\/\/santuariodeumbanda.com.br\/site\/?page_id=143"},"modified":"2018-11-14T21:00:45","modified_gmt":"2018-11-15T00:00:45","slug":"oxossi","status":"publish","type":"page","link":"https:\/\/santuariodeumbanda.com.br\/site\/locais-para-oferendas\/vale-dos-orixas\/oxossi\/","title":{"rendered":"Oxosse"},"content":{"rendered":"<p><a href=\"http:\/\/santuariodeumbanda.com.br\/site\/wp-content\/uploads\/2018\/09\/oxossi.jpeg\"><img loading=\"lazy\" decoding=\"async\" class=\"alignright size-medium wp-image-894\" src=\"http:\/\/santuariodeumbanda.com.br\/site\/wp-content\/uploads\/2018\/09\/oxossi-300x225.jpeg\" alt=\"\" width=\"300\" height=\"225\" srcset=\"https:\/\/santuariodeumbanda.com.br\/site\/wp-content\/uploads\/2018\/09\/oxossi-300x225.jpeg 300w, https:\/\/santuariodeumbanda.com.br\/site\/wp-content\/uploads\/2018\/09\/oxossi-600x450.jpeg 600w, https:\/\/santuariodeumbanda.com.br\/site\/wp-content\/uploads\/2018\/09\/oxossi.jpeg 640w\" sizes=\"(max-width: 300px) 100vw, 300px\" \/><\/a>Ox\u00f3ssi ou Oxosse, tamb\u00e9m conhecido como <em>Od\u00e9<\/em>, \u00e9 o Rei das Matas. Guardi\u00e3o dos mist\u00e9rios da floresta, Oxosse \u00e9 ca\u00e7ador por excel\u00eancia e possui grande poder de cura, j\u00e1 que domina o conhecimento sobre as ervas. Seu temperamento \u00e9 jovial, de cora\u00e7\u00e3o puro e altamente altru\u00edsta, ou seja, pensa mais nos outros do que em si mesmo. Oxosse representa o esp\u00edrito da honestidade, aquele aliado da justi\u00e7a que deseja transformar o mundo em um local melhor para se conviver. Ele constitui a Quarta Linha de Umbanda.<\/p>\n<p>Na <strong>mitologia Iorub\u00e1<\/strong>, Oxosse \u00e9 o irm\u00e3o mais novo de <a href=\"http:\/\/santuariodeumbanda.com.br\/site\/locais-para-oferendas\/vale-dos-orixas\/ogum\/\" target=\"_blank\" rel=\"noopener\">Ogum,<\/a> com quem aprendeu a ca\u00e7ar, a abrir caminhos nas florestas e matas cerradas. Oxosse foi casado com <a href=\"http:\/\/santuariodeumbanda.com.br\/site\/locais-para-oferendas\/vale-dos-orixas\/oxum\/\" target=\"_blank\" rel=\"noopener\">Oxum<\/a>, que o abandonou por ele ter desobedecido a lei de n\u00e3o ca\u00e7ar determinado dia. Mas, Oxosse quer sempre ca\u00e7ar e ganhou de <em>Orunmil\u00e1<\/em> (o advinho) a cidade de <em>Queto ou Ketu<\/em>\u00a0 na Rep\u00fablica do Benim, para governar at\u00e9 a sua morte. Oxosse \u00e9 tamb\u00e9m considerado<em> Rei de Oy\u00f3<\/em>, cidade e estado com o mesmo nome, na Nig\u00e9ria.<\/p>\n<p>No <strong>sincretismo religioso<\/strong>, Oxosse representa S\u00e3o Sebasti\u00e3o, soldado que entrou para o ex\u00e9rcito romano para resgatar a f\u00e9 crist\u00e3 nos cora\u00e7\u00f5es do povo. Apesar de ser querido do imperador Deocleciano, foi condenado a morte por ser considerado traidor, pois abrandava o sofrimento dos crist\u00e3os presos. Foi executado com flechadas e seu corpo jogado no rio, mas n\u00e3o morreu. Socorrido por Santa Irene, Oxosse, ainda com vida, retorna ao Imperador que o manda matar por espancamento. S\u00e3o Sebasti\u00e3o \u00e9 considerado santo e m\u00e1rtir da Igreja Cat\u00f3lica e Ortodoxa. Na Bahia, Oxosse sincretiza-se com S\u00e3o Jorge, o guerreiro mais conhecido no Rio de Janeiro e em S\u00e3o Paulo como <a href=\"http:\/\/santuariodeumbanda.com.br\/site\/locais-para-oferendas\/vale-dos-orixas\/ogum\/\" target=\"_blank\" rel=\"noopener\">Ogum<\/a>.<\/p>\n<p>&nbsp;<\/p>\n<h3>Oferendas e Sauda\u00e7\u00e3o<\/h3>\n<p>A cor de Oxosse \u00e9 o verde das matas e seu dia da semana \u00e9 quinta-feira. \u00c9 o patrono das linhas dos caboclos, por isso, as oferendas aos Caboclos devem ser entregues pr\u00f3ximo ao monumento de Oxosse. Suas homenagens s\u00e3o prestadas no dia 20 de janeiro, dia de S\u00e3o Sebasti\u00e3o. Seu instrumento e s\u00edmbolo \u00e9 o arco e flecha em ferro fundido e seu dom\u00ednio as matas. Suas velas s\u00e3o brancas e verde e as oferendas s\u00e3o frutas, milho cozido, cerveja servida em coit\u00e9 e ervas e plantas verdes. A sauda\u00e7\u00e3o \u00e9 &#8220;<strong>Ok\u00e9 Ar\u00f4&#8221;<\/strong><\/p>\n","protected":false},"excerpt":{"rendered":"<p>Ox\u00f3ssi ou Oxosse, tamb\u00e9m conhecido como Od\u00e9, \u00e9 o Rei das Matas. Guardi\u00e3o dos mist\u00e9rios da floresta, Oxosse \u00e9 ca\u00e7ador por excel\u00eancia e possui grande poder de cura, j\u00e1 que domina o conhecimento sobre as ervas. Seu temperamento \u00e9 jovial, de cora\u00e7\u00e3o puro e altamente altru\u00edsta, ou seja, pensa mais nos outros do que em [&hellip;]<\/p>\n","protected":false},"author":6,"featured_media":0,"parent":129,"menu_order":6,"comment_status":"closed","ping_status":"closed","template":"","meta":{"footnotes":""},"_links":{"self":[{"href":"https:\/\/santuariodeumbanda.com.br\/site\/wp-json\/wp\/v2\/pages\/143"}],"collection":[{"href":"https:\/\/santuariodeumbanda.com.br\/site\/wp-json\/wp\/v2\/pages"}],"about":[{"href":"https:\/\/santuariodeumbanda.com.br\/site\/wp-json\/wp\/v2\/types\/page"}],"author":[{"embeddable":true,"href":"https:\/\/santuariodeumbanda.com.br\/site\/wp-json\/wp\/v2\/users\/6"}],"replies":[{"embeddable":true,"href":"https:\/\/santuariodeumbanda.com.br\/site\/wp-json\/wp\/v2\/comments?post=143"}],"version-history":[{"count":16,"href":"https:\/\/santuariodeumbanda.com.br\/site\/wp-json\/wp\/v2\/pages\/143\/revisions"}],"predecessor-version":[{"id":1469,"href":"https:\/\/santuariodeumbanda.com.br\/site\/wp-json\/wp\/v2\/pages\/143\/revisions\/1469"}],"up":[{"embeddable":true,"href":"https:\/\/santuariodeumbanda.com.br\/site\/wp-json\/wp\/v2\/pages\/129"}],"wp:attachment":[{"href":"https:\/\/santuariodeumbanda.com.br\/site\/wp-json\/wp\/v2\/media?parent=143"}],"curies":[{"name":"wp","href":"https:\/\/api.w.org\/{rel}","templated":true}]}}