{"id":147,"date":"2018-09-09T14:44:26","date_gmt":"2018-09-09T17:44:26","guid":{"rendered":"http:\/\/santuariodeumbanda.com.br\/site\/?page_id=147"},"modified":"2018-11-14T11:43:32","modified_gmt":"2018-11-14T14:43:32","slug":"xango","status":"publish","type":"page","link":"https:\/\/santuariodeumbanda.com.br\/site\/locais-para-oferendas\/vale-dos-orixas\/xango\/","title":{"rendered":"Xang\u00f4"},"content":{"rendered":"<p><a href=\"http:\/\/santuariodeumbanda.com.br\/site\/wp-content\/uploads\/2018\/09\/Xang\u00f4-Santu\u00e1rio-Nacional-de-Umbanda-FUGABC.jpg\"><img loading=\"lazy\" decoding=\"async\" class=\"alignright size-medium wp-image-1220\" src=\"http:\/\/santuariodeumbanda.com.br\/site\/wp-content\/uploads\/2018\/09\/Xang\u00f4-Santu\u00e1rio-Nacional-de-Umbanda-FUGABC-225x300.jpg\" alt=\"\" width=\"225\" height=\"300\" srcset=\"https:\/\/santuariodeumbanda.com.br\/site\/wp-content\/uploads\/2018\/09\/Xang\u00f4-Santu\u00e1rio-Nacional-de-Umbanda-FUGABC-225x300.jpg 225w, https:\/\/santuariodeumbanda.com.br\/site\/wp-content\/uploads\/2018\/09\/Xang\u00f4-Santu\u00e1rio-Nacional-de-Umbanda-FUGABC.jpg 600w\" sizes=\"(max-width: 225px) 100vw, 225px\" \/><\/a>Xang\u00f4 \u00e9 o Senhor da Justi\u00e7a, o Orix\u00e1 da Lei. Rege os dom\u00ednios do fogo, expresso nos raios e nas lavas de vulc\u00e3o. Seu ax\u00e9 est\u00e1 nas <a href=\"http:\/\/santuariodeumbanda.com.br\/site\/locais-para-oferendas\/pedreira\/\" target=\"_blank\" rel=\"noopener\">pedreiras<\/a>. \u00c9 considerado de grande poder, Orix\u00e1 justiceiro por isso, para se pedir justi\u00e7a a Xang\u00f4 \u00e9 necess\u00e1rio que seja realmente justa a situa\u00e7\u00e3o, pois ele olhar\u00e1 os dois lados da situa\u00e7\u00e3o. Por isso, seu instrumento \u00e9 o <em>Ox\u00e9<\/em>\u00a0(o machado de duas l\u00e2minas). Corresponde a Sexta Linha da Umbanda. \u00c9 a representa\u00e7\u00e3o do esp\u00edrito maduro, grande l\u00edder, conhecedor do bem e do mal. Seus filhos geralmente tem o temperamento forte e s\u00e3o realizadores de grandes conquistas.<\/p>\n<p>Na <strong>mitologia Iorub\u00e1<\/strong>, Xang\u00f4 foi coroado Rei de Oi\u00f3 e tornou-se ainda Rei de Coss\u00f4. Teve tr\u00eas esposas: <a href=\"http:\/\/santuariodeumbanda.com.br\/site\/locais-para-oferendas\/vale-dos-orixas\/oxum\/\" target=\"_blank\" rel=\"noopener\">Oxum,<\/a> <em>Ob\u00e1<\/em> e <a href=\"http:\/\/santuariodeumbanda.com.br\/site\/locais-para-oferendas\/vale-dos-orixas\/iansa\/\" target=\"_blank\" rel=\"noopener\">Inha\u00e7a<\/a>, esta \u00faltima seu mais intenso amor. Para conquistar Inha\u00e7a, Xang\u00f4 teve que vencer a guerra contra <a href=\"http:\/\/santuariodeumbanda.com.br\/site\/locais-para-oferendas\/vale-dos-orixas\/ogum\/\" target=\"_blank\" rel=\"noopener\">Ogum<\/a>. Ogum veio com sua armadura e espada e Xang\u00f4 possu\u00eda apenas uma pedra na m\u00e3o. Mas, a pedra de Xang\u00f4 era um meteorito que soltava chamas, era pedra de raio (<em>edum ar\u00e1<\/em>) e ao atingir Ogum, ele pegou fogo e foi destru\u00eddo por Xang\u00f4, que ganhou assim o amor eterno de Inha\u00e7a.<\/p>\n<p>Em outro<em> It\u00e3,<\/em>\u00a0 Xang\u00f4 foi convidado a participar de uma cerim\u00f4nia aos <em>eguns<\/em> (esp\u00edritos dos mortos). Xang\u00f4 deveria manter segredo sobre o que vira, mas n\u00e3o cumpriu o combinado. Por isso, Xang\u00f4 ficou proibido de participar de cultos aos eguns e \u00e9 comum seus filhos odiarem cemit\u00e9rios e cerim\u00f4nias f\u00fanebres.<\/p>\n<p>No <strong>sincretismo religioso<\/strong>, Xang\u00f4 representa S\u00e3o Jer\u00f4nimo, o santo cat\u00f3lico que foi respons\u00e1vel por traduzir a B\u00edblia Sagrada para o Latim. Por tanto, o santo que &#8220;escreve a Lei de Deus&#8221;. Tamb\u00e9m \u00e9 sincretizado com S\u00e3o Jo\u00e3o Batista, aquele que fora prometido a Deus desde o ventre e batizava nas \u00e1guas os filhos de Deus. Jo\u00e3o veio anunciar a chegada do Messias e reconheceu e batizou Jesus Cristo. Foi o \u00faltimo dos profetas. J\u00e1 S\u00e3o Pedro foi o primeiro disc\u00edpulo de Jesus e teria recebido dele as chaves das portas do c\u00e9u, as quais poderiam ser abertas e fechadas com as chuvas e trov\u00f5es, segundo a vontade de Pedro. A depender da regi\u00e3o do Brasil um desses tr\u00eas Santos representam Xang\u00f4.<\/p>\n<p>&nbsp;<\/p>\n<h3><a href=\"http:\/\/santuariodeumbanda.com.br\/site\/wp-content\/uploads\/2018\/09\/Pedreira-de-Xang\u00f4-Santu\u00e1rio-Nacional-de-Umbanda-FUGABC.jpg\"><img loading=\"lazy\" decoding=\"async\" class=\"size-medium wp-image-1213 alignleft\" src=\"http:\/\/santuariodeumbanda.com.br\/site\/wp-content\/uploads\/2018\/09\/Pedreira-de-Xang\u00f4-Santu\u00e1rio-Nacional-de-Umbanda-FUGABC-300x225.jpg\" alt=\"\" width=\"300\" height=\"225\" srcset=\"https:\/\/santuariodeumbanda.com.br\/site\/wp-content\/uploads\/2018\/09\/Pedreira-de-Xang\u00f4-Santu\u00e1rio-Nacional-de-Umbanda-FUGABC-300x225.jpg 300w, https:\/\/santuariodeumbanda.com.br\/site\/wp-content\/uploads\/2018\/09\/Pedreira-de-Xang\u00f4-Santu\u00e1rio-Nacional-de-Umbanda-FUGABC-768x576.jpg 768w, https:\/\/santuariodeumbanda.com.br\/site\/wp-content\/uploads\/2018\/09\/Pedreira-de-Xang\u00f4-Santu\u00e1rio-Nacional-de-Umbanda-FUGABC.jpg 800w\" sizes=\"(max-width: 300px) 100vw, 300px\" \/><\/a>Oferendas e Sauda\u00e7\u00e3o<\/h3>\n<p>O dia da semana de Xang\u00f4 \u00e9 quarta-feira. Sua cor \u00e9 o marrom, em alguns templos o vermelho e branco (mais comum nos Candombl\u00e9s). Suas homenagens acontecem no dia 30 de setembro, dia de morte de S\u00e3o Jer\u00f4nimo, ou dias 24 de junho &#8211; S\u00e3o Jo\u00e3o Batista e 29 junho &#8211; S\u00e3o Pedro. Suas oferendas s\u00e3o as flores marrons, cerveja preta, fumo e o famoso <em>Amal\u00e1 de Xang\u00f4<\/em>, oferenda preparada com quiabos e muito tradicional nos Candombl\u00e9s. Sua sauda\u00e7\u00e3o \u00e9 <strong>&#8220;Ca\u00f4 Cabiecil\u00ea&#8221; <\/strong>ou<strong> &#8220;Ka\u00f4 Kabecil\u00ea&#8221;.<\/strong><\/p>\n","protected":false},"excerpt":{"rendered":"<p>Xang\u00f4 \u00e9 o Senhor da Justi\u00e7a, o Orix\u00e1 da Lei. Rege os dom\u00ednios do fogo, expresso nos raios e nas lavas de vulc\u00e3o. Seu ax\u00e9 est\u00e1 nas pedreiras. \u00c9 considerado de grande poder, Orix\u00e1 justiceiro por isso, para se pedir justi\u00e7a a Xang\u00f4 \u00e9 necess\u00e1rio que seja realmente justa a situa\u00e7\u00e3o, pois ele olhar\u00e1 os [&hellip;]<\/p>\n","protected":false},"author":6,"featured_media":0,"parent":129,"menu_order":0,"comment_status":"closed","ping_status":"closed","template":"","meta":{"footnotes":""},"_links":{"self":[{"href":"https:\/\/santuariodeumbanda.com.br\/site\/wp-json\/wp\/v2\/pages\/147"}],"collection":[{"href":"https:\/\/santuariodeumbanda.com.br\/site\/wp-json\/wp\/v2\/pages"}],"about":[{"href":"https:\/\/santuariodeumbanda.com.br\/site\/wp-json\/wp\/v2\/types\/page"}],"author":[{"embeddable":true,"href":"https:\/\/santuariodeumbanda.com.br\/site\/wp-json\/wp\/v2\/users\/6"}],"replies":[{"embeddable":true,"href":"https:\/\/santuariodeumbanda.com.br\/site\/wp-json\/wp\/v2\/comments?post=147"}],"version-history":[{"count":16,"href":"https:\/\/santuariodeumbanda.com.br\/site\/wp-json\/wp\/v2\/pages\/147\/revisions"}],"predecessor-version":[{"id":1441,"href":"https:\/\/santuariodeumbanda.com.br\/site\/wp-json\/wp\/v2\/pages\/147\/revisions\/1441"}],"up":[{"embeddable":true,"href":"https:\/\/santuariodeumbanda.com.br\/site\/wp-json\/wp\/v2\/pages\/129"}],"wp:attachment":[{"href":"https:\/\/santuariodeumbanda.com.br\/site\/wp-json\/wp\/v2\/media?parent=147"}],"curies":[{"name":"wp","href":"https:\/\/api.w.org\/{rel}","templated":true}]}}