{"id":149,"date":"2018-09-09T14:44:43","date_gmt":"2018-09-09T17:44:43","guid":{"rendered":"http:\/\/santuariodeumbanda.com.br\/site\/?page_id=149"},"modified":"2018-11-14T20:59:30","modified_gmt":"2018-11-14T23:59:30","slug":"nana-buruque","status":"publish","type":"page","link":"https:\/\/santuariodeumbanda.com.br\/site\/locais-para-oferendas\/vale-dos-orixas\/nana-buruque\/","title":{"rendered":"Nan\u00e3 Buruqu\u00ea"},"content":{"rendered":"<p><a href=\"http:\/\/santuariodeumbanda.com.br\/site\/wp-content\/uploads\/2018\/09\/Nan\u00e3-Buruqu\u00ea-Santu\u00e1rio-Nacional-de-Umbanda-FUGABC.jpg\"><img loading=\"lazy\" decoding=\"async\" class=\"alignright size-medium wp-image-1207\" src=\"http:\/\/santuariodeumbanda.com.br\/site\/wp-content\/uploads\/2018\/09\/Nan\u00e3-Buruqu\u00ea-Santu\u00e1rio-Nacional-de-Umbanda-FUGABC-225x300.jpg\" alt=\"\" width=\"225\" height=\"300\" srcset=\"https:\/\/santuariodeumbanda.com.br\/site\/wp-content\/uploads\/2018\/09\/Nan\u00e3-Buruqu\u00ea-Santu\u00e1rio-Nacional-de-Umbanda-FUGABC-225x300.jpg 225w, https:\/\/santuariodeumbanda.com.br\/site\/wp-content\/uploads\/2018\/09\/Nan\u00e3-Buruqu\u00ea-Santu\u00e1rio-Nacional-de-Umbanda-FUGABC.jpg 600w\" sizes=\"(max-width: 225px) 100vw, 225px\" \/><\/a>Nan\u00e3 Buruqu\u00ea, Buruku, ou Buluku \u00e9 a Senhora da Cria\u00e7\u00e3o. Orix\u00e1 temida por ser, muitas vezes, intransigente e austera \u00e9 respeitada como a mais velha das <em>Yab\u00e1s<\/em> (orix\u00e1 feminino). De temperamento brando, acolhe e orienta seus filhos, como uma grande matriarca de muita sabedoria. Ela representa a velhice, a experi\u00eancia da vida e os aprendizados mais profundos. Seus dom\u00ednios s\u00e3o os <a href=\"http:\/\/santuariodeumbanda.com.br\/site\/locais-para-oferendas\/lagos-de-nana\/\" target=\"_blank\" rel=\"noopener\">lagos,<\/a>\u00a0p\u00e2ntanos, lama e os encontros do rio com o mar.<\/p>\n<p>Na <strong>mitologia Iorub\u00e1<\/strong>, Nan\u00e3 auxiliou <em>Olorum<\/em> (o Criador) na modelagem dos seres humanos. Usou o seu <em>ibiri<\/em> (cetro e arma) para retirar do fundo do lago a lama para a cria\u00e7\u00e3o dos homens. Ela teve dois filhos <em>Oxumar\u00ea<\/em> o filho belo e <a href=\"http:\/\/santuariodeumbanda.com.br\/site\/locais-para-oferendas\/vale-dos-orixas\/abaluaie\/\" target=\"_blank\" rel=\"noopener\"><em>Omulu,<\/em><\/a> o filho feio. Ela \u00e9 considerada justiceira e possui o poder de comandar os <em>eguns<\/em> (esp\u00edritos dos mortos). Por isso \u00e9 respons\u00e1vel pela entrada (encarna\u00e7\u00e3o) e sa\u00edda (desencarna\u00e7\u00e3o) do planeta.<\/p>\n<p>No <strong>sincretismo religioso<\/strong>, Nan\u00e3 representa Nossa Senhora Sant&#8217;Ana (ou Santa Ana). Sabe-se que ela foi a m\u00e3e de Maria de Nazar\u00e9, portanto, a av\u00f3 de Jesus. Seu nome significa gra\u00e7a. Conta a lenda que ela j\u00e1 era idosa e considerada est\u00e9ril, quando seu marido S\u00e3o Joaquim fez penit\u00eancia no deserto orando por uma gra\u00e7a divida. Um anjo apareceu e disse que suas ora\u00e7\u00f5es teriam sido atendidas. Ao regressar ao lar, pouco tempo depois, Sant&#8217;Ana concebeu Maria, a m\u00e3e de Jesus.<\/p>\n<p>&nbsp;<\/p>\n<h3><a href=\"http:\/\/santuariodeumbanda.com.br\/site\/wp-content\/uploads\/2018\/09\/Nan\u00e3-Santu\u00e1rio-Nacional-de-Umbanda-FUGABC.jpg\"><img loading=\"lazy\" decoding=\"async\" class=\"size-medium wp-image-1206 alignleft\" src=\"http:\/\/santuariodeumbanda.com.br\/site\/wp-content\/uploads\/2018\/09\/Nan\u00e3-Santu\u00e1rio-Nacional-de-Umbanda-FUGABC-300x225.jpg\" alt=\"\" width=\"300\" height=\"225\" srcset=\"https:\/\/santuariodeumbanda.com.br\/site\/wp-content\/uploads\/2018\/09\/Nan\u00e3-Santu\u00e1rio-Nacional-de-Umbanda-FUGABC-300x225.jpg 300w, https:\/\/santuariodeumbanda.com.br\/site\/wp-content\/uploads\/2018\/09\/Nan\u00e3-Santu\u00e1rio-Nacional-de-Umbanda-FUGABC-600x450.jpg 600w, https:\/\/santuariodeumbanda.com.br\/site\/wp-content\/uploads\/2018\/09\/Nan\u00e3-Santu\u00e1rio-Nacional-de-Umbanda-FUGABC-768x576.jpg 768w, https:\/\/santuariodeumbanda.com.br\/site\/wp-content\/uploads\/2018\/09\/Nan\u00e3-Santu\u00e1rio-Nacional-de-Umbanda-FUGABC.jpg 800w\" sizes=\"(max-width: 300px) 100vw, 300px\" \/><\/a>Oferendas e Sauda\u00e7\u00e3o<\/h3>\n<p>As homenagens a Nan\u00e3 Buruqu\u00ea acontecem no dia 26 de julho. As cores de Nan\u00e3 s\u00e3o o roxo, lil\u00e1s e branco, suas velas s\u00e3o geralmente roxas. Assim como as flores, que ela adora receber. Suas oferendas s\u00e3o batata doce, jabuticaba, ameixa e vinho licoroso ros\u00e9. O dia da semana \u00e9 s\u00e1bado ou segunda (varia em alguns templos) e sua sauda\u00e7\u00e3o &#8220;<strong>Salub\u00e1 Nan\u00e3<\/strong>&#8220;.<\/p>\n","protected":false},"excerpt":{"rendered":"<p>Nan\u00e3 Buruqu\u00ea, Buruku, ou Buluku \u00e9 a Senhora da Cria\u00e7\u00e3o. Orix\u00e1 temida por ser, muitas vezes, intransigente e austera \u00e9 respeitada como a mais velha das Yab\u00e1s (orix\u00e1 feminino). De temperamento brando, acolhe e orienta seus filhos, como uma grande matriarca de muita sabedoria. Ela representa a velhice, a experi\u00eancia da vida e os aprendizados [&hellip;]<\/p>\n","protected":false},"author":6,"featured_media":0,"parent":129,"menu_order":0,"comment_status":"closed","ping_status":"closed","template":"","meta":{"footnotes":""},"_links":{"self":[{"href":"https:\/\/santuariodeumbanda.com.br\/site\/wp-json\/wp\/v2\/pages\/149"}],"collection":[{"href":"https:\/\/santuariodeumbanda.com.br\/site\/wp-json\/wp\/v2\/pages"}],"about":[{"href":"https:\/\/santuariodeumbanda.com.br\/site\/wp-json\/wp\/v2\/types\/page"}],"author":[{"embeddable":true,"href":"https:\/\/santuariodeumbanda.com.br\/site\/wp-json\/wp\/v2\/users\/6"}],"replies":[{"embeddable":true,"href":"https:\/\/santuariodeumbanda.com.br\/site\/wp-json\/wp\/v2\/comments?post=149"}],"version-history":[{"count":13,"href":"https:\/\/santuariodeumbanda.com.br\/site\/wp-json\/wp\/v2\/pages\/149\/revisions"}],"predecessor-version":[{"id":1466,"href":"https:\/\/santuariodeumbanda.com.br\/site\/wp-json\/wp\/v2\/pages\/149\/revisions\/1466"}],"up":[{"embeddable":true,"href":"https:\/\/santuariodeumbanda.com.br\/site\/wp-json\/wp\/v2\/pages\/129"}],"wp:attachment":[{"href":"https:\/\/santuariodeumbanda.com.br\/site\/wp-json\/wp\/v2\/media?parent=149"}],"curies":[{"name":"wp","href":"https:\/\/api.w.org\/{rel}","templated":true}]}}