{"id":154,"date":"2018-09-09T14:46:53","date_gmt":"2018-09-09T17:46:53","guid":{"rendered":"http:\/\/santuariodeumbanda.com.br\/site\/?page_id=154"},"modified":"2018-11-14T23:26:29","modified_gmt":"2018-11-15T02:26:29","slug":"casa-dos-pretos-velhos","status":"publish","type":"page","link":"https:\/\/santuariodeumbanda.com.br\/site\/locais-para-oferendas\/casa-dos-pretos-velhos\/","title":{"rendered":"Casa dos Pretos-Velhos"},"content":{"rendered":"<h3><a href=\"http:\/\/santuariodeumbanda.com.br\/site\/wp-content\/uploads\/2018\/09\/Casa-de-Pai-Benedito-de-Aruanda-Santu\u00e1rio-Nacional-de-Umbanda-FUGABC.jpg\"><img loading=\"lazy\" decoding=\"async\" class=\"size-medium wp-image-1198 alignleft\" src=\"http:\/\/santuariodeumbanda.com.br\/site\/wp-content\/uploads\/2018\/09\/Casa-de-Pai-Benedito-de-Aruanda-Santu\u00e1rio-Nacional-de-Umbanda-FUGABC-300x225.jpg\" alt=\"\" width=\"300\" height=\"225\" srcset=\"https:\/\/santuariodeumbanda.com.br\/site\/wp-content\/uploads\/2018\/09\/Casa-de-Pai-Benedito-de-Aruanda-Santu\u00e1rio-Nacional-de-Umbanda-FUGABC-300x225.jpg 300w, https:\/\/santuariodeumbanda.com.br\/site\/wp-content\/uploads\/2018\/09\/Casa-de-Pai-Benedito-de-Aruanda-Santu\u00e1rio-Nacional-de-Umbanda-FUGABC-600x450.jpg 600w, https:\/\/santuariodeumbanda.com.br\/site\/wp-content\/uploads\/2018\/09\/Casa-de-Pai-Benedito-de-Aruanda-Santu\u00e1rio-Nacional-de-Umbanda-FUGABC-768x576.jpg 768w, https:\/\/santuariodeumbanda.com.br\/site\/wp-content\/uploads\/2018\/09\/Casa-de-Pai-Benedito-de-Aruanda-Santu\u00e1rio-Nacional-de-Umbanda-FUGABC.jpg 800w\" sizes=\"(max-width: 300px) 100vw, 300px\" \/><\/a>A Casa dos Pretos-Velhos<\/h3>\n<p>No Santu\u00e1rio Nacional da Umbanda reservamos um espa\u00e7o modesto e simples para os Pretos-Velhos, como eles costumam se apresentar, pr\u00f3ximo a entrada principal do Santu\u00e1rio. Dentro da &#8220;casinha branca de varanda&#8221; como narra a poesia, encontra-se um casal de Pretos-Velhos e a frente da Casa, as pessoas geralmente depositam suas oferendas. Seu dia de comemora\u00e7\u00e3o \u00e9 13 de maio, Dia da Aboli\u00e7\u00e3o da Escravatura.<\/p>\n<p>&nbsp;<\/p>\n<h3>Quem s\u00e3o os Pretos-Velhos?<\/h3>\n<p>Esp\u00edritos dos negros escravizados que resistiram ao cativeiro, os Pretos-Velhos guardam muita maturidade e sabedoria das mais elevadas esferas de luz.\u00a0 Apresentam-se geralmente curvados, com passos lentos e curtos, como pessoas idosas. Gostam de orar o Pai Nosso, a Ave-Maria e apresentam-se como Cat\u00f3licos. Dominavam o conhecimento das ervas e das receitas caseiras para a cura das doen\u00e7as, por isso, s\u00e3o muito solicitados para resolver problemas de sa\u00fade. Geralmente receitam banhos de ervas, defuma\u00e7\u00e3o e benzimentos para a limpeza e purifica\u00e7\u00e3o.<\/p>\n<p>Alguns depoimentos contam que os Pretos-Velhos s\u00e3o esp\u00edritos da mais alta envergadura espiritual e apresentam-se deste modo para despertar a simplicidade e humildade nas pessoas. O pr\u00f3prio <a href=\"https:\/\/pt.wikipedia.org\/wiki\/Bezerra_de_Menezes\" target=\"_blank\" rel=\"noopener\">Dr. Bezerra de Menezes<\/a>, famoso m\u00e9dico brasileiro que depois de desencarnado passou a trabalhar nos Centros Esp\u00edritas Kardecistas, j\u00e1 revelou em comunica\u00e7\u00f5es medi\u00fanicas que apresenta-se tamb\u00e9m como o Preto-Velho &#8220;Irm\u00e3o Velhinho&#8221;. <a href=\"https:\/\/www.robsonpinheiro.com.br\/quem-sou\/\" target=\"_blank\" rel=\"noopener\">Robson Pinheiro<\/a> em seu livro Tambores de Angola, revela tamb\u00e9m a sabedoria da Preta-Velha Vov\u00f4 Catarina, al\u00e9m de Sabedoria de Preto-Velho, com os ensinamentos do Pai Jo\u00e3o de Aruanda.<\/p>\n<p>&nbsp;<\/p>\n<h3><a href=\"http:\/\/santuariodeumbanda.com.br\/site\/wp-content\/uploads\/2018\/09\/Preta-Velha-Santu\u00e1rio-Nacional-de-Umbanda-FUGABC.jpg\"><img loading=\"lazy\" decoding=\"async\" class=\"size-medium wp-image-1215 alignleft\" src=\"http:\/\/santuariodeumbanda.com.br\/site\/wp-content\/uploads\/2018\/09\/Preta-Velha-Santu\u00e1rio-Nacional-de-Umbanda-FUGABC-300x225.jpg\" alt=\"\" width=\"300\" height=\"225\" srcset=\"https:\/\/santuariodeumbanda.com.br\/site\/wp-content\/uploads\/2018\/09\/Preta-Velha-Santu\u00e1rio-Nacional-de-Umbanda-FUGABC-300x225.jpg 300w, https:\/\/santuariodeumbanda.com.br\/site\/wp-content\/uploads\/2018\/09\/Preta-Velha-Santu\u00e1rio-Nacional-de-Umbanda-FUGABC-600x450.jpg 600w, https:\/\/santuariodeumbanda.com.br\/site\/wp-content\/uploads\/2018\/09\/Preta-Velha-Santu\u00e1rio-Nacional-de-Umbanda-FUGABC-768x576.jpg 768w, https:\/\/santuariodeumbanda.com.br\/site\/wp-content\/uploads\/2018\/09\/Preta-Velha-Santu\u00e1rio-Nacional-de-Umbanda-FUGABC.jpg 800w\" sizes=\"(max-width: 300px) 100vw, 300px\" \/><\/a>Por que os Pretos-Velhos fumam?<\/h3>\n<p>&#8220;\u00c9 no sopro da fuma\u00e7a que seus inimigos v\u00e3o&#8221;. Trecho de um dos pontos cantados desta corrente, os Pretos-Velhos possuem o h\u00e1bito de fumar, ou &#8220;pitar&#8221; como eles chamam, o cigarro de palha e o cachimbo. Mem\u00f3ria da \u00e9poca que viveram em cativeiro, carregam na fuma\u00e7a os elementos delet\u00e9rios para a limpeza espiritual das pessoas e purifica\u00e7\u00e3o dos ambientes.<\/p>\n<p>&nbsp;<\/p>\n<h3>Sauda\u00e7\u00e3o e oferendas<\/h3>\n<p>A sauda\u00e7\u00e3o usada em Umbanda \u00e9\u00a0 &#8220;Adorei as Almas&#8221;, fazendo refer\u00eancia a sabedoria destas Almas Elevadas. Os Pretos-Velhos s\u00e3o os respons\u00e1veis, tamb\u00e9m, por cuidar das crian\u00e7as, sendo cultuados ainda em cerim\u00f4nias de <a href=\"http:\/\/santuariodeumbanda.com.br\/site\/locais-para-oferendas\/vale-dos-orixas\/cosme-e-damiao\/\" target=\"_blank\" rel=\"noopener\">Cosme e Dami\u00e3o<\/a>.<\/p>\n<p>As comidas prediletas deles s\u00e3o caf\u00e9, bolos, fub\u00e1, milho e outros alimentos naturais como batata doce, tapioca, mandioca e tudo o que comiam na \u00e9poca do Brasil colonizado. Suas velas s\u00e3o as preto e branco e o dia da semana \u00e9 segunda-feira, mesmo dia de <a href=\"http:\/\/santuariodeumbanda.com.br\/site\/locais-para-oferendas\/reino-dos-exus\/\" target=\"_blank\" rel=\"noopener\">Exu<\/a> e <a href=\"http:\/\/santuariodeumbanda.com.br\/site\/locais-para-oferendas\/vale-dos-orixas\/abaluaie\/\" target=\"_blank\" rel=\"noopener\">Abaluai\u00ea<\/a>, sendo o dia de encaminhamento dos esp\u00edritos dos mortos.<\/p>\n<p>Os Pretos-Velhos s\u00e3o tamb\u00e9m cultuados no <a href=\"http:\/\/santuariodeumbanda.com.br\/site\/locais-para-oferendas\/cruzeiro-das-almas\/\" target=\"_blank\" rel=\"noopener\">Cruzeiro das Almas<\/a>\u00a0pois, eles cuidam das almas desencarnadas em sofrimento, as quais ainda n\u00e3o compreenderam a condi\u00e7\u00e3o de passagem para o mundo espiritual.<\/p>\n<p>Adorei as Almas!<\/p>\n<p>&nbsp;<\/p>\n<div id=\"attachment_1212\" style=\"width: 310px\" class=\"wp-caption alignright\"><a href=\"http:\/\/santuariodeumbanda.com.br\/site\/wp-content\/uploads\/2018\/09\/Pai-Benedito-de-Aruanda-Santu\u00e1rio-Nacional-de-Umbanda-FUGABC.jpg\"><img loading=\"lazy\" decoding=\"async\" aria-describedby=\"caption-attachment-1212\" class=\"wp-image-1212 size-medium\" src=\"http:\/\/santuariodeumbanda.com.br\/site\/wp-content\/uploads\/2018\/09\/Pai-Benedito-de-Aruanda-Santu\u00e1rio-Nacional-de-Umbanda-FUGABC-300x225.jpg\" alt=\"\" width=\"300\" height=\"225\" srcset=\"https:\/\/santuariodeumbanda.com.br\/site\/wp-content\/uploads\/2018\/09\/Pai-Benedito-de-Aruanda-Santu\u00e1rio-Nacional-de-Umbanda-FUGABC-300x225.jpg 300w, https:\/\/santuariodeumbanda.com.br\/site\/wp-content\/uploads\/2018\/09\/Pai-Benedito-de-Aruanda-Santu\u00e1rio-Nacional-de-Umbanda-FUGABC-768x576.jpg 768w, https:\/\/santuariodeumbanda.com.br\/site\/wp-content\/uploads\/2018\/09\/Pai-Benedito-de-Aruanda-Santu\u00e1rio-Nacional-de-Umbanda-FUGABC.jpg 800w\" sizes=\"(max-width: 300px) 100vw, 300px\" \/><\/a><p id=\"caption-attachment-1212\" class=\"wp-caption-text\">Pai Benedito de Aruanda<\/p><\/div>\n<h3>Voc\u00ea sabia que o Patrono Espiritual do Santu\u00e1rio Nacional da Umbanda \u00e9 um Preto-Velho?<\/h3>\n<p>Isso mesmo! Pai Benedito de Aruanda \u00e9 o Preto-Velho Guia-Chefe dos trabalhos Espirituais do <a href=\"http:\/\/santuariodeumbanda.com.br\/site\/santuario-nacional-da-umbanda\/federacao-umbandista-do-grande-abc-fugabc\/babalao-ronaldo-linares\/\" target=\"_blank\" rel=\"noopener\">Babala\u00f4 Ronaldo Linares<\/a>. A pedido Dele foi fundado o templo-sede da <a href=\"http:\/\/santuariodeumbanda.com.br\/site\/santuario-nacional-da-umbanda\/federacao-umbandista-do-grande-abc-fugabc\/\" target=\"_blank\" rel=\"noopener\">Federa\u00e7\u00e3o Umbandista do Grande ABC &#8211; FUGABC<\/a> que, n\u00e3o por acaso, leva o nome dele: <a href=\"http:\/\/santuariodeumbanda.com.br\/site\/santuario-nacional-da-umbanda\/casa-de-pai-benedito-de-aruanda\/\">Casa de Pai Benedito de Aruanda<\/a>.<\/p>\n","protected":false},"excerpt":{"rendered":"<p>A Casa dos Pretos-Velhos No Santu\u00e1rio Nacional da Umbanda reservamos um espa\u00e7o modesto e simples para os Pretos-Velhos, como eles costumam se apresentar, pr\u00f3ximo a entrada principal do Santu\u00e1rio. Dentro da &#8220;casinha branca de varanda&#8221; como narra a poesia, encontra-se um casal de Pretos-Velhos e a frente da Casa, as pessoas geralmente depositam suas oferendas. [&hellip;]<\/p>\n","protected":false},"author":6,"featured_media":0,"parent":158,"menu_order":0,"comment_status":"closed","ping_status":"closed","template":"","meta":{"footnotes":""},"_links":{"self":[{"href":"https:\/\/santuariodeumbanda.com.br\/site\/wp-json\/wp\/v2\/pages\/154"}],"collection":[{"href":"https:\/\/santuariodeumbanda.com.br\/site\/wp-json\/wp\/v2\/pages"}],"about":[{"href":"https:\/\/santuariodeumbanda.com.br\/site\/wp-json\/wp\/v2\/types\/page"}],"author":[{"embeddable":true,"href":"https:\/\/santuariodeumbanda.com.br\/site\/wp-json\/wp\/v2\/users\/6"}],"replies":[{"embeddable":true,"href":"https:\/\/santuariodeumbanda.com.br\/site\/wp-json\/wp\/v2\/comments?post=154"}],"version-history":[{"count":38,"href":"https:\/\/santuariodeumbanda.com.br\/site\/wp-json\/wp\/v2\/pages\/154\/revisions"}],"predecessor-version":[{"id":1502,"href":"https:\/\/santuariodeumbanda.com.br\/site\/wp-json\/wp\/v2\/pages\/154\/revisions\/1502"}],"up":[{"embeddable":true,"href":"https:\/\/santuariodeumbanda.com.br\/site\/wp-json\/wp\/v2\/pages\/158"}],"wp:attachment":[{"href":"https:\/\/santuariodeumbanda.com.br\/site\/wp-json\/wp\/v2\/media?parent=154"}],"curies":[{"name":"wp","href":"https:\/\/api.w.org\/{rel}","templated":true}]}}