{"id":162,"date":"2018-09-09T14:47:57","date_gmt":"2018-09-09T17:47:57","guid":{"rendered":"http:\/\/santuariodeumbanda.com.br\/site\/?page_id=162"},"modified":"2018-11-14T23:32:11","modified_gmt":"2018-11-15T02:32:11","slug":"reino-dos-exus","status":"publish","type":"page","link":"https:\/\/santuariodeumbanda.com.br\/site\/locais-para-oferendas\/reino-dos-exus\/","title":{"rendered":"Reino dos Exus"},"content":{"rendered":"<p>O Reino dos Exus \u00e9 o local que desperta mais curiosidade no <a href=\"http:\/\/santuariodeumbanda.com.br\/site\/santuario-nacional-da-umbanda\/historia\/\" target=\"_blank\" rel=\"noopener\">Santu\u00e1rio Nacional da Umbanda<\/a>. Destinado ao povo de esquerda, o Reino localiza-se na encruzilhada que leva ao Vale dos Orix\u00e1s\u00ae. Exu \u00e9 a figura mais incompreendida na Umbanda, a que desperta mais temor e ao mesmo tempo mais admira\u00e7\u00e3o de todos. Exu \u00e9 o dono dos caminhos, o guardi\u00e3o do poder e do conhecimento para manipular as anergias do bem e do mal. A Pomba Gira \u00e9 o Exu mulher, a manifesta\u00e7\u00e3o da energia feminina. Costumam incorporar com muitas gargalhadas, consomem bebidas alco\u00f3licas, fumam e ancoram as energias mais densas da mat\u00e9ria.<\/p>\n<p>&nbsp;<\/p>\n<h3>Exu na Umbanda<\/h3>\n<p>Na Umbanda, Exu apresenta-se n\u00e3o como Orix\u00e1, mas como mensageiro dos Orix\u00e1s e guardi\u00e3o e protetor dos templos e terreiros. Trabalha conduzindo energias pesadas, desfazendo demandas e \u00e9 respons\u00e1vel pela abertura de caminhos, como preconiza a tradi\u00e7\u00e3o Iorub\u00e1. Costuma ser cultuados geralmente no primeiro dia do m\u00eas, ou no primeiro dia de abertura dos trabalhos, para proteger os templos de energias perversas e malignas.<\/p>\n<p>Diferentemente do que muitos pensam, Exus n\u00e3o s\u00e3o entidades do mal. Eles s\u00e3o muito confundidos com quiumbas, que s\u00e3o esp\u00edritos inferiores, zombeteiros e trevosos que apresentam-se com a falsa roupagem de Exus e chegam nos templos somente para beber demasiadamente, disseminar fofocas e praticar a maldade.<\/p>\n<p>&nbsp;<\/p>\n<h3>Exu na Mitologia Iorub\u00e1<\/h3>\n<p>Na mitologia Iorub\u00e1, Exu \u00e9 o mais destemido dos Orix\u00e1s, o \u00fanico que se disp\u00f4s a duelar com a Morte (<em>Ic\u00fa<\/em>). Quando a Morte ia golpe\u00e1-lo, Exu foi defendido por <em>Orummil\u00e1<\/em> (o detentor dos mist\u00e9rios do destino &#8211; or\u00e1culo de If\u00e1), perpetuando a ideia de que ningu\u00e9m pode derrotar a Morte, mas Exu \u00e9 capaz de desafi\u00e1-la. Exu representa a sexualidade, a fertilidade e o seu s\u00edmbolo \u00e9 um falo gigante, motivo pelo qual foi &#8220;demonizado&#8221; pela Igreja Cat\u00f3lica.<\/p>\n<p>Sua energia est\u00e1 relacionada as fontes primordiais da vida, ele \u00e9 apontado como o primeiro ser criado (<em>Yangui ou Yang\u00ed), <\/em>portanto, est\u00e1 relacionado\u00a0ao elemento terra. Representa a dualidade amor e \u00f3dio, sagrado e profano, amigo e inimigo, pois ancora a dicotomia humana. Por este motivo, diz-se que Exu trabalha tanto para o bem quanto para o mal.<\/p>\n<p>Exu \u00e9 tamb\u00e9m encarregado pela comunica\u00e7\u00e3o, por isso, nos jogos de b\u00fazios, geralmente, Exu abre e responde ao If\u00e1 (or\u00e1culo dos b\u00fazios). As lendas africanas contam que Exu era encarregado de ficar nas encruzilhadas antes dos castelos, avisando aos visitantes o local das festas e, como chantagem, Exu solicitava que o visitante entregasse a ele um pouco da comida que levava para os banquetes, originando-se da\u00ed o preceito que afirma que &#8220;Exu deve comer primeiro&#8221;. Muitas destas hist\u00f3rias podem ser lidas em <em>Mitologia dos Orix\u00e1s,<\/em> do professor\u00a0<a href=\"https:\/\/pt.wikipedia.org\/wiki\/Reginaldo_Prandi\" target=\"_blank\" rel=\"noopener\">Reginaldo Prandi<\/a>, e para quem deseja se aprofundar na compreens\u00e3o sobre Exu, sugerimos a leitura do livro <em>EXU &#8211; O Guardi\u00e3o da Casa do Futuro<\/em>, do professor\u00a0<a href=\"http:\/\/antropologia.fflch.usp.br\/vagner\" target=\"_blank\" rel=\"noopener\">Vagner Gon\u00e7alves da Silva<\/a>.<\/p>\n<h3><\/h3>\n<h3>Sauda\u00e7\u00e3o a Exu<\/h3>\n<p>Em respeito a energia de grande for\u00e7a de Exu, costuma-se pedir licen\u00e7a antes de adentrar aos espa\u00e7os destinados \u00e0 eles. Deste modo, antes de entrar no Reino, deve-se bater 3 palmas para &#8220;avisar&#8221; que est\u00e3o entrando e saud\u00e1-los com a express\u00e3o <strong>&#8220;Laroui\u00ea Exu!&#8221;<\/strong> que significa &#8220;Salve Exu ou Acorde Exu&#8221;. E com os dedos das m\u00e3os entrela\u00e7ados para baixo respondemos: <strong>&#8220;Exu \u00e9 Mojub\u00e1&#8221;<\/strong> que significa respeito, &#8220;eu te respeito Exu&#8221;. Quando apontamos aos m\u00e3os para baixo, significa que estamos entregando a terra e a Exu as energias mais densas.<\/p>\n<p><a href=\"http:\/\/santuariodeumbanda.com.br\/site\/wp-content\/uploads\/2018\/09\/Proibido-Sacrificio-Animal-Santu\u00e1rio-Nacional-de-Umbanda-FUGABC.jpg\"><img loading=\"lazy\" decoding=\"async\" class=\"size-medium wp-image-1216 alignleft\" src=\"http:\/\/santuariodeumbanda.com.br\/site\/wp-content\/uploads\/2018\/09\/Proibido-Sacrificio-Animal-Santu\u00e1rio-Nacional-de-Umbanda-FUGABC-300x225.jpg\" alt=\"\" width=\"300\" height=\"225\" srcset=\"https:\/\/santuariodeumbanda.com.br\/site\/wp-content\/uploads\/2018\/09\/Proibido-Sacrificio-Animal-Santu\u00e1rio-Nacional-de-Umbanda-FUGABC-300x225.jpg 300w, https:\/\/santuariodeumbanda.com.br\/site\/wp-content\/uploads\/2018\/09\/Proibido-Sacrificio-Animal-Santu\u00e1rio-Nacional-de-Umbanda-FUGABC-768x576.jpg 768w, https:\/\/santuariodeumbanda.com.br\/site\/wp-content\/uploads\/2018\/09\/Proibido-Sacrificio-Animal-Santu\u00e1rio-Nacional-de-Umbanda-FUGABC.jpg 800w\" sizes=\"(max-width: 300px) 100vw, 300px\" \/><\/a>Do mesmo modo, quando sairmos, devemos repetir os cumprimentos e sair com o corpo virado para dentro do Reino, em sinal de respeito. (N\u00e3o se d\u00e1 as costas para Exu).<\/p>\n<p>Salientamos que por sermos uma \u00e1rea de preserva\u00e7\u00e3o ambiental <strong>n\u00e3o \u00e9 permitido<\/strong> oferenda com animais mortos, nem sacrif\u00edcio de animais no Santu\u00e1rio, de acordo com a legisla\u00e7\u00e3o local. Quem descumprir esta regra ficar\u00e1 impedido de entrar novamente no Santu\u00e1rio.\u00a0Para saber mais, acesse nossa p\u00e1gina <a href=\"http:\/\/santuariodeumbanda.com.br\/site\/locais-para-oferendas\/\">Locais para Oferendas<\/a>.<\/p>\n","protected":false},"excerpt":{"rendered":"<p>O Reino dos Exus \u00e9 o local que desperta mais curiosidade no Santu\u00e1rio Nacional da Umbanda. Destinado ao povo de esquerda, o Reino localiza-se na encruzilhada que leva ao Vale dos Orix\u00e1s\u00ae. Exu \u00e9 a figura mais incompreendida na Umbanda, a que desperta mais temor e ao mesmo tempo mais admira\u00e7\u00e3o de todos. Exu \u00e9 [&hellip;]<\/p>\n","protected":false},"author":6,"featured_media":0,"parent":158,"menu_order":10,"comment_status":"closed","ping_status":"closed","template":"","meta":{"footnotes":""},"_links":{"self":[{"href":"https:\/\/santuariodeumbanda.com.br\/site\/wp-json\/wp\/v2\/pages\/162"}],"collection":[{"href":"https:\/\/santuariodeumbanda.com.br\/site\/wp-json\/wp\/v2\/pages"}],"about":[{"href":"https:\/\/santuariodeumbanda.com.br\/site\/wp-json\/wp\/v2\/types\/page"}],"author":[{"embeddable":true,"href":"https:\/\/santuariodeumbanda.com.br\/site\/wp-json\/wp\/v2\/users\/6"}],"replies":[{"embeddable":true,"href":"https:\/\/santuariodeumbanda.com.br\/site\/wp-json\/wp\/v2\/comments?post=162"}],"version-history":[{"count":20,"href":"https:\/\/santuariodeumbanda.com.br\/site\/wp-json\/wp\/v2\/pages\/162\/revisions"}],"predecessor-version":[{"id":1505,"href":"https:\/\/santuariodeumbanda.com.br\/site\/wp-json\/wp\/v2\/pages\/162\/revisions\/1505"}],"up":[{"embeddable":true,"href":"https:\/\/santuariodeumbanda.com.br\/site\/wp-json\/wp\/v2\/pages\/158"}],"wp:attachment":[{"href":"https:\/\/santuariodeumbanda.com.br\/site\/wp-json\/wp\/v2\/media?parent=162"}],"curies":[{"name":"wp","href":"https:\/\/api.w.org\/{rel}","templated":true}]}}