{"id":164,"date":"2018-09-09T14:48:44","date_gmt":"2018-09-09T17:48:44","guid":{"rendered":"http:\/\/santuariodeumbanda.com.br\/site\/?page_id=164"},"modified":"2019-06-24T14:50:33","modified_gmt":"2019-06-24T17:50:33","slug":"cachoeiras","status":"publish","type":"page","link":"https:\/\/santuariodeumbanda.com.br\/site\/locais-para-oferendas\/cachoeiras\/","title":{"rendered":"Cachoeiras"},"content":{"rendered":"<h2><strong>O acesso a\u00a0 terceira cachoeira &#8211; a mais alta &#8211;\u00a0 somente abre aos finais de semana. De ter\u00e7a a sexta o acesso \u00e9 fechado.<\/strong><\/h2>\n<p>As cachoeiras s\u00e3o a representa\u00e7\u00e3o da pr\u00f3pria divindade <a href=\"http:\/\/santuariodeumbanda.com.br\/site\/locais-para-oferendas\/vale-dos-orixas\/oxum\/\" target=\"_blank\" rel=\"noopener\">Oxum,<\/a>\u00a0expressando a pureza, a renova\u00e7\u00e3o, a abund\u00e2ncia e fluidez da vida. Pelas \u00e1guas se nasce, na sacraliza\u00e7\u00e3o do batismo, pelas \u00e1guas se rega a terra e faz brotar a vida. E essa mesma \u00e1gua, indispens\u00e1vel ao nosso corpo, alimenta e limpa. Esse \u00e9 o poder das cachoeiras, fonte inesgot\u00e1vel de nascimento e vida espiritual. S\u00e3o elas que fertilizam o solo, se espalham pelo planeta atrav\u00e9s dos regatos, ribeir\u00f5es e rios e se unem ao mar, conectando-se com a imensid\u00e3o da vida.<\/p>\n<p><img loading=\"lazy\" decoding=\"async\" class=\"size-medium wp-image-1251 alignright\" src=\"http:\/\/santuariodeumbanda.com.br\/site\/wp-content\/uploads\/2018\/09\/cachoeira-Santu\u00e1rio-Nacional-de-Umbanda-FUGABC-300x200.jpg\" alt=\"\" width=\"300\" height=\"200\" srcset=\"https:\/\/santuariodeumbanda.com.br\/site\/wp-content\/uploads\/2018\/09\/cachoeira-Santu\u00e1rio-Nacional-de-Umbanda-FUGABC-300x200.jpg 300w, https:\/\/santuariodeumbanda.com.br\/site\/wp-content\/uploads\/2018\/09\/cachoeira-Santu\u00e1rio-Nacional-de-Umbanda-FUGABC-600x400.jpg 600w, https:\/\/santuariodeumbanda.com.br\/site\/wp-content\/uploads\/2018\/09\/cachoeira-Santu\u00e1rio-Nacional-de-Umbanda-FUGABC-768x512.jpg 768w, https:\/\/santuariodeumbanda.com.br\/site\/wp-content\/uploads\/2018\/09\/cachoeira-Santu\u00e1rio-Nacional-de-Umbanda-FUGABC.jpg 900w\" sizes=\"(max-width: 300px) 100vw, 300px\" \/>No <a href=\"http:\/\/santuariodeumbanda.com.br\/site\/santuario-nacional-da-umbanda\/historia\/\" target=\"_blank\" rel=\"noopener\">Santu\u00e1rio Nacional da Umbanda<\/a> nasce o Ribeir\u00e3o do Pedroso, espalhando-se em tr\u00eas quedas d&#8217;\u00e1gua.\u00a0Por serem sagradas, as \u00e1guas precisam ser respeitadas. Nas nascentes \u00e9 permitido banhar-se em rituais sagrados de inicia\u00e7\u00e3o a Mam\u00e3e <a href=\"http:\/\/santuariodeumbanda.com.br\/site\/locais-para-oferendas\/vale-dos-orixas\/oxum\/\" target=\"_blank\" rel=\"noopener\">Oxum<\/a>, contudo, este <strong>banho somente \u00e9 permitido com roupas<\/strong> e tendo uma roupa de banho por baixo, j\u00e1 que a roupa molhada fica transparente.<\/p>\n<h2>Lembre-se que o local \u00e9 um Santu\u00e1rio Sagrado, um local religioso, sendo, portanto, terminantemente <strong>proibido<\/strong> o banho sem roupas. Quem desobedecer esta regra ser\u00e1 convidado a se retirar imediatamente e ficar\u00e1 impedido de entrar novamente no Santu\u00e1rio.<\/h2>\n<p>O respeito \u00e0 natureza se estende tamb\u00e9m em n\u00e3o jogar nada nas \u00e1guas. N\u00e3o utilize sabonetes, nem \u00f3leos, nem azeite de dend\u00ea, ou alimentos nas \u00e1guas. As nascentes fluem no Santu\u00e1rio em tr\u00eas n\u00edveis do terreno e as pessoas que est\u00e3o mais a baixo da nascente merecem receber a \u00e1gua com o mesmo grau de pureza, que os que est\u00e3o mais acima recebem. Al\u00e9m do ribeir\u00e3o do Pedroso auxiliar, juntamente com o Rio Grande e o Ribeir\u00e3o Pires, o abastecimento de \u00e1gua da cidade de Santo Andr\u00e9.<\/p>\n<p>Desfrute, louve a natureza, se conecte com a Mam\u00e3e<a href=\"http:\/\/santuariodeumbanda.com.br\/site\/locais-para-oferendas\/vale-dos-orixas\/oxum\/\" target=\"_blank\" rel=\"noopener\"> Oxum<\/a>, sinta a presen\u00e7a da Divindade no som da cachoeira, na for\u00e7a e pureza de suas \u00e1guas e fa\u00e7a sua parte, como um religioso que entende a profundidade de sua miss\u00e3o &#8211; de respeitar \u00e0s \u00e1guas sagradas da Orix\u00e1\u00a0<a href=\"http:\/\/santuariodeumbanda.com.br\/site\/locais-para-oferendas\/vale-dos-orixas\/oxum\/\">Oxum<\/a>.<\/p>\n<p>&nbsp;<\/p>\n<p><a href=\"http:\/\/santuariodeumbanda.com.br\/site\/wp-content\/uploads\/2018\/09\/cachoeira-2-Santu\u00e1rio-Nacional-de-Umbanda-FUGABC.jpg\"><img loading=\"lazy\" decoding=\"async\" class=\"alignright size-full wp-image-1252\" src=\"http:\/\/santuariodeumbanda.com.br\/site\/wp-content\/uploads\/2018\/09\/cachoeira-2-Santu\u00e1rio-Nacional-de-Umbanda-FUGABC.jpg\" alt=\"\" width=\"900\" height=\"600\" srcset=\"https:\/\/santuariodeumbanda.com.br\/site\/wp-content\/uploads\/2018\/09\/cachoeira-2-Santu\u00e1rio-Nacional-de-Umbanda-FUGABC.jpg 900w, https:\/\/santuariodeumbanda.com.br\/site\/wp-content\/uploads\/2018\/09\/cachoeira-2-Santu\u00e1rio-Nacional-de-Umbanda-FUGABC-600x400.jpg 600w, https:\/\/santuariodeumbanda.com.br\/site\/wp-content\/uploads\/2018\/09\/cachoeira-2-Santu\u00e1rio-Nacional-de-Umbanda-FUGABC-300x200.jpg 300w, https:\/\/santuariodeumbanda.com.br\/site\/wp-content\/uploads\/2018\/09\/cachoeira-2-Santu\u00e1rio-Nacional-de-Umbanda-FUGABC-768x512.jpg 768w\" sizes=\"(max-width: 900px) 100vw, 900px\" \/><\/a><\/p>\n","protected":false},"excerpt":{"rendered":"<p>O acesso a\u00a0 terceira cachoeira &#8211; a mais alta &#8211;\u00a0 somente abre aos finais de semana. De ter\u00e7a a sexta o acesso \u00e9 fechado. As cachoeiras s\u00e3o a representa\u00e7\u00e3o da pr\u00f3pria divindade Oxum,\u00a0expressando a pureza, a renova\u00e7\u00e3o, a abund\u00e2ncia e fluidez da vida. Pelas \u00e1guas se nasce, na sacraliza\u00e7\u00e3o do batismo, pelas \u00e1guas se rega [&hellip;]<\/p>\n","protected":false},"author":6,"featured_media":1138,"parent":158,"menu_order":0,"comment_status":"closed","ping_status":"closed","template":"","meta":{"footnotes":""},"_links":{"self":[{"href":"https:\/\/santuariodeumbanda.com.br\/site\/wp-json\/wp\/v2\/pages\/164"}],"collection":[{"href":"https:\/\/santuariodeumbanda.com.br\/site\/wp-json\/wp\/v2\/pages"}],"about":[{"href":"https:\/\/santuariodeumbanda.com.br\/site\/wp-json\/wp\/v2\/types\/page"}],"author":[{"embeddable":true,"href":"https:\/\/santuariodeumbanda.com.br\/site\/wp-json\/wp\/v2\/users\/6"}],"replies":[{"embeddable":true,"href":"https:\/\/santuariodeumbanda.com.br\/site\/wp-json\/wp\/v2\/comments?post=164"}],"version-history":[{"count":26,"href":"https:\/\/santuariodeumbanda.com.br\/site\/wp-json\/wp\/v2\/pages\/164\/revisions"}],"predecessor-version":[{"id":1982,"href":"https:\/\/santuariodeumbanda.com.br\/site\/wp-json\/wp\/v2\/pages\/164\/revisions\/1982"}],"up":[{"embeddable":true,"href":"https:\/\/santuariodeumbanda.com.br\/site\/wp-json\/wp\/v2\/pages\/158"}],"wp:featuredmedia":[{"embeddable":true,"href":"https:\/\/santuariodeumbanda.com.br\/site\/wp-json\/wp\/v2\/media\/1138"}],"wp:attachment":[{"href":"https:\/\/santuariodeumbanda.com.br\/site\/wp-json\/wp\/v2\/media?parent=164"}],"curies":[{"name":"wp","href":"https:\/\/api.w.org\/{rel}","templated":true}]}}