{"id":166,"date":"2018-09-09T14:48:57","date_gmt":"2018-09-09T17:48:57","guid":{"rendered":"http:\/\/santuariodeumbanda.com.br\/site\/?page_id=166"},"modified":"2018-11-14T21:02:44","modified_gmt":"2018-11-15T00:02:44","slug":"pedreira","status":"publish","type":"page","link":"https:\/\/santuariodeumbanda.com.br\/site\/locais-para-oferendas\/pedreira\/","title":{"rendered":"Pedreira de Xang\u00f4"},"content":{"rendered":"<p>Pedreiras s\u00e3o fontes de emana\u00e7\u00e3o de poder e energia primordial da vida. As pedras naturais s\u00e3o bases para constru\u00e7\u00f5es s\u00f3lidas, assim como a justi\u00e7a e a for\u00e7a de <a href=\"http:\/\/santuariodeumbanda.com.br\/site\/locais-para-oferendas\/vale-dos-orixas\/xango\/\" target=\"_blank\" rel=\"noopener\">Xang\u00f4<\/a>. Por isso, as pedreiras s\u00e3o locais ideais para fazer oferendas a este Orix\u00e1, que tamb\u00e9m domina o fogo e as lavas dos vulc\u00f5es.<\/p>\n<p>No passado, toda a regi\u00e3o do <a href=\"http:\/\/santuariodeumbanda.com.br\/site\/santuario-nacional-da-umbanda\/historia\/\" target=\"_blank\" rel=\"noopener\">Santu\u00e1rio Nacional da Umbanda<\/a> era a antiga Pedreira Montanh\u00e3o. Raz\u00e3o pela qual, existem muitas pedras naturais no local.<\/p>\n<p>Escolhemos um pared\u00e3o especial de pedras reservado a <a href=\"http:\/\/santuariodeumbanda.com.br\/site\/locais-para-oferendas\/vale-dos-orixas\/xango\/\" target=\"_blank\" rel=\"noopener\">Xang\u00f4<\/a>, aonde n\u00e3o apenas os visitantes podem deixar suas oferendas mas, tamb\u00e9m realizar cerim\u00f4nias de inicia\u00e7\u00e3o ao Orix\u00e1. Se para toda constru\u00e7\u00e3o segura exige-se uma boa funda\u00e7\u00e3o, da mesma forma, o culto a <a href=\"http:\/\/santuariodeumbanda.com.br\/site\/locais-para-oferendas\/vale-dos-orixas\/xango\/\" target=\"_blank\" rel=\"noopener\">Xang\u00f4<\/a> \u00e9 de fundamental import\u00e2ncia para alicer\u00e7ar nossos fundamentos religiosos.<\/p>\n<p><a href=\"http:\/\/santuariodeumbanda.com.br\/site\/wp-content\/uploads\/2018\/09\/Pedreira-de-Xang\u00f4-Santu\u00e1rio-Nacional-de-Umbanda-FUGABC.jpg\"><img loading=\"lazy\" decoding=\"async\" class=\"alignright size-full wp-image-1213\" src=\"http:\/\/santuariodeumbanda.com.br\/site\/wp-content\/uploads\/2018\/09\/Pedreira-de-Xang\u00f4-Santu\u00e1rio-Nacional-de-Umbanda-FUGABC.jpg\" alt=\"\" width=\"800\" height=\"600\" srcset=\"https:\/\/santuariodeumbanda.com.br\/site\/wp-content\/uploads\/2018\/09\/Pedreira-de-Xang\u00f4-Santu\u00e1rio-Nacional-de-Umbanda-FUGABC.jpg 800w, https:\/\/santuariodeumbanda.com.br\/site\/wp-content\/uploads\/2018\/09\/Pedreira-de-Xang\u00f4-Santu\u00e1rio-Nacional-de-Umbanda-FUGABC-300x225.jpg 300w, https:\/\/santuariodeumbanda.com.br\/site\/wp-content\/uploads\/2018\/09\/Pedreira-de-Xang\u00f4-Santu\u00e1rio-Nacional-de-Umbanda-FUGABC-768x576.jpg 768w\" sizes=\"(max-width: 800px) 100vw, 800px\" \/><\/a><\/p>\n","protected":false},"excerpt":{"rendered":"<p>Pedreiras s\u00e3o fontes de emana\u00e7\u00e3o de poder e energia primordial da vida. As pedras naturais s\u00e3o bases para constru\u00e7\u00f5es s\u00f3lidas, assim como a justi\u00e7a e a for\u00e7a de Xang\u00f4. Por isso, as pedreiras s\u00e3o locais ideais para fazer oferendas a este Orix\u00e1, que tamb\u00e9m domina o fogo e as lavas dos vulc\u00f5es. No passado, toda [&hellip;]<\/p>\n","protected":false},"author":6,"featured_media":1141,"parent":158,"menu_order":0,"comment_status":"closed","ping_status":"closed","template":"","meta":{"footnotes":""},"_links":{"self":[{"href":"https:\/\/santuariodeumbanda.com.br\/site\/wp-json\/wp\/v2\/pages\/166"}],"collection":[{"href":"https:\/\/santuariodeumbanda.com.br\/site\/wp-json\/wp\/v2\/pages"}],"about":[{"href":"https:\/\/santuariodeumbanda.com.br\/site\/wp-json\/wp\/v2\/types\/page"}],"author":[{"embeddable":true,"href":"https:\/\/santuariodeumbanda.com.br\/site\/wp-json\/wp\/v2\/users\/6"}],"replies":[{"embeddable":true,"href":"https:\/\/santuariodeumbanda.com.br\/site\/wp-json\/wp\/v2\/comments?post=166"}],"version-history":[{"count":11,"href":"https:\/\/santuariodeumbanda.com.br\/site\/wp-json\/wp\/v2\/pages\/166\/revisions"}],"predecessor-version":[{"id":1474,"href":"https:\/\/santuariodeumbanda.com.br\/site\/wp-json\/wp\/v2\/pages\/166\/revisions\/1474"}],"up":[{"embeddable":true,"href":"https:\/\/santuariodeumbanda.com.br\/site\/wp-json\/wp\/v2\/pages\/158"}],"wp:featuredmedia":[{"embeddable":true,"href":"https:\/\/santuariodeumbanda.com.br\/site\/wp-json\/wp\/v2\/media\/1141"}],"wp:attachment":[{"href":"https:\/\/santuariodeumbanda.com.br\/site\/wp-json\/wp\/v2\/media?parent=166"}],"curies":[{"name":"wp","href":"https:\/\/api.w.org\/{rel}","templated":true}]}}