{"id":168,"date":"2018-09-09T14:49:28","date_gmt":"2018-09-09T17:49:28","guid":{"rendered":"http:\/\/santuariodeumbanda.com.br\/site\/?page_id=168"},"modified":"2018-11-14T23:22:05","modified_gmt":"2018-11-15T02:22:05","slug":"cruzeiro-das-almas","status":"publish","type":"page","link":"https:\/\/santuariodeumbanda.com.br\/site\/locais-para-oferendas\/cruzeiro-das-almas\/","title":{"rendered":"Cruzeiro das Almas"},"content":{"rendered":"<p><img loading=\"lazy\" decoding=\"async\" class=\"wp-image-874 size-medium alignleft\" src=\"http:\/\/santuariodeumbanda.com.br\/site\/wp-content\/uploads\/2018\/09\/cruzeiro-das-almas-2-300x238.jpeg\" alt=\"\" width=\"300\" height=\"238\" srcset=\"https:\/\/santuariodeumbanda.com.br\/site\/wp-content\/uploads\/2018\/09\/cruzeiro-das-almas-2-300x238.jpeg 300w, https:\/\/santuariodeumbanda.com.br\/site\/wp-content\/uploads\/2018\/09\/cruzeiro-das-almas-2.jpeg 572w\" sizes=\"(max-width: 300px) 100vw, 300px\" \/>No passado, era comum colocar uma cruz na estrada sempre que algu\u00e9m morria no local, marcando assim aonde as pessoas deveriam fazer suas preces ao falecido. At\u00e9 hoje encontra-se em cidades do interior do Brasil, sobretudo no Nordeste, esta tradi\u00e7\u00e3o de eternizar a perda e marcar o local da morte.<\/p>\n<p>A Igreja Cat\u00f3lica sempre reservou um espa\u00e7o especial destinado a ora\u00e7\u00e3o para as almas, depositando-se ali velas, flores e ora\u00e7\u00f5es para pessoas falecidas, desde os m\u00e1rtires da Igreja at\u00e9 os parentes mais pr\u00f3ximos.<\/p>\n<p>A Umbanda, mantendo a tradi\u00e7\u00e3o popular e sincretizando-se com a Igreja Cat\u00f3lica neste ponto, mantem dentro do Santu\u00e1rio o Cruzeiro das Almas no in\u00edcio da estrada que d\u00e1 acesso ao Vale dos Orix\u00e1s\u00ae, sendo um local de ora\u00e7\u00e3o para pessoas desencarnadas. \u00c9 conhecido tamb\u00e9m como cemit\u00e9rio das imagens.<\/p>\n<p>Muitas imagens podem ser encontradas no local, fruto de entregas que s\u00e3o realizadas quando o dono das imagens j\u00e1 passaram para o outro plano. Seguindo a tradi\u00e7\u00e3o Iorub\u00e1, este tipo de ora\u00e7\u00e3o entrega-se a <a href=\"http:\/\/santuariodeumbanda.com.br\/site\/locais-para-oferendas\/vale-dos-orixas\/abaluaie\/\" target=\"_blank\" rel=\"noopener\">Abaluai\u00ea<\/a>, Orix\u00e1 respons\u00e1vel pela encaminhamento das almas ao <em>Orum <\/em>(mundo espiritual), juntamente com <a href=\"http:\/\/santuariodeumbanda.com.br\/site\/locais-para-oferendas\/vale-dos-orixas\/iansa\/\" target=\"_blank\" rel=\"noopener\">Inha\u00e7\u00e3<\/a>, \u00fanica <em>yab\u00e1 <\/em>(Orix\u00e1 feminino) capaz de enfrentar a morte.<\/p>\n<p><a href=\"http:\/\/santuariodeumbanda.com.br\/site\/wp-content\/uploads\/2018\/09\/cruzeiro-das-almas.jpeg\"><img loading=\"lazy\" decoding=\"async\" class=\"alignright size-medium wp-image-875\" src=\"http:\/\/santuariodeumbanda.com.br\/site\/wp-content\/uploads\/2018\/09\/cruzeiro-das-almas-300x225.jpeg\" alt=\"\" width=\"300\" height=\"225\" srcset=\"https:\/\/santuariodeumbanda.com.br\/site\/wp-content\/uploads\/2018\/09\/cruzeiro-das-almas-300x225.jpeg 300w, https:\/\/santuariodeumbanda.com.br\/site\/wp-content\/uploads\/2018\/09\/cruzeiro-das-almas-600x450.jpeg 600w, https:\/\/santuariodeumbanda.com.br\/site\/wp-content\/uploads\/2018\/09\/cruzeiro-das-almas.jpeg 640w\" sizes=\"(max-width: 300px) 100vw, 300px\" \/><\/a><\/p>\n<p>Apesar de muitas pessoas temerem a morte, a Umbanda reconhece que a morte \u00e9 apenas uma passagem para o outro plano, onde a miss\u00e3o do esp\u00edrito continua de uma outra forma. Apesar de temida por muitos, a morte pode representar tamb\u00e9m renascimento, sendo a oportunidade de renova\u00e7\u00e3o, j\u00e1 que a mat\u00e9ria envelhece e o esp\u00edrito precisa prosseguir sua viagem.\u00a0 Desta forma, o Cruzeiro das Almas tem papel importante na pr\u00e1tica umbandista, podendo ser depositado l\u00e1, tamb\u00e9m, os trabalhos que eventualmente, se precisaria fazer em um cemit\u00e9rio.<\/p>\n<p>Continue sua peregrina\u00e7\u00e3o pelo <a href=\"http:\/\/santuariodeumbanda.com.br\/site\/santuario-nacional-da-umbanda\/historia\/\" target=\"_blank\" rel=\"noopener\">Santu\u00e1rio Nacional da Umbanda<\/a>, visitando o <a href=\"http:\/\/santuariodeumbanda.com.br\/site\/locais-para-oferendas\/vale-dos-orixas\/\">Vale dos Orix\u00e1s\u00ae<\/a>.<\/p>\n<p>&nbsp;<\/p>\n<p><a href=\"http:\/\/santuariodeumbanda.com.br\/site\/wp-content\/uploads\/2018\/09\/Cruzeiro-das-Almas-Santu\u00e1rio-Nacional-de-Umbanda-FUGABC.jpg\"><img loading=\"lazy\" decoding=\"async\" class=\"alignright size-full wp-image-1236\" src=\"http:\/\/santuariodeumbanda.com.br\/site\/wp-content\/uploads\/2018\/09\/Cruzeiro-das-Almas-Santu\u00e1rio-Nacional-de-Umbanda-FUGABC.jpg\" alt=\"\" width=\"800\" height=\"600\" srcset=\"https:\/\/santuariodeumbanda.com.br\/site\/wp-content\/uploads\/2018\/09\/Cruzeiro-das-Almas-Santu\u00e1rio-Nacional-de-Umbanda-FUGABC.jpg 800w, https:\/\/santuariodeumbanda.com.br\/site\/wp-content\/uploads\/2018\/09\/Cruzeiro-das-Almas-Santu\u00e1rio-Nacional-de-Umbanda-FUGABC-600x450.jpg 600w, https:\/\/santuariodeumbanda.com.br\/site\/wp-content\/uploads\/2018\/09\/Cruzeiro-das-Almas-Santu\u00e1rio-Nacional-de-Umbanda-FUGABC-300x225.jpg 300w, https:\/\/santuariodeumbanda.com.br\/site\/wp-content\/uploads\/2018\/09\/Cruzeiro-das-Almas-Santu\u00e1rio-Nacional-de-Umbanda-FUGABC-768x576.jpg 768w\" sizes=\"(max-width: 800px) 100vw, 800px\" \/><\/a><\/p>\n<p>&nbsp;<\/p>\n<p>&nbsp;<\/p>\n<p>&nbsp;<\/p>\n","protected":false},"excerpt":{"rendered":"<p>No passado, era comum colocar uma cruz na estrada sempre que algu\u00e9m morria no local, marcando assim aonde as pessoas deveriam fazer suas preces ao falecido. At\u00e9 hoje encontra-se em cidades do interior do Brasil, sobretudo no Nordeste, esta tradi\u00e7\u00e3o de eternizar a perda e marcar o local da morte. A Igreja Cat\u00f3lica sempre reservou [&hellip;]<\/p>\n","protected":false},"author":6,"featured_media":0,"parent":158,"menu_order":0,"comment_status":"closed","ping_status":"closed","template":"","meta":{"footnotes":""},"_links":{"self":[{"href":"https:\/\/santuariodeumbanda.com.br\/site\/wp-json\/wp\/v2\/pages\/168"}],"collection":[{"href":"https:\/\/santuariodeumbanda.com.br\/site\/wp-json\/wp\/v2\/pages"}],"about":[{"href":"https:\/\/santuariodeumbanda.com.br\/site\/wp-json\/wp\/v2\/types\/page"}],"author":[{"embeddable":true,"href":"https:\/\/santuariodeumbanda.com.br\/site\/wp-json\/wp\/v2\/users\/6"}],"replies":[{"embeddable":true,"href":"https:\/\/santuariodeumbanda.com.br\/site\/wp-json\/wp\/v2\/comments?post=168"}],"version-history":[{"count":19,"href":"https:\/\/santuariodeumbanda.com.br\/site\/wp-json\/wp\/v2\/pages\/168\/revisions"}],"predecessor-version":[{"id":1500,"href":"https:\/\/santuariodeumbanda.com.br\/site\/wp-json\/wp\/v2\/pages\/168\/revisions\/1500"}],"up":[{"embeddable":true,"href":"https:\/\/santuariodeumbanda.com.br\/site\/wp-json\/wp\/v2\/pages\/158"}],"wp:attachment":[{"href":"https:\/\/santuariodeumbanda.com.br\/site\/wp-json\/wp\/v2\/media?parent=168"}],"curies":[{"name":"wp","href":"https:\/\/api.w.org\/{rel}","templated":true}]}}