{"id":175,"date":"2018-09-09T14:51:09","date_gmt":"2018-09-09T17:51:09","guid":{"rendered":"http:\/\/santuariodeumbanda.com.br\/site\/?page_id=175"},"modified":"2018-11-14T23:30:05","modified_gmt":"2018-11-15T02:30:05","slug":"praca-santa-sara-kali","status":"publish","type":"page","link":"https:\/\/santuariodeumbanda.com.br\/site\/locais-para-oferendas\/praca-santa-sara-kali\/","title":{"rendered":"Pra\u00e7a de Santa Sara Kali"},"content":{"rendered":"<p><a href=\"http:\/\/santuariodeumbanda.com.br\/site\/wp-content\/uploads\/2018\/09\/Santa-Sara-Kali-Santu\u00e1rio-Nacional-de-Umbanda-FUGABC.jpg\"><img loading=\"lazy\" decoding=\"async\" class=\"size-medium wp-image-1217 alignleft\" src=\"http:\/\/santuariodeumbanda.com.br\/site\/wp-content\/uploads\/2018\/09\/Santa-Sara-Kali-Santu\u00e1rio-Nacional-de-Umbanda-FUGABC-300x225.jpg\" alt=\"\" width=\"300\" height=\"225\" srcset=\"https:\/\/santuariodeumbanda.com.br\/site\/wp-content\/uploads\/2018\/09\/Santa-Sara-Kali-Santu\u00e1rio-Nacional-de-Umbanda-FUGABC-300x225.jpg 300w, https:\/\/santuariodeumbanda.com.br\/site\/wp-content\/uploads\/2018\/09\/Santa-Sara-Kali-Santu\u00e1rio-Nacional-de-Umbanda-FUGABC-768x576.jpg 768w, https:\/\/santuariodeumbanda.com.br\/site\/wp-content\/uploads\/2018\/09\/Santa-Sara-Kali-Santu\u00e1rio-Nacional-de-Umbanda-FUGABC.jpg 800w\" sizes=\"(max-width: 300px) 100vw, 300px\" \/><\/a>A Pra\u00e7a do\u00a0Povo Cigano fica logo ap\u00f3s a Casa dos Pretos-Velhos, aonde encontra-se o monumento de Santa Sara Kali.<\/p>\n<p>Linha das mais recentes a trabalhar na Umbanda, o Povo Cigano manisfesta-se na <em>Linha de Trabalho do Oriente<\/em> na Direita, apesar de existir <em><a href=\"http:\/\/santuariodeumbanda.com.br\/site\/locais-para-oferendas\/reino-dos-exus\/\" target=\"_blank\" rel=\"noopener\">Pomba Gira<\/a> Cigana<\/em> tratando-se de outra Linha na Esquerda. Carrega grande admira\u00e7\u00e3o dos umbandistas pela alegria e encantamentos m\u00e1gicos que transmite. \u00c9 um povo de muita liberdade, leveza e poder e traz a for\u00e7a do fogo, em sintonia com <a href=\"http:\/\/santuariodeumbanda.com.br\/site\/locais-para-oferendas\/vale-dos-orixas\/iansa\/\" target=\"_blank\" rel=\"noopener\">Inha\u00e7\u00e3<\/a> e <a href=\"http:\/\/santuariodeumbanda.com.br\/site\/locais-para-oferendas\/vale-dos-orixas\/xango\/\" target=\"_blank\" rel=\"noopener\">Xang\u00f4<\/a>.<\/p>\n<p>S\u00e3o nomes comuns: Sulamita, Das Matas Virgens, Carmensita, Esmeralda, Jade, Cristal, Vladimir, Jacob, Sandro, dentre outros. Seus trabalhos s\u00e3o voltados para o amor, fam\u00edlia, prosperidade e abertura de caminhos.<\/p>\n<p>Sara Kali \u00e9 a padroeira do Povo Cigano e \u00e9 considerada santa pela Igreja Cat\u00f3lica, a qual a canonizou em 1712, apesar de seu culto ser pouco divulgado pela Igreja. O que se sabe \u00e9 que Sara era escrava e teria convivido com Jesus, tendo sobrevivido a um atentado no mar, gra\u00e7as a sua f\u00e9.<\/p>\n<p>O culto ao Povo Cigano costuma utilizar elementos como as pedras preciosas e os cristais. \u00c9 comum tamb\u00e9m consultas com o Tar\u00f4 Cigano e a utiliza\u00e7\u00e3o de elementos como incenso de canela, mirra e muita dan\u00e7a e fartura, j\u00e1 que o povo cigano \u00e9 muito alegre e festivo.<\/p>\n<p>&nbsp;<\/p>\n<p><a href=\"http:\/\/santuariodeumbanda.com.br\/site\/wp-content\/uploads\/2018\/09\/Ciganos-Santu\u00e1rio-Nacional-de-Umbanda-FUGABC.jpg\"><img loading=\"lazy\" decoding=\"async\" class=\"alignright size-medium wp-image-1199\" src=\"http:\/\/santuariodeumbanda.com.br\/site\/wp-content\/uploads\/2018\/09\/Ciganos-Santu\u00e1rio-Nacional-de-Umbanda-FUGABC-200x300.jpg\" alt=\"\" width=\"200\" height=\"300\" srcset=\"https:\/\/santuariodeumbanda.com.br\/site\/wp-content\/uploads\/2018\/09\/Ciganos-Santu\u00e1rio-Nacional-de-Umbanda-FUGABC-200x300.jpg 200w, https:\/\/santuariodeumbanda.com.br\/site\/wp-content\/uploads\/2018\/09\/Ciganos-Santu\u00e1rio-Nacional-de-Umbanda-FUGABC.jpg 600w\" sizes=\"(max-width: 200px) 100vw, 200px\" \/><\/a><\/p>\n<h3>Roupas e adere\u00e7os<\/h3>\n<p>A tradi\u00e7\u00e3o cigana carrega muitas cores e enfeites. As roupas s\u00e3o cheias de len\u00e7os, xales e moedas douradas penduradas. As mulheres costumam usar pulseiras, argolas e an\u00e9is coloridos. Muitos amarram len\u00e7os na cabe\u00e7a, seguindo a lenda de Santa Sara que jurou permanecer de cabe\u00e7a coberta como s\u00edmbolo de sua f\u00e9 e santidade. Tamb\u00e9m \u00e9 comum o uso de leques e instrumentos musicais como as castanholas, a meia lua e o pandeiro enfeitados com fitas coloridas.<\/p>\n<p>&nbsp;<\/p>\n<h3>Sauda\u00e7\u00e3o e oferendas<\/h3>\n<p>A sauda\u00e7\u00e3o usada para o Povo Cigano \u00e9<strong> &#8220;Optch\u00e1&#8221;<\/strong> e <strong>&#8220;Al\u00ea Arriba&#8221;<\/strong>. Suas oferendas s\u00e3o vinho, p\u00e3es e frutas frescas e secas, flores e incensos de mirra, jasmim, alecrim e cravo e canela. As velas geralmente s\u00e3o douradas, vermelho, branco e vermelho ou laranja, mas podem variar a depender do Guia. Seu dia de homenagem \u00e9 24 de maio &#8211; Dia de Santa Sara Kali.<\/p>\n<p>&nbsp;<\/p>\n<h3><a href=\"http:\/\/santuariodeumbanda.com.br\/site\/wp-content\/uploads\/2018\/09\/Ciganos-2-Santu\u00e1rio-Nacional-de-Umbanda-FUGABC.jpg\"><img loading=\"lazy\" decoding=\"async\" class=\"size-medium wp-image-1243 alignleft\" src=\"http:\/\/santuariodeumbanda.com.br\/site\/wp-content\/uploads\/2018\/09\/Ciganos-2-Santu\u00e1rio-Nacional-de-Umbanda-FUGABC-300x225.jpg\" alt=\"\" width=\"300\" height=\"225\" srcset=\"https:\/\/santuariodeumbanda.com.br\/site\/wp-content\/uploads\/2018\/09\/Ciganos-2-Santu\u00e1rio-Nacional-de-Umbanda-FUGABC-300x225.jpg 300w, https:\/\/santuariodeumbanda.com.br\/site\/wp-content\/uploads\/2018\/09\/Ciganos-2-Santu\u00e1rio-Nacional-de-Umbanda-FUGABC-600x450.jpg 600w, https:\/\/santuariodeumbanda.com.br\/site\/wp-content\/uploads\/2018\/09\/Ciganos-2-Santu\u00e1rio-Nacional-de-Umbanda-FUGABC-768x576.jpg 768w, https:\/\/santuariodeumbanda.com.br\/site\/wp-content\/uploads\/2018\/09\/Ciganos-2-Santu\u00e1rio-Nacional-de-Umbanda-FUGABC.jpg 800w\" sizes=\"(max-width: 300px) 100vw, 300px\" \/><\/a>Lenda de Santa Sara Kali &#8211; Fonte: <a href=\"http:\/\/www.embaixadacigana.org.br\/saint.html\" target=\"_blank\" rel=\"noopener\">Embaixada Cigana<\/a><\/h3>\n<blockquote>\n<p align=\"justify\"><em>&#8220;A primeira men\u00e7\u00e3o hist\u00f3rica a respeito de Sarah la Kali foi encontrada em um texto escrito em 1521, por Vincent Philippon intitulado, A Lenda das Santas-Marias. Suas p\u00e1ginas manuscritas encontram-se agora na biblioteca de Arles. Nesta vers\u00e3o da lenda, Sarah vivia em Camargue, sul da Fran\u00e7a (sem mais detalhes) entre ciganos do cl\u00e3 Sinte.<\/em><\/p>\n<p align=\"justify\"><em>De acordo com outra narrativa, Sarah era de nascen\u00e7a uma eg\u00edpcia e foi para a Palestina como escrava de Jos\u00e9 de Arimat\u00e9ia. Este, que no ano 50 d.C empreendeu fuga da persegui\u00e7\u00e3o romana aos crist\u00e3os, viajando atrav\u00e9s do mar em uma pequena embarca\u00e7\u00e3o acompanhado de Maria Jacobina (irm\u00e3 de Maria de Nazar\u00e9), Maria Salom\u00e9(m\u00e3e dos ap\u00f3stolos Jo\u00e3o e Tiago) e Maria (m\u00e3e de Jesus). Eles se depararam com uma tempestade severa e segundo essa vers\u00e3o da lenda, Sarah guiou a todos, por meio da leitura das estrelas, para a costa distante, no sul da Fran\u00e7a.<\/em><\/p>\n<p><em>Em outra lenda que n\u00f3s, ciganos Sinte, acreditamos muito mais &#8230;Sarah la Kali foi uma cigana que estava acampada na costa ao sul da Fran\u00e7a, quando o barco em quest\u00e3o se aproximou. E o contato entre ela e as &#8220;marias vindas do mar&#8221; se deu da seguinte forma: de acordo com Franz Ville, autor do livro (Tziganes, editado em Bruxelas 1956): &#8221; Uma de nossa gente foi quem recebeu a primeira revela\u00e7\u00e3o e essa pessoa foi Sarah la Kali. Nascida em uma fam\u00edlia cigana, Sarah la Kali foi a pessoa principal de seu cl\u00e3 em Rhone (antigo nome da atual cidade de Saint Marie de La Mer). Ela foi escolhida como sacerdotisa-iniciada nos elementos Terra, \u00c1gua e Ar e \u00e9 por esse motivo que se vestia de preto, da\u00ed seu nome Sarah la Kali (em Roman\u00eas, Kali significa preto). Conhecedora de todos os segredos a ela transmitidos, e diga-se de passagem eram muitos os segredos; pois n\u00f3s, ciganos, a esse tempo j\u00e1 conhec\u00edamos os fundamentos de v\u00e1rias religi\u00f5es e domin\u00e1vamos v\u00e1rias formas de ocultismo. Nessa \u00e9poca uma vez por ano, os ciganos Sinte colocavam em seus ombros a est\u00e1tua de ISHTAR (a filha da Lua) e entravam no mar para receber suas ben\u00e7\u00e3os ( fato que atualmente ocorre com a imagem de Sarah la Kali). Ainda h\u00e1 registros nas tradi\u00e7\u00f5es orais em Romani desta parte da lenda:<\/em><\/p>\n<p><em> &#8221; um dia Sarah la Kali teve vis\u00f5es que a informaram: as &#8220;marias&#8221; que estiveram presentes \u00e0 morte de Jesus viriam para sua regi\u00e3o e que ela as ajudaria. Sarah viu-as chegando em um barco. O mar estava bravio e amea\u00e7ava afundar a embarca\u00e7\u00e3o. Sarah lan\u00e7ou seu len\u00e7o nas ondas e, usando o mesmo, caminhou sobre as \u00e1guas ajudando as &#8220;marias&#8221; a desembarcarem em seguran\u00e7a&#8230;&#8221;\u00a0<\/em><\/p><\/blockquote>\n<p>Muitas pessoas n\u00e3o entendem a diferen\u00e7a dos Ciganos da Linha do Oriente para os Ciganos da Linha de Esquerda. Visite a p\u00e1gina\u00a0<a href=\"http:\/\/santuariodeumbanda.com.br\/site\/locais-para-oferendas\/reino-dos-exus\/\">Reino dos Exus<\/a> para entender melhor!<\/p>\n<p>&nbsp;<\/p>\n","protected":false},"excerpt":{"rendered":"<p>A Pra\u00e7a do\u00a0Povo Cigano fica logo ap\u00f3s a Casa dos Pretos-Velhos, aonde encontra-se o monumento de Santa Sara Kali. Linha das mais recentes a trabalhar na Umbanda, o Povo Cigano manisfesta-se na Linha de Trabalho do Oriente na Direita, apesar de existir Pomba Gira Cigana tratando-se de outra Linha na Esquerda. Carrega grande admira\u00e7\u00e3o dos [&hellip;]<\/p>\n","protected":false},"author":6,"featured_media":0,"parent":158,"menu_order":0,"comment_status":"closed","ping_status":"closed","template":"","meta":{"footnotes":""},"_links":{"self":[{"href":"https:\/\/santuariodeumbanda.com.br\/site\/wp-json\/wp\/v2\/pages\/175"}],"collection":[{"href":"https:\/\/santuariodeumbanda.com.br\/site\/wp-json\/wp\/v2\/pages"}],"about":[{"href":"https:\/\/santuariodeumbanda.com.br\/site\/wp-json\/wp\/v2\/types\/page"}],"author":[{"embeddable":true,"href":"https:\/\/santuariodeumbanda.com.br\/site\/wp-json\/wp\/v2\/users\/6"}],"replies":[{"embeddable":true,"href":"https:\/\/santuariodeumbanda.com.br\/site\/wp-json\/wp\/v2\/comments?post=175"}],"version-history":[{"count":23,"href":"https:\/\/santuariodeumbanda.com.br\/site\/wp-json\/wp\/v2\/pages\/175\/revisions"}],"predecessor-version":[{"id":1504,"href":"https:\/\/santuariodeumbanda.com.br\/site\/wp-json\/wp\/v2\/pages\/175\/revisions\/1504"}],"up":[{"embeddable":true,"href":"https:\/\/santuariodeumbanda.com.br\/site\/wp-json\/wp\/v2\/pages\/158"}],"wp:attachment":[{"href":"https:\/\/santuariodeumbanda.com.br\/site\/wp-json\/wp\/v2\/media?parent=175"}],"curies":[{"name":"wp","href":"https:\/\/api.w.org\/{rel}","templated":true}]}}