{"id":1845,"date":"2019-02-24T18:10:56","date_gmt":"2019-02-24T21:10:56","guid":{"rendered":"http:\/\/santuariodeumbanda.com.br\/site\/?page_id=1845"},"modified":"2024-03-21T14:52:16","modified_gmt":"2024-03-21T17:52:16","slug":"videos","status":"publish","type":"page","link":"https:\/\/santuariodeumbanda.com.br\/site\/videos\/","title":{"rendered":"V\u00eddeos"},"content":{"rendered":"<h1 class=\"title style-scope ytd-video-primary-info-renderer\"><\/h1>\n<p>VISTA A\u00c9REA DO SANTU\u00c1RIO NACIONAL DA UMBANDA &#8211; PATRIM\u00d4NIO CULTURAL IMATERIAL DO ESTADO DE S\u00c3O PAULO<\/p>\n<p><iframe loading=\"lazy\" title=\"Santu\u00e1rio Nacional da Umbanda - Patrim\u00f4nio Cultural Imaterial do Estado de S\u00e3o Paulo - Brasil\" width=\"500\" height=\"281\" src=\"https:\/\/www.youtube.com\/embed\/rvhSTF20uYA?feature=oembed\" frameborder=\"0\" allow=\"accelerometer; autoplay; clipboard-write; encrypted-media; gyroscope; picture-in-picture; web-share\" allowfullscreen><\/iframe><\/p>\n<p>Playlist sobre Orix\u00e1s e Umbanda por Ronaldo Linares<\/p>\n<p><iframe loading=\"lazy\" title=\"Orix\u00e1s e Umbanda por Ronaldo Linares\" width=\"500\" height=\"281\" src=\"https:\/\/www.youtube.com\/embed\/videoseries?list=PLMf5tHG9_156QHN_7cByXzjAcC3kQGwdx\" frameborder=\"0\" allow=\"accelerometer; autoplay; clipboard-write; encrypted-media; gyroscope; picture-in-picture; web-share\" allowfullscreen><\/iframe><\/p>\n<p><iframe loading=\"lazy\" title=\"Santu\u00e1rio Nacional da Umbanda\" width=\"500\" height=\"281\" src=\"https:\/\/www.youtube.com\/embed\/videoseries?list=PLMf5tHG9_157ETu7_sPROHDikGVAolEYj\" frameborder=\"0\" allow=\"accelerometer; autoplay; clipboard-write; encrypted-media; gyroscope; picture-in-picture; web-share\" allowfullscreen><\/iframe><\/p>\n","protected":false},"excerpt":{"rendered":"<p>VISTA A\u00c9REA DO SANTU\u00c1RIO NACIONAL DA UMBANDA &#8211; PATRIM\u00d4NIO CULTURAL IMATERIAL DO ESTADO DE S\u00c3O PAULO Playlist sobre Orix\u00e1s e Umbanda por Ronaldo Linares<\/p>\n","protected":false},"author":6,"featured_media":0,"parent":0,"menu_order":7,"comment_status":"closed","ping_status":"closed","template":"","meta":{"footnotes":""},"_links":{"self":[{"href":"https:\/\/santuariodeumbanda.com.br\/site\/wp-json\/wp\/v2\/pages\/1845"}],"collection":[{"href":"https:\/\/santuariodeumbanda.com.br\/site\/wp-json\/wp\/v2\/pages"}],"about":[{"href":"https:\/\/santuariodeumbanda.com.br\/site\/wp-json\/wp\/v2\/types\/page"}],"author":[{"embeddable":true,"href":"https:\/\/santuariodeumbanda.com.br\/site\/wp-json\/wp\/v2\/users\/6"}],"replies":[{"embeddable":true,"href":"https:\/\/santuariodeumbanda.com.br\/site\/wp-json\/wp\/v2\/comments?post=1845"}],"version-history":[{"count":9,"href":"https:\/\/santuariodeumbanda.com.br\/site\/wp-json\/wp\/v2\/pages\/1845\/revisions"}],"predecessor-version":[{"id":4539,"href":"https:\/\/santuariodeumbanda.com.br\/site\/wp-json\/wp\/v2\/pages\/1845\/revisions\/4539"}],"wp:attachment":[{"href":"https:\/\/santuariodeumbanda.com.br\/site\/wp-json\/wp\/v2\/media?parent=1845"}],"curies":[{"name":"wp","href":"https:\/\/api.w.org\/{rel}","templated":true}]}}