{"id":195,"date":"2018-09-09T14:58:38","date_gmt":"2018-09-09T17:58:38","guid":{"rendered":"http:\/\/santuariodeumbanda.com.br\/site\/?page_id=195"},"modified":"2021-08-10T12:33:48","modified_gmt":"2021-08-10T15:33:48","slug":"infra-estrutura","status":"publish","type":"page","link":"https:\/\/santuariodeumbanda.com.br\/site\/santuario-nacional-da-umbanda\/infra-estrutura\/","title":{"rendered":"Infraestrutura"},"content":{"rendered":"<p>O Santu\u00e1rio possui uma completa infraestrutura para um excelente dia de trabalho espiritual ao lado da natureza. Conhe\u00e7a nosso espa\u00e7o de artigos religiosos, lanchonete, floricultura, estacionamento e sistema de vigil\u00e2ncia interna. Leia esta p\u00e1gina at\u00e9 o final para saber detalhes sobre cada um destes servi\u00e7os:<\/p>\n<p>&nbsp;<\/p>\n<h3><a href=\"http:\/\/santuariodeumbanda.com.br\/site\/wp-content\/uploads\/2018\/09\/Loja-e-estacionamento-Santu\u00e1rio-Nacional-de-Umbanda-FUGABC.jpg\"><img loading=\"lazy\" decoding=\"async\" class=\"size-medium wp-image-1271 alignleft\" src=\"http:\/\/santuariodeumbanda.com.br\/site\/wp-content\/uploads\/2018\/09\/Loja-e-estacionamento-Santu\u00e1rio-Nacional-de-Umbanda-FUGABC-300x225.jpg\" alt=\"\" width=\"300\" height=\"225\" srcset=\"https:\/\/santuariodeumbanda.com.br\/site\/wp-content\/uploads\/2018\/09\/Loja-e-estacionamento-Santu\u00e1rio-Nacional-de-Umbanda-FUGABC-300x225.jpg 300w, https:\/\/santuariodeumbanda.com.br\/site\/wp-content\/uploads\/2018\/09\/Loja-e-estacionamento-Santu\u00e1rio-Nacional-de-Umbanda-FUGABC-600x450.jpg 600w, https:\/\/santuariodeumbanda.com.br\/site\/wp-content\/uploads\/2018\/09\/Loja-e-estacionamento-Santu\u00e1rio-Nacional-de-Umbanda-FUGABC-768x576.jpg 768w, https:\/\/santuariodeumbanda.com.br\/site\/wp-content\/uploads\/2018\/09\/Loja-e-estacionamento-Santu\u00e1rio-Nacional-de-Umbanda-FUGABC.jpg 800w\" sizes=\"(max-width: 300px) 100vw, 300px\" \/><\/a>ARTIGOS RELIGIOSOS<\/h3>\n<p>Voc\u00ea foi visitar o Santu\u00e1rio Nacional da Umbanda e esqueceu a vela, a guia ou outro material para a sua oferenda? N\u00e3o se preocupe! Pensando nisso, o Santu\u00e1rio oferece um espa\u00e7o com artigos religiosos variados e itens essenciais para a sua oferenda. (<strong>N\u00e3o<\/strong> aceitamos cart\u00e3o de cr\u00e9dito e d\u00e9bito pela instabilidade de sinal).<\/p>\n<p>&nbsp;<\/p>\n<p>&nbsp;<\/p>\n<h3>LANCHONETE<\/h3>\n<p>Nossa lanchonete oferece lanches feitos na hora (queijo quente, misto, hamburguer, past\u00e9is fritos, etc.), salgados fritos e assados, caf\u00e9, leite, sucos, \u00e1gua mineral, doces e sorvetes. Praticamos pre\u00e7os justos, compat\u00edvel ao mercado.\u00a0 Lembre-se de se hidratar antes de come\u00e7ar os trabalhos, sobretudo em dias quentes!<\/p>\n<p>&nbsp;<\/p>\n<h3><strong><a href=\"http:\/\/santuariodeumbanda.com.br\/site\/wp-content\/uploads\/2018\/09\/Floricultura-Santu\u00e1rio-Nacional-da-Umbanda-FUGABC-1.jpg\"><img loading=\"lazy\" decoding=\"async\" class=\"size-medium wp-image-1272 alignleft\" src=\"http:\/\/santuariodeumbanda.com.br\/site\/wp-content\/uploads\/2018\/09\/Floricultura-Santu\u00e1rio-Nacional-da-Umbanda-FUGABC-1-300x225.jpg\" alt=\"\" width=\"300\" height=\"225\" srcset=\"https:\/\/santuariodeumbanda.com.br\/site\/wp-content\/uploads\/2018\/09\/Floricultura-Santu\u00e1rio-Nacional-da-Umbanda-FUGABC-1-300x225.jpg 300w, https:\/\/santuariodeumbanda.com.br\/site\/wp-content\/uploads\/2018\/09\/Floricultura-Santu\u00e1rio-Nacional-da-Umbanda-FUGABC-1-600x450.jpg 600w, https:\/\/santuariodeumbanda.com.br\/site\/wp-content\/uploads\/2018\/09\/Floricultura-Santu\u00e1rio-Nacional-da-Umbanda-FUGABC-1-768x576.jpg 768w, https:\/\/santuariodeumbanda.com.br\/site\/wp-content\/uploads\/2018\/09\/Floricultura-Santu\u00e1rio-Nacional-da-Umbanda-FUGABC-1.jpg 800w\" sizes=\"(max-width: 300px) 100vw, 300px\" \/><\/a>FLORICULTURA<\/strong><\/h3>\n<p>Sabemos que a flor natural \u00e9 parte da maioria das oferendas e muitas vezes n\u00e3o temos tempo de ir \u00e0 uma floricultura. Muitas vezes, elas n\u00e3o resistem ao calor durante a viagem e chegam murchas ao Santu\u00e1rio. Por este motivo, temos o <em>Cantinho das Flores, <\/em>l\u00e1 voc\u00ea encontra\u00a0rosas, cravos, mudas de plantas e pode fazer reservas antecipadas.<\/p>\n<p>&nbsp;<\/p>\n<p>&nbsp;<\/p>\n<h3><strong><a href=\"http:\/\/santuariodeumbanda.com.br\/site\/wp-content\/uploads\/2018\/09\/Estacionamento-Santu\u00e1rio-Nacional-de-Umbanda-FUGABC-1.jpg\"><img loading=\"lazy\" decoding=\"async\" class=\"alignright size-medium wp-image-1273\" src=\"http:\/\/santuariodeumbanda.com.br\/site\/wp-content\/uploads\/2018\/09\/Estacionamento-Santu\u00e1rio-Nacional-de-Umbanda-FUGABC-1-300x200.jpg\" alt=\"\" width=\"300\" height=\"200\" srcset=\"https:\/\/santuariodeumbanda.com.br\/site\/wp-content\/uploads\/2018\/09\/Estacionamento-Santu\u00e1rio-Nacional-de-Umbanda-FUGABC-1-300x200.jpg 300w, https:\/\/santuariodeumbanda.com.br\/site\/wp-content\/uploads\/2018\/09\/Estacionamento-Santu\u00e1rio-Nacional-de-Umbanda-FUGABC-1-600x400.jpg 600w, https:\/\/santuariodeumbanda.com.br\/site\/wp-content\/uploads\/2018\/09\/Estacionamento-Santu\u00e1rio-Nacional-de-Umbanda-FUGABC-1-768x512.jpg 768w, https:\/\/santuariodeumbanda.com.br\/site\/wp-content\/uploads\/2018\/09\/Estacionamento-Santu\u00e1rio-Nacional-de-Umbanda-FUGABC-1.jpg 900w\" sizes=\"(max-width: 300px) 100vw, 300px\" \/><\/a><\/strong><\/h3>\n<h3><\/h3>\n<h3><strong>ESTACIONAMENTO GRATUITO<\/strong><\/h3>\n<p>O Santu\u00e1rio possui amplo estacionamento, desde a entrada principal at\u00e9 as proximidades do Vale dos Orix\u00e1s. Temos ainda vagas especiais para \u00f4nibus e fretados. E <strong>n\u00e3o<\/strong> cobramos nenhuma taxa para estacionar.<\/p>\n<p>Em finais de semana festivos, contudo, devido ao n\u00famero limitado de vagas,\u00a0 torna-se complicado acolher a todos os ve\u00edculos dentro do Santu\u00e1rio. Por isso, <strong>incentivamos a carona solid\u00e1ria<\/strong> de nossos Irm\u00e3os de F\u00e9. Se voc\u00ea possui um ve\u00edculo pr\u00f3prio, combine com 2 ou 3 irm\u00e3os em um local central para todos e compartilhem um \u00fanico ve\u00edculo. Menos polui\u00e7\u00e3o ao nosso planeta, mais economia para todos (podem dividir o combust\u00edvel) e ainda se fazerem companhia durante o trajeto, estreitando os la\u00e7os de amizade. <strong>Seja consciente e compartilhe esta ideia!<\/strong><\/p>\n<p>&nbsp;<\/p>\n<h3><strong>VIGIL\u00c2NCIA INTERNA<\/strong><\/h3>\n<p>O Santu\u00e1rio \u00e9 monitorado por c\u00e2meras de seguran\u00e7a e conta com vigilantes a paisana e colaboradores com r\u00e1dios transmissores fazendo o monitoramento constante, al\u00e9m de prestar informa\u00e7\u00f5es sobre vagas dispon\u00edveis e localiza\u00e7\u00e3o geral das \u00e1reas.<\/p>\n<p><strong>Se voc\u00ea ainda n\u00e3o conhece o Santu\u00e1rio, venha passar um agrad\u00e1vel dia de trabalhos espirituais. <a href=\"http:\/\/santuariodeumbanda.com.br\/site\/reservas\/como-reservar\/\" target=\"_blank\" rel=\"noopener noreferrer\">Reserva j\u00e1<\/a> uma \u00e1rea.<\/strong><\/p>\n","protected":false},"excerpt":{"rendered":"<p>O Santu\u00e1rio possui uma completa infraestrutura para um excelente dia de trabalho espiritual ao lado da natureza. Conhe\u00e7a nosso espa\u00e7o de artigos religiosos, lanchonete, floricultura, estacionamento e sistema de vigil\u00e2ncia interna. Leia esta p\u00e1gina at\u00e9 o final para saber detalhes sobre cada um destes servi\u00e7os: &nbsp; ARTIGOS RELIGIOSOS Voc\u00ea foi visitar o Santu\u00e1rio Nacional da [&hellip;]<\/p>\n","protected":false},"author":6,"featured_media":0,"parent":11,"menu_order":1,"comment_status":"closed","ping_status":"closed","template":"","meta":{"footnotes":""},"_links":{"self":[{"href":"https:\/\/santuariodeumbanda.com.br\/site\/wp-json\/wp\/v2\/pages\/195"}],"collection":[{"href":"https:\/\/santuariodeumbanda.com.br\/site\/wp-json\/wp\/v2\/pages"}],"about":[{"href":"https:\/\/santuariodeumbanda.com.br\/site\/wp-json\/wp\/v2\/types\/page"}],"author":[{"embeddable":true,"href":"https:\/\/santuariodeumbanda.com.br\/site\/wp-json\/wp\/v2\/users\/6"}],"replies":[{"embeddable":true,"href":"https:\/\/santuariodeumbanda.com.br\/site\/wp-json\/wp\/v2\/comments?post=195"}],"version-history":[{"count":30,"href":"https:\/\/santuariodeumbanda.com.br\/site\/wp-json\/wp\/v2\/pages\/195\/revisions"}],"predecessor-version":[{"id":3134,"href":"https:\/\/santuariodeumbanda.com.br\/site\/wp-json\/wp\/v2\/pages\/195\/revisions\/3134"}],"up":[{"embeddable":true,"href":"https:\/\/santuariodeumbanda.com.br\/site\/wp-json\/wp\/v2\/pages\/11"}],"wp:attachment":[{"href":"https:\/\/santuariodeumbanda.com.br\/site\/wp-json\/wp\/v2\/media?parent=195"}],"curies":[{"name":"wp","href":"https:\/\/api.w.org\/{rel}","templated":true}]}}