{"id":217,"date":"2018-09-09T15:12:12","date_gmt":"2018-09-09T18:12:12","guid":{"rendered":"http:\/\/santuariodeumbanda.com.br\/site\/?page_id=217"},"modified":"2018-11-14T23:06:37","modified_gmt":"2018-11-15T02:06:37","slug":"compromisso-ambiental","status":"publish","type":"page","link":"https:\/\/santuariodeumbanda.com.br\/site\/quem-somos\/compromisso-ambiental\/","title":{"rendered":"Compromisso Ambiental"},"content":{"rendered":"<p>\u00c9 compromisso da nossa Umbanda reverenciar e preservar a natureza. Por isso, firmamos um s\u00e9rio e respons\u00e1vel compromisso ambiental, atrav\u00e9s de diversas a\u00e7\u00f5es. Conhe\u00e7a cada uma delas:<\/p>\n<p>&nbsp;<\/p>\n<h3>OFERENDAS BIODEGRAD\u00c1VEIS<\/h3>\n<p>Ensinamos e incentivamos os filiados da <a href=\"http:\/\/santuariodeumbanda.com.br\/site\/santuario-nacional-da-umbanda\/federacao-umbandista-do-grande-abc-fugabc\/\" target=\"_blank\" rel=\"noopener\">FUGABC <\/a>e nossos filhos de f\u00e9 da <a href=\"http:\/\/santuariodeumbanda.com.br\/site\/santuario-nacional-da-umbanda\/casa-de-pai-benedito-de-aruanda\/\" target=\"_blank\" rel=\"noopener\">Casa de Pai Benedito<\/a> a utilizarem, em suas oferendas, materiais naturais feitos de barro (como os alguidares); oferecendo &#8211; os perfumes, mel e outros itens que venham em frascos &#8211; sem as embalagens; bem como, oferecer flores sem inv\u00f3lucros pl\u00e1sticos. Contudo, sabemos que nem sempre todos os frequentadores do Santu\u00e1rio t\u00eam esta consci\u00eancia. Por isso, criamos a CARTILHA DO VISITANTE, com no\u00e7\u00f5es b\u00e1sicas ambientais e sugest\u00f5es de uso de materiais biodegrad\u00e1veis em suas oferendas.<\/p>\n<p>&nbsp;<\/p>\n<h3><strong>COLETA SELETIVA E RECICLAGEM<\/strong><\/h3>\n<p>Todo o lixo depositado no Santu\u00e1rio passa por um sistema de separa\u00e7\u00e3o de materiais e \u00e9 encaminhado a coleta seletiva, aproveitando tudo que pode ser reciclado. O pl\u00e1stico, os papel\u00f5es e os vidros s\u00e3o separados e os alimentos depositados nas oferendas s\u00e3o consumidos pela pr\u00f3pria fauna do local. Criamos a CARTILHA DO VISITANTE, justamente para propor maior consci\u00eancia dos frequentadores, evitando deixar no local qualquer subst\u00e2ncia que possa comprometer o meio ambiente.<\/p>\n<p>&nbsp;<\/p>\n<h3><strong>REFLORESTAMENTO<\/strong><\/h3>\n<div>\n<p>O Santu\u00e1rio da Umbanda foi todo reflorestado. \u00a0A \u00e1rea antes devastada por mais de 40 anos de extra\u00e7\u00e3o de brita pela antiga Pedreira Montanh\u00e3o (que ocupava o local) foi totalmente recuperada, n\u00e3o apenas na \u00e1rea que comp\u00f5e o Santu\u00e1rio, mas tamb\u00e9m em todo seu entorno. \u00a0Para tanto construiu um minhoc\u00e1rio e um canteiro de mudas onde foram cultivadas as plantas nativas at\u00e9 atingir o ponto correto do replantio, promovendo a beleza que hoje se reflete na exuber\u00e2ncia da flora no local.<\/p>\n<\/div>\n<p>&nbsp;<\/p>\n<p>Para mais conscientiza\u00e7\u00e3o, sobre as responsabilidades que os frequentadores devem ter ao visitar o Santu\u00e1rio Nacional da Umbanda, criamos a CARTILHA DO VISITANTE, com informa\u00e7\u00f5es importantes sobre o meio ambiente e sobre o Santu\u00e1rio. Voc\u00ea pode retirar a sua gratuitamente, na <a href=\"http:\/\/santuariodeumbanda.com.br\/site\/santuario-nacional-da-umbanda\/infra-estrutura\/\" target=\"_blank\" rel=\"noopener\">administra\u00e7\u00e3o &#8211; balc\u00e3o de reservas<\/a> do Santu\u00e1rio. Para baixar o PDF e imprimir sua cartilha, <a href=\"http:\/\/santuariodeumbanda.com.br\/site\/wp-content\/uploads\/2018\/09\/CARTILHA-SANTUARIO-NACIONAL-DA-UMBANDA.pdf\" target=\"_blank\" rel=\"noopener\"><strong>clique aqui<\/strong>.<\/a><\/p>\n","protected":false},"excerpt":{"rendered":"<p>\u00c9 compromisso da nossa Umbanda reverenciar e preservar a natureza. Por isso, firmamos um s\u00e9rio e respons\u00e1vel compromisso ambiental, atrav\u00e9s de diversas a\u00e7\u00f5es. Conhe\u00e7a cada uma delas: &nbsp; OFERENDAS BIODEGRAD\u00c1VEIS Ensinamos e incentivamos os filiados da FUGABC e nossos filhos de f\u00e9 da Casa de Pai Benedito a utilizarem, em suas oferendas, materiais naturais feitos [&hellip;]<\/p>\n","protected":false},"author":6,"featured_media":0,"parent":761,"menu_order":1,"comment_status":"closed","ping_status":"closed","template":"","meta":{"footnotes":""},"_links":{"self":[{"href":"https:\/\/santuariodeumbanda.com.br\/site\/wp-json\/wp\/v2\/pages\/217"}],"collection":[{"href":"https:\/\/santuariodeumbanda.com.br\/site\/wp-json\/wp\/v2\/pages"}],"about":[{"href":"https:\/\/santuariodeumbanda.com.br\/site\/wp-json\/wp\/v2\/types\/page"}],"author":[{"embeddable":true,"href":"https:\/\/santuariodeumbanda.com.br\/site\/wp-json\/wp\/v2\/users\/6"}],"replies":[{"embeddable":true,"href":"https:\/\/santuariodeumbanda.com.br\/site\/wp-json\/wp\/v2\/comments?post=217"}],"version-history":[{"count":15,"href":"https:\/\/santuariodeumbanda.com.br\/site\/wp-json\/wp\/v2\/pages\/217\/revisions"}],"predecessor-version":[{"id":1495,"href":"https:\/\/santuariodeumbanda.com.br\/site\/wp-json\/wp\/v2\/pages\/217\/revisions\/1495"}],"up":[{"embeddable":true,"href":"https:\/\/santuariodeumbanda.com.br\/site\/wp-json\/wp\/v2\/pages\/761"}],"wp:attachment":[{"href":"https:\/\/santuariodeumbanda.com.br\/site\/wp-json\/wp\/v2\/media?parent=217"}],"curies":[{"name":"wp","href":"https:\/\/api.w.org\/{rel}","templated":true}]}}