{"id":229,"date":"2018-09-09T15:14:14","date_gmt":"2018-09-09T18:14:14","guid":{"rendered":"http:\/\/santuariodeumbanda.com.br\/site\/?page_id=229"},"modified":"2024-08-10T11:53:56","modified_gmt":"2024-08-10T14:53:56","slug":"perguntas-frequentes","status":"publish","type":"page","link":"https:\/\/santuariodeumbanda.com.br\/site\/santuario-nacional-da-umbanda\/perguntas-frequentes\/","title":{"rendered":"Perguntas Frequentes"},"content":{"rendered":"<h3>PRINCIPAIS D\u00daVIDAS SOBRE O FUNCIONAMENTO DO SANTU\u00c1RIO EM 2021 DURANTE PANDEMIA ASSISTA:<\/h3>\n<p><iframe loading=\"lazy\" title=\"FUNCIONAMENTO DO SANTU\u00c1RIO E AS 10 RESTRI\u00c7\u00d5ES POR CAUSA DA PANDEMIA - ASSISTA AT\u00c9 O FINAL\" width=\"500\" height=\"281\" src=\"https:\/\/www.youtube.com\/embed\/wX6-JuFBzUo?feature=oembed\" frameborder=\"0\" allow=\"accelerometer; autoplay; clipboard-write; encrypted-media; gyroscope; picture-in-picture; web-share\" referrerpolicy=\"strict-origin-when-cross-origin\" allowfullscreen><\/iframe><\/p>\n<h3>1. Preciso ser da religi\u00e3o de Umbanda para visitar o Santu\u00e1rio?<\/h3>\n<p>N\u00e3o. Independente da religi\u00e3o, o Santu\u00e1rio Nacional da Umbanda \u00e9 visitado por pesquisadores, estrangeiros, alunos de diversos n\u00edveis de ensino e pessoas que gostam da natureza e de boas energias. Todos s\u00e3o bem vindos!<\/p>\n<p>&nbsp;<\/p>\n<h3>2. Posso visitar o Santu\u00e1rio sozinho (a) ou preciso estar com pessoas de algum templo para entrar?<\/h3>\n<p>Voc\u00ea pode visitar o Santu\u00e1rio sozinho, com a fam\u00edlia, amigos ou grupos. A entrada \u00e9 individual e dispensa v\u00ednculo com qualquer religi\u00e3o ou grupo.<\/p>\n<p>&nbsp;<\/p>\n<h3>3.\u00a0 PROFESSORES &#8211; Posso levar grupos de estudantes para conhecer o local?<\/h3>\n<p>Sim, esta \u00e9 uma pr\u00e1tica comum de diversas escolas e universidades. Contudo, existe a necessidade de agendar antecipadamente uma data, para que um instrutor de nossa equipe possa acompanhar o grupo e informar detalhes sobre a\u00a0<a href=\"http:\/\/santuariodeumbanda.com.br\/site\/wp-content\/uploads\/2018\/09\/CARTILHA-SANTUARIO-NACIONAL-DA-UMBANDA.pdf\" target=\"_blank\" rel=\"noopener noreferrer\">CARTILHA DO VISITANTE.<\/a><\/p>\n<h3><\/h3>\n<h3>4. Posso fotografar e filmar o Santu\u00e1rio?<\/h3>\n<p>Voc\u00ea tem permiss\u00e3o para fotografar ou filmar, com o celular, somente para uso pessoal, para guardar de lembran\u00e7a a sua experi\u00eancia ou a do seu grupo. Exceto, o Reino de Exus onde \u00e9 proibido fotografar. Para executar filmagens e fotografias profissionais \u00e9 necess\u00e1rio uma autoriza\u00e7\u00e3o pr\u00e9via com o Departamento de Comunica\u00e7\u00e3o do Santu\u00e1rio. Fale com\u00a0<strong>Maria Aparecida \u2013 11. 4232 \u2013 4085<\/strong> e envie sua solicita\u00e7\u00e3o\u00a0para: <b>federacaoabc@gmail.com<\/b>\u00a0informando os objetivos da sua fotografia\/ filmagem.<\/p>\n<p>&nbsp;<\/p>\n<h3>5. Qual o valor da entrada no Santu\u00e1rio?<\/h3>\n<p>O custo \u00e9 individual de R$ 20,00 (vinte reais). Menores de 12 anos (com apresenta\u00e7\u00e3o de\u00a0 documento) n\u00e3o pagam.<\/p>\n<p>&nbsp;<\/p>\n<h3>6. Quem reserva \u00e1rea precisa pagar a entrada no Santu\u00e1rio?<\/h3>\n<p>Sim. O valor da entrada independe de locar ou n\u00e3o uma \u00e1rea. Qualquer l\u00edder espiritual tamb\u00e9m dever\u00e1 pagar a sua entrada, com exce\u00e7\u00e3o apenas as casas filiadas a Federa\u00e7\u00e3o Umbandista do Grande ABC, as quais, apenas o l\u00edder tem isen\u00e7\u00e3o de pagamento. Os demais dever\u00e3o pagar normalmente.<\/p>\n<p>&nbsp;<\/p>\n<h3>7. Como fa\u00e7o para me filiar a Federa\u00e7\u00e3o Umbandista do Grande ABC?<\/h3>\n<p>Existem diversas vantagens em ser filiado \u00e0 Federa\u00e7\u00e3o. Entre no <a href=\"http:\/\/santuariodeumbanda.com.br\/site\/santuario-nacional-da-umbanda\/federacao-umbandista-do-grande-abc-fugabc\/\" target=\"_blank\" rel=\"noopener noreferrer\">p\u00e1gina da Federa\u00e7\u00e3o<\/a> e saiba porqu\u00ea o seu templo deve se filiar e como proceder para ser um associado.<\/p>\n<p>&nbsp;<\/p>\n<h3>8. N\u00e3o possuo um terreiro registrado mas, gostaria de realizar uma engira com meus irm\u00e3os\/filhos de f\u00e9. Posso alugar uma tenda, mesmo assim?<\/h3>\n<p>Sim. Existem alguns templos que s\u00f3 executam suas engiras no Santu\u00e1rio, dispensando, inclusive, a necessidade de loca\u00e7\u00e3o de terreiro f\u00edsico em outro local, por exemplo. Qualquer l\u00edder de grupo pode alugar, sem necessidade de ter um Templo registrado para isso.<\/p>\n<p>&nbsp;<\/p>\n<h3>9. Sou do Candombl\u00e9, posso alugar um espa\u00e7o?<\/h3>\n<p>Sim! O Santu\u00e1rio atende pessoas de diversas religi\u00f5es afro-amer\u00edndias ou de matrizes africanas, n\u00e3o apenas a Umbanda. Candombl\u00e9, Candombl\u00e9 de Caboclo, Tambor de Mina, Xang\u00f4 do Nordeste, Na\u00e7\u00e3o Xamb\u00e1, Jurema, Omolok\u00f4 e toda e qualquer forma de culto que tenha na Natureza e nos Orix\u00e1s sua f\u00e9 e seus ritos sagrados.<\/p>\n<p>&nbsp;<\/p>\n<h3>10. \u00c9 proibido sacrif\u00edcio animal no Santu\u00e1rio?<\/h3>\n<p>Por sermos uma \u00e1rea de preserva\u00e7\u00e3o ambiental <strong>n\u00e3o \u00e9 permitido<\/strong> oferenda com animais mortos, nem sacrif\u00edcio de animais no Santu\u00e1rio, de acordo com a legisla\u00e7\u00e3o local.\u00a0Quem descumprir esta regra ficar\u00e1 impedido de entrar novamente no Santu\u00e1rio.\u00a0Para saber mais, acesse nossa p\u00e1gina <a href=\"http:\/\/santuariodeumbanda.com.br\/site\/locais-para-oferendas\/\" target=\"_blank\" rel=\"noopener noreferrer\">Locais para Oferendas<\/a>.<\/p>\n<p>&nbsp;<\/p>\n<h3>11. O que \u00e9 feito das oferendas que l\u00e1 s\u00e3o depositadas?<\/h3>\n<p>A Natureza, em seu ciclo natural, se encarrega de alimentar a fauna local com os alimentos oferecidos. Os artigos de pl\u00e1stico e vidro s\u00e3o retirados periodicamente e encaminhados \u00e0 reciclagem. Os alguidares s\u00e3o quebrados e entregues ao solo.<\/p>\n<p>Salientamos, inclusive, a import\u00e2ncia da consci\u00eancia ambiental, evitando elementos, em suas oferendas, que possam prejudicar a Natureza. Para isto, criamos a <a href=\"http:\/\/santuariodeumbanda.com.br\/site\/wp-content\/uploads\/2018\/09\/CARTILHA-SANTUARIO-NACIONAL-DA-UMBANDA.pdf\" target=\"_blank\" rel=\"noopener noreferrer\">CARTILHA DO VISITANTE<\/a> para instruir sobre as melhores pr\u00e1ticas para uso do espa\u00e7o, nossas regrinhas de conviv\u00eancia e como voc\u00ea pode se engajar conosco, na preserva\u00e7\u00e3o de nosso Santu\u00e1rio Ecol\u00f3gico.<\/p>\n<p>&nbsp;<\/p>\n<h3>12. Voc\u00eas aceitam doa\u00e7\u00f5es?<\/h3>\n<p>Aceitamos doa\u00e7\u00f5es espont\u00e2neas de roupas e cal\u00e7ados em bom estado, brinquedos, fraldas descart\u00e1veis (infantil e geri\u00e1trica), os quais doamos \u00e0 creches e asilos do Grande ABC e S\u00e3o Paulo.<\/p>\n<p>Aceitamos tamb\u00e9m doa\u00e7\u00f5es de materiais de limpeza e insumos para a manuten\u00e7\u00e3o do pr\u00f3prio Santu\u00e1rio, desde que estejam de acordo com os j\u00e1 utilizados.<\/p>\n<p>Voc\u00ea tamb\u00e9m pode doar qualquer valor para:<\/p>\n<p><strong>CHAVE PIX: doe@santuariodaumbanda.com.br<\/strong><\/p>\n<p><strong>DOC ou TED<\/strong> \u2013 Conta Banco Santander (033)<\/p>\n<p>Federa\u00e7\u00e3o Umbandista do Grande ABC<\/p>\n<p>CNPJ: 49.243.140\/0001-80<\/p>\n<p>AG: 0270<\/p>\n<p>C\/C: 13.006.586-0<\/p>\n<p>&nbsp;<\/p>\n<h3>13. Posso levar meu pet para o Santu\u00e1rio?<\/h3>\n<div>O Santu\u00e1rio \u00e9 um templo a c\u00e9u aberto e, como tal, um local para a pr\u00e1tica religiosa. Por isso, n\u00e3o \u00e9 permitido levar animais.<\/div>\n","protected":false},"excerpt":{"rendered":"<p>PRINCIPAIS D\u00daVIDAS SOBRE O FUNCIONAMENTO DO SANTU\u00c1RIO EM 2021 DURANTE PANDEMIA ASSISTA: 1. Preciso ser da religi\u00e3o de Umbanda para visitar o Santu\u00e1rio? N\u00e3o. Independente da religi\u00e3o, o Santu\u00e1rio Nacional da Umbanda \u00e9 visitado por pesquisadores, estrangeiros, alunos de diversos n\u00edveis de ensino e pessoas que gostam da natureza e de boas energias. Todos s\u00e3o [&hellip;]<\/p>\n","protected":false},"author":6,"featured_media":0,"parent":11,"menu_order":0,"comment_status":"closed","ping_status":"closed","template":"","meta":{"footnotes":""},"_links":{"self":[{"href":"https:\/\/santuariodeumbanda.com.br\/site\/wp-json\/wp\/v2\/pages\/229"}],"collection":[{"href":"https:\/\/santuariodeumbanda.com.br\/site\/wp-json\/wp\/v2\/pages"}],"about":[{"href":"https:\/\/santuariodeumbanda.com.br\/site\/wp-json\/wp\/v2\/types\/page"}],"author":[{"embeddable":true,"href":"https:\/\/santuariodeumbanda.com.br\/site\/wp-json\/wp\/v2\/users\/6"}],"replies":[{"embeddable":true,"href":"https:\/\/santuariodeumbanda.com.br\/site\/wp-json\/wp\/v2\/comments?post=229"}],"version-history":[{"count":78,"href":"https:\/\/santuariodeumbanda.com.br\/site\/wp-json\/wp\/v2\/pages\/229\/revisions"}],"predecessor-version":[{"id":4678,"href":"https:\/\/santuariodeumbanda.com.br\/site\/wp-json\/wp\/v2\/pages\/229\/revisions\/4678"}],"up":[{"embeddable":true,"href":"https:\/\/santuariodeumbanda.com.br\/site\/wp-json\/wp\/v2\/pages\/11"}],"wp:attachment":[{"href":"https:\/\/santuariodeumbanda.com.br\/site\/wp-json\/wp\/v2\/media?parent=229"}],"curies":[{"name":"wp","href":"https:\/\/api.w.org\/{rel}","templated":true}]}}