{"id":281,"date":"2018-09-09T15:47:40","date_gmt":"2018-09-09T18:47:40","guid":{"rendered":"http:\/\/santuariodeumbanda.com.br\/site\/?page_id=281"},"modified":"2022-02-22T11:23:50","modified_gmt":"2022-02-22T14:23:50","slug":"como-chegar","status":"publish","type":"page","link":"https:\/\/santuariodeumbanda.com.br\/site\/santuario-nacional-da-umbanda\/como-chegar\/","title":{"rendered":"Como Chegar"},"content":{"rendered":"<p><strong>DE CARRO:<\/strong><\/p>\n<p style=\"font-weight: 400;\">Vindo pela <strong>Via Anchieta<\/strong> (sentido baixada) entre na <strong>sa\u00edda 25<\/strong>;<\/p>\n<p style=\"font-weight: 400;\">Passe sobre a Via Anchieta para o retorno e <strong>pegue o sentido da placa indicando S\u00e3o Paulo<\/strong>;<\/p>\n<p style=\"font-weight: 400;\">Dirija paralelamente a Rodovia (como se estivesse retornando a S\u00e3o Paulo) at\u00e9 a <strong>1\u00aa sa\u00edda \u00e0 direita;<\/strong><\/p>\n<p style=\"font-weight: 400;\">Entre <strong>\u00e0 direita at\u00e9 o farol<\/strong> (apenas um quarteir\u00e3o);<\/p>\n<p style=\"font-weight: 400;\"><strong>Vire \u00e0 direita no farol e siga<\/strong> em frente <strong>at\u00e9 terminar o asfalto<\/strong>;<\/p>\n<p style=\"font-weight: 400;\">Continue pela estrada de terra at\u00e9 chegar ao SANU.<\/p>\n<p>&nbsp;<\/p>\n<p><strong>DE TRANSPORTE P\u00daBLICO:<\/strong><\/p>\n<p style=\"font-weight: 400;\">Se vier de S\u00e3o Paulo pegue o <strong>Troleibus Ferraz\u00f3polis,<\/strong> no <strong>Terminal Jabaquara do Metr\u00f4<\/strong>;<\/p>\n<p style=\"font-weight: 400;\">No Terminal de Troleibus de Ferraz\u00f3polis (S\u00e3o Bernardo do Campo), <strong>des\u00e7a e dirija-se \u00e0 parte externa<\/strong> do Terminal;<\/p>\n<p style=\"font-weight: 400;\">Na mesma cal\u00e7ada do Terminal, embarque na\u00a0<strong>Linha 26 \u2013 Baraldi<\/strong>;<\/p>\n<p>Acompanhe o trajeto da Linha Baraldi no<a href=\"https:\/\/moovitapp.com\/index\/pt-br\/transporte_p%C3%BAblico-line-26-Sao_Paulo-242-851856-577923-0\" target=\"_blank\" rel=\"noopener\"><strong> App MOOVITA &#8211; Clique aqui.<\/strong><\/a><\/p>\n<p style=\"font-weight: 400;\">Pe\u00e7a ao motorista para descer no Santu\u00e1rio Nacional da Umbanda.\u00a0 Existe uma parada exatamente em frente a portaria;<\/p>\n<p><iframe loading=\"lazy\" style=\"border: 0;\" src=\"https:\/\/www.google.com\/maps\/embed?pb=!1m18!1m12!1m3!1d3652.090876846596!2d-46.51586643581209!3d-23.74413852425075!2m3!1f0!2f0!3f0!3m2!1i1024!2i768!4f13.1!3m3!1m2!1s0x94ce6a832f68d637%3A0x8f7e825d2f956e06!2sSantu%C3%A1rio+Nacional+da+Umbanda!5e0!3m2!1spt-BR!2sbr!4v1537902224385\" width=\"600\" height=\"450\" frameborder=\"0\" allowfullscreen=\"allowfullscreen\"><\/iframe><\/p>\n<p>&nbsp;<\/p>\n","protected":false},"excerpt":{"rendered":"<p>DE CARRO: Vindo pela Via Anchieta (sentido baixada) entre na sa\u00edda 25; Passe sobre a Via Anchieta para o retorno e pegue o sentido da placa indicando S\u00e3o Paulo; Dirija paralelamente a Rodovia (como se estivesse retornando a S\u00e3o Paulo) at\u00e9 a 1\u00aa sa\u00edda \u00e0 direita; Entre \u00e0 direita at\u00e9 o farol (apenas um quarteir\u00e3o); [&hellip;]<\/p>\n","protected":false},"author":6,"featured_media":0,"parent":11,"menu_order":0,"comment_status":"closed","ping_status":"closed","template":"","meta":{"footnotes":""},"_links":{"self":[{"href":"https:\/\/santuariodeumbanda.com.br\/site\/wp-json\/wp\/v2\/pages\/281"}],"collection":[{"href":"https:\/\/santuariodeumbanda.com.br\/site\/wp-json\/wp\/v2\/pages"}],"about":[{"href":"https:\/\/santuariodeumbanda.com.br\/site\/wp-json\/wp\/v2\/types\/page"}],"author":[{"embeddable":true,"href":"https:\/\/santuariodeumbanda.com.br\/site\/wp-json\/wp\/v2\/users\/6"}],"replies":[{"embeddable":true,"href":"https:\/\/santuariodeumbanda.com.br\/site\/wp-json\/wp\/v2\/comments?post=281"}],"version-history":[{"count":19,"href":"https:\/\/santuariodeumbanda.com.br\/site\/wp-json\/wp\/v2\/pages\/281\/revisions"}],"predecessor-version":[{"id":3355,"href":"https:\/\/santuariodeumbanda.com.br\/site\/wp-json\/wp\/v2\/pages\/281\/revisions\/3355"}],"up":[{"embeddable":true,"href":"https:\/\/santuariodeumbanda.com.br\/site\/wp-json\/wp\/v2\/pages\/11"}],"wp:attachment":[{"href":"https:\/\/santuariodeumbanda.com.br\/site\/wp-json\/wp\/v2\/media?parent=281"}],"curies":[{"name":"wp","href":"https:\/\/api.w.org\/{rel}","templated":true}]}}