{"id":285,"date":"2018-09-09T15:54:15","date_gmt":"2018-09-09T18:54:15","guid":{"rendered":"http:\/\/santuariodeumbanda.com.br\/site\/?page_id=285"},"modified":"2025-01-24T14:45:36","modified_gmt":"2025-01-24T17:45:36","slug":"horario-de-funcionamento","status":"publish","type":"page","link":"https:\/\/santuariodeumbanda.com.br\/site\/santuario-nacional-da-umbanda\/horario-de-funcionamento\/","title":{"rendered":"Hor\u00e1rio de Funcionamento"},"content":{"rendered":"<p>Atualiza\u00e7\u00e3o em 24\/01\/2025<\/p>\n<h3>Veja abaixo o calend\u00e1rio anual 2024 do Santu\u00e1rio Nacional da Umbanda.<\/h3>\n<p><strong>Em acordo com as regras de funcionamento do Santu\u00e1rio, ressaltamos:<\/strong><\/p>\n<h4><strong>Hor\u00e1rio de entrada: \u00a0 \u00a0 \u00a0 \u00a0 \u00a0 \u00a0 \u00a0 \u00a0 \u00a0 \u00a0 \u00a0 \u00a0 \u00a0 \u00a0 \u00a0 \u00a0 \u00a0 \u00a0 \u00a0 \u00a0 \u00a0 \u00a0 \u00a0 \u00a0 \u00a0 08:00h<\/strong><br \/>\n<strong>Fechamento da portaria para a entrada: \u00a0 \u00a0 \u00a0 \u00a0 \u00a0 \u00a0 \u00a0 \u00a014:00h<\/strong><br \/>\n<strong>Encerramento dos trabalhos: \u00a0 \u00a0 \u00a0 \u00a0 \u00a0 \u00a0 \u00a0 \u00a0 \u00a0 \u00a0 \u00a0 \u00a0 \u00a0 \u00a0 \u00a0 \u00a0 \u00a015:30h<\/strong><\/h4>\n<p><img loading=\"lazy\" decoding=\"async\" class=\"aligncenter size-full wp-image-4810\" src=\"https:\/\/santuariodeumbanda.com.br\/site\/wp-content\/uploads\/2025\/01\/SLIDE-SITE_HORARIOS-2025-copy.jpg\" alt=\"\" width=\"1440\" height=\"700\" srcset=\"https:\/\/santuariodeumbanda.com.br\/site\/wp-content\/uploads\/2025\/01\/SLIDE-SITE_HORARIOS-2025-copy.jpg 1440w, https:\/\/santuariodeumbanda.com.br\/site\/wp-content\/uploads\/2025\/01\/SLIDE-SITE_HORARIOS-2025-copy-300x146.jpg 300w, https:\/\/santuariodeumbanda.com.br\/site\/wp-content\/uploads\/2025\/01\/SLIDE-SITE_HORARIOS-2025-copy-1024x498.jpg 1024w, https:\/\/santuariodeumbanda.com.br\/site\/wp-content\/uploads\/2025\/01\/SLIDE-SITE_HORARIOS-2025-copy-768x373.jpg 768w, https:\/\/santuariodeumbanda.com.br\/site\/wp-content\/uploads\/2025\/01\/SLIDE-SITE_HORARIOS-2025-copy-600x292.jpg 600w\" sizes=\"(max-width: 1440px) 100vw, 1440px\" \/><\/p>\n<p>&nbsp;<\/p>\n<h2>Para baixar o Calend\u00e1rio Anual &#8211; Santu\u00e1rio Nacional da Umbanda 2024, <strong><a href=\"https:\/\/santuariodeumbanda.com.br\/site\/wp-content\/uploads\/2025\/01\/CALENDARIO-ANUAL-FUGABC-2025_PRINT-1.pdf\">CLIQUE AQUI<\/a>.<\/strong><\/h2>\n<p>&nbsp;<\/p>\n<p><img loading=\"lazy\" decoding=\"async\" class=\"aligncenter size-full wp-image-4811\" src=\"https:\/\/santuariodeumbanda.com.br\/site\/wp-content\/uploads\/2025\/01\/CALENDARIO-ANUAL-FUGABC-2025-scaled.jpg\" alt=\"\" width=\"1482\" height=\"2560\" srcset=\"https:\/\/santuariodeumbanda.com.br\/site\/wp-content\/uploads\/2025\/01\/CALENDARIO-ANUAL-FUGABC-2025-scaled.jpg 1482w, https:\/\/santuariodeumbanda.com.br\/site\/wp-content\/uploads\/2025\/01\/CALENDARIO-ANUAL-FUGABC-2025-174x300.jpg 174w, https:\/\/santuariodeumbanda.com.br\/site\/wp-content\/uploads\/2025\/01\/CALENDARIO-ANUAL-FUGABC-2025-593x1024.jpg 593w, https:\/\/santuariodeumbanda.com.br\/site\/wp-content\/uploads\/2025\/01\/CALENDARIO-ANUAL-FUGABC-2025-768x1327.jpg 768w, https:\/\/santuariodeumbanda.com.br\/site\/wp-content\/uploads\/2025\/01\/CALENDARIO-ANUAL-FUGABC-2025-889x1536.jpg 889w, https:\/\/santuariodeumbanda.com.br\/site\/wp-content\/uploads\/2025\/01\/CALENDARIO-ANUAL-FUGABC-2025-1186x2048.jpg 1186w, https:\/\/santuariodeumbanda.com.br\/site\/wp-content\/uploads\/2025\/01\/CALENDARIO-ANUAL-FUGABC-2025-600x1036.jpg 600w\" sizes=\"(max-width: 1482px) 100vw, 1482px\" \/><\/p>\n<p>&nbsp;<\/p>\n<h3><\/h3>\n","protected":false},"excerpt":{"rendered":"<p>Atualiza\u00e7\u00e3o em 24\/01\/2025 Veja abaixo o calend\u00e1rio anual 2024 do Santu\u00e1rio Nacional da Umbanda. Em acordo com as regras de funcionamento do Santu\u00e1rio, ressaltamos: Hor\u00e1rio de entrada: \u00a0 \u00a0 \u00a0 \u00a0 \u00a0 \u00a0 \u00a0 \u00a0 \u00a0 \u00a0 \u00a0 \u00a0 \u00a0 \u00a0 \u00a0 \u00a0 \u00a0 \u00a0 \u00a0 \u00a0 \u00a0 \u00a0 \u00a0 \u00a0 \u00a0 08:00h Fechamento da [&hellip;]<\/p>\n","protected":false},"author":6,"featured_media":0,"parent":11,"menu_order":0,"comment_status":"closed","ping_status":"closed","template":"","meta":{"footnotes":""},"_links":{"self":[{"href":"https:\/\/santuariodeumbanda.com.br\/site\/wp-json\/wp\/v2\/pages\/285"}],"collection":[{"href":"https:\/\/santuariodeumbanda.com.br\/site\/wp-json\/wp\/v2\/pages"}],"about":[{"href":"https:\/\/santuariodeumbanda.com.br\/site\/wp-json\/wp\/v2\/types\/page"}],"author":[{"embeddable":true,"href":"https:\/\/santuariodeumbanda.com.br\/site\/wp-json\/wp\/v2\/users\/6"}],"replies":[{"embeddable":true,"href":"https:\/\/santuariodeumbanda.com.br\/site\/wp-json\/wp\/v2\/comments?post=285"}],"version-history":[{"count":152,"href":"https:\/\/santuariodeumbanda.com.br\/site\/wp-json\/wp\/v2\/pages\/285\/revisions"}],"predecessor-version":[{"id":4813,"href":"https:\/\/santuariodeumbanda.com.br\/site\/wp-json\/wp\/v2\/pages\/285\/revisions\/4813"}],"up":[{"embeddable":true,"href":"https:\/\/santuariodeumbanda.com.br\/site\/wp-json\/wp\/v2\/pages\/11"}],"wp:attachment":[{"href":"https:\/\/santuariodeumbanda.com.br\/site\/wp-json\/wp\/v2\/media?parent=285"}],"curies":[{"name":"wp","href":"https:\/\/api.w.org\/{rel}","templated":true}]}}