{"id":2953,"date":"2021-01-26T21:02:50","date_gmt":"2021-01-27T00:02:50","guid":{"rendered":"https:\/\/santuariodeumbanda.com.br\/site\/?page_id=2953"},"modified":"2024-10-09T11:06:52","modified_gmt":"2024-10-09T14:06:52","slug":"valor-da-entrada","status":"publish","type":"page","link":"https:\/\/santuariodeumbanda.com.br\/site\/santuario-nacional-da-umbanda\/valor-da-entrada\/","title":{"rendered":"VALOR DA ENTRADA"},"content":{"rendered":"<h3>O Santu\u00e1rio n\u00e3o possui apoio p\u00fablico ou privado para manter toda a sua estrutura, de modo que a taxa de manuten\u00e7\u00e3o na entrada e da loca\u00e7\u00e3o das tendas s\u00e3o os \u00fanicos recursos que dispomos para manter toda a estrutura, manuten\u00e7\u00e3o e funcion\u00e1rios. Desta forma, temos os seguintes valores:<\/h3>\n<h3>ADULTOS\u00a0 &#8211; \u00a020 reais por pessoa (pago em esp\u00e9cie na portaria).<\/h3>\n<h3>CRIAN\u00c7AS &#8211; At\u00e9 12 anos n\u00e3o pagam (necess\u00e1rio apresentar documento).<\/h3>\n<h3>ESTACIONAMENTO &#8211; Gratuito, sujeito a disponibilidade.<\/h3>\n<p>&nbsp;<\/p>\n<p>&nbsp;<\/p>\n","protected":false},"excerpt":{"rendered":"<p>O Santu\u00e1rio n\u00e3o possui apoio p\u00fablico ou privado para manter toda a sua estrutura, de modo que a taxa de manuten\u00e7\u00e3o na entrada e da loca\u00e7\u00e3o das tendas s\u00e3o os \u00fanicos recursos que dispomos para manter toda a estrutura, manuten\u00e7\u00e3o e funcion\u00e1rios. Desta forma, temos os seguintes valores: ADULTOS\u00a0 &#8211; \u00a020 reais por pessoa (pago [&hellip;]<\/p>\n","protected":false},"author":6,"featured_media":0,"parent":11,"menu_order":3,"comment_status":"closed","ping_status":"closed","template":"","meta":{"footnotes":""},"_links":{"self":[{"href":"https:\/\/santuariodeumbanda.com.br\/site\/wp-json\/wp\/v2\/pages\/2953"}],"collection":[{"href":"https:\/\/santuariodeumbanda.com.br\/site\/wp-json\/wp\/v2\/pages"}],"about":[{"href":"https:\/\/santuariodeumbanda.com.br\/site\/wp-json\/wp\/v2\/types\/page"}],"author":[{"embeddable":true,"href":"https:\/\/santuariodeumbanda.com.br\/site\/wp-json\/wp\/v2\/users\/6"}],"replies":[{"embeddable":true,"href":"https:\/\/santuariodeumbanda.com.br\/site\/wp-json\/wp\/v2\/comments?post=2953"}],"version-history":[{"count":15,"href":"https:\/\/santuariodeumbanda.com.br\/site\/wp-json\/wp\/v2\/pages\/2953\/revisions"}],"predecessor-version":[{"id":4720,"href":"https:\/\/santuariodeumbanda.com.br\/site\/wp-json\/wp\/v2\/pages\/2953\/revisions\/4720"}],"up":[{"embeddable":true,"href":"https:\/\/santuariodeumbanda.com.br\/site\/wp-json\/wp\/v2\/pages\/11"}],"wp:attachment":[{"href":"https:\/\/santuariodeumbanda.com.br\/site\/wp-json\/wp\/v2\/media?parent=2953"}],"curies":[{"name":"wp","href":"https:\/\/api.w.org\/{rel}","templated":true}]}}