{"id":434,"date":"2018-09-13T19:52:07","date_gmt":"2018-09-13T22:52:07","guid":{"rendered":"http:\/\/santuariodeumbanda.com.br\/site\/?page_id=434"},"modified":"2018-11-14T21:06:18","modified_gmt":"2018-11-15T00:06:18","slug":"galeria-de-fotos-das-areas","status":"publish","type":"page","link":"https:\/\/santuariodeumbanda.com.br\/site\/galeria-de-fotos\/galeria-de-fotos-das-areas\/","title":{"rendered":"Galeria &#8211; \u00c1reas para Loca\u00e7\u00e3o"},"content":{"rendered":"<div id=\"metaslider-id-1326\" style=\"max-width: 1000px;\" class=\"ml-slider-3-30-1 metaslider metaslider-flex metaslider-1326 ml-slider\">\n    <div id=\"metaslider_container_1326\">\n        <div id=\"metaslider_1326\">\n            <ul aria-live=\"polite\" class=\"slides\">\n                <li style=\"display: block; width: 100%;\" class=\"slide-1662 ms-image\"><img loading=\"lazy\" decoding=\"async\" src=\"https:\/\/santuariodeumbanda.com.br\/site\/wp-content\/uploads\/2018\/11\/ACESSO-AREA-09-1.jpg\" height=\"780\" width=\"1000\" alt=\"\" class=\"slider-1326 slide-1662\" title=\"ACESSO AREA 09\" \/><\/li>\n                <li style=\"display: none; width: 100%;\" class=\"slide-1663 ms-image\"><img loading=\"lazy\" decoding=\"async\" src=\"https:\/\/santuariodeumbanda.com.br\/site\/wp-content\/uploads\/2018\/11\/AREA-06-1.jpg\" height=\"780\" width=\"1000\" alt=\"\" class=\"slider-1326 slide-1663\" title=\"AREA 06\" \/><\/li>\n                <li style=\"display: none; width: 100%;\" class=\"slide-1665 ms-image\"><img loading=\"lazy\" decoding=\"async\" src=\"https:\/\/santuariodeumbanda.com.br\/site\/wp-content\/uploads\/2018\/11\/Santu\u00e1rio-Nacional-da-Umbanda-\u00e1rea-n\u00ba-02.jpg\" height=\"780\" width=\"1000\" alt=\"\" class=\"slider-1326 slide-1665\" title=\"Santu\u00e1rio Nacional da Umbanda - \u00e1rea n\u00ba 02\" \/><\/li>\n                <li style=\"display: none; width: 100%;\" class=\"slide-1666 ms-image\"><img loading=\"lazy\" decoding=\"async\" src=\"https:\/\/santuariodeumbanda.com.br\/site\/wp-content\/uploads\/2018\/11\/Santu\u00e1rio-Nacional-da-Umbanda-\u00e1rea-n\u00ba-05.jpg\" height=\"780\" width=\"1000\" alt=\"\" class=\"slider-1326 slide-1666\" title=\"Santu\u00e1rio Nacional da Umbanda - \u00e1rea n\u00ba 05\" \/><\/li>\n                <li style=\"display: none; width: 100%;\" class=\"slide-1668 ms-image\"><img loading=\"lazy\" decoding=\"async\" src=\"https:\/\/santuariodeumbanda.com.br\/site\/wp-content\/uploads\/2018\/11\/Santu\u00e1rio-Nacional-da-Umbanda-\u00e1rea-n\u00ba-12.jpg\" height=\"780\" width=\"1000\" alt=\"\" class=\"slider-1326 slide-1668\" title=\"Santu\u00e1rio Nacional da Umbanda - \u00e1rea n\u00ba 12\" \/><\/li>\n                <li style=\"display: none; width: 100%;\" class=\"slide-1669 ms-image\"><img loading=\"lazy\" decoding=\"async\" src=\"https:\/\/santuariodeumbanda.com.br\/site\/wp-content\/uploads\/2018\/11\/Santu\u00e1rio-Nacional-da-Umbanda-\u00e1rea-n\u00ba-15-2.jpg\" height=\"780\" width=\"1000\" alt=\"\" class=\"slider-1326 slide-1669\" title=\"Santu\u00e1rio Nacional da Umbanda - \u00e1rea n\u00ba 15 (2)\" \/><\/li>\n                <li style=\"display: none; width: 100%;\" class=\"slide-1670 ms-image\"><img loading=\"lazy\" decoding=\"async\" src=\"https:\/\/santuariodeumbanda.com.br\/site\/wp-content\/uploads\/2018\/11\/Santu\u00e1rio-Nacional-da-Umbanda-\u00e1rea-n\u00ba-15.jpg\" height=\"780\" width=\"1000\" alt=\"\" class=\"slider-1326 slide-1670\" title=\"Santu\u00e1rio Nacional da Umbanda - \u00e1rea n\u00ba 15\" \/><\/li>\n                <li style=\"display: none; width: 100%;\" class=\"slide-1673 ms-image\"><img loading=\"lazy\" decoding=\"async\" src=\"https:\/\/santuariodeumbanda.com.br\/site\/wp-content\/uploads\/2018\/11\/Santu\u00e1rio-Nacional-da-Umbanda-\u00e1rea-n\u00ba-16-acesso.jpg\" height=\"780\" width=\"1000\" alt=\"\" class=\"slider-1326 slide-1673\" title=\"Santu\u00e1rio Nacional da Umbanda - \u00e1rea n\u00ba 16 acesso\" \/><\/li>\n                <li style=\"display: none; width: 100%;\" class=\"slide-1672 ms-image\"><img loading=\"lazy\" decoding=\"async\" src=\"https:\/\/santuariodeumbanda.com.br\/site\/wp-content\/uploads\/2018\/11\/Santu\u00e1rio-Nacional-da-Umbanda-\u00e1rea-n\u00ba-16-3.jpg\" height=\"780\" width=\"1000\" alt=\"\" class=\"slider-1326 slide-1672\" title=\"Santu\u00e1rio Nacional da Umbanda - \u00e1rea n\u00ba 16 (3)\" \/><\/li>\n                <li style=\"display: none; width: 100%;\" class=\"slide-1671 ms-image\"><img loading=\"lazy\" decoding=\"async\" src=\"https:\/\/santuariodeumbanda.com.br\/site\/wp-content\/uploads\/2018\/11\/Santu\u00e1rio-Nacional-da-Umbanda-\u00e1rea-n\u00ba-16-2.jpg\" height=\"780\" width=\"1000\" alt=\"\" class=\"slider-1326 slide-1671\" title=\"Santu\u00e1rio Nacional da Umbanda - \u00e1rea n\u00ba 16 (2)\" \/><\/li>\n                <li style=\"display: none; width: 100%;\" class=\"slide-1674 ms-image\"><img loading=\"lazy\" decoding=\"async\" src=\"https:\/\/santuariodeumbanda.com.br\/site\/wp-content\/uploads\/2018\/11\/Santu\u00e1rio-Nacional-da-Umbanda-\u00e1rea-n\u00ba-16.jpg\" height=\"780\" width=\"1000\" alt=\"\" class=\"slider-1326 slide-1674\" title=\"Santu\u00e1rio Nacional da Umbanda - \u00e1rea n\u00ba 16\" \/><\/li>\n                <li style=\"display: none; width: 100%;\" class=\"slide-1675 ms-image\"><img loading=\"lazy\" decoding=\"async\" src=\"https:\/\/santuariodeumbanda.com.br\/site\/wp-content\/uploads\/2018\/11\/Santu\u00e1rio-Nacional-da-Umbanda-\u00e1rea-n\u00ba-31.jpg\" height=\"780\" width=\"1000\" alt=\"\" class=\"slider-1326 slide-1675\" title=\"Santu\u00e1rio Nacional da Umbanda - \u00e1rea n\u00ba 31\" \/><\/li>\n                <li style=\"display: none; width: 100%;\" class=\"slide-1676 ms-image\"><img loading=\"lazy\" decoding=\"async\" src=\"https:\/\/santuariodeumbanda.com.br\/site\/wp-content\/uploads\/2018\/11\/Santu\u00e1rio-Nacional-da-Umbanda-\u00e1rea-n\u00ba-34-2.jpg\" height=\"780\" width=\"1000\" alt=\"\" class=\"slider-1326 slide-1676\" title=\"Santu\u00e1rio Nacional da Umbanda - \u00e1rea n\u00ba 34 (2)\" \/><\/li>\n                <li style=\"display: none; width: 100%;\" class=\"slide-1677 ms-image\"><img loading=\"lazy\" decoding=\"async\" src=\"https:\/\/santuariodeumbanda.com.br\/site\/wp-content\/uploads\/2018\/11\/Santu\u00e1rio-Nacional-da-Umbanda-\u00e1rea-n\u00ba-34.jpg\" height=\"780\" width=\"1000\" alt=\"\" class=\"slider-1326 slide-1677\" title=\"Santu\u00e1rio Nacional da Umbanda - \u00e1rea n\u00ba 34\" \/><\/li>\n                <li style=\"display: none; width: 100%;\" class=\"slide-1679 ms-image\"><img loading=\"lazy\" decoding=\"async\" src=\"https:\/\/santuariodeumbanda.com.br\/site\/wp-content\/uploads\/2018\/11\/Santu\u00e1rio-Nacional-da-Umbanda-\u00e1rea-n\u00ba-55-acesso.jpg\" height=\"780\" width=\"1000\" alt=\"\" class=\"slider-1326 slide-1679\" title=\"Santu\u00e1rio Nacional da Umbanda - \u00e1rea n\u00ba 55 acesso\" \/><\/li>\n                <li style=\"display: none; width: 100%;\" class=\"slide-1680 ms-image\"><img loading=\"lazy\" decoding=\"async\" src=\"https:\/\/santuariodeumbanda.com.br\/site\/wp-content\/uploads\/2018\/11\/Santu\u00e1rio-Nacional-da-Umbanda-\u00e1rea-n\u00ba-55.jpg\" height=\"780\" width=\"1000\" alt=\"\" class=\"slider-1326 slide-1680\" title=\"Santu\u00e1rio Nacional da Umbanda - \u00e1rea n\u00ba 55\" \/><\/li>\n                <li style=\"display: none; width: 100%;\" class=\"slide-1678 ms-image\"><img loading=\"lazy\" decoding=\"async\" src=\"https:\/\/santuariodeumbanda.com.br\/site\/wp-content\/uploads\/2018\/11\/Santu\u00e1rio-Nacional-da-Umbanda-\u00e1rea-n\u00ba-50.jpg\" height=\"780\" width=\"1000\" alt=\"\" class=\"slider-1326 slide-1678\" title=\"Santu\u00e1rio Nacional da Umbanda - \u00e1rea n\u00ba 50\" \/><\/li>\n                <li style=\"display: none; width: 100%;\" class=\"slide-1664 ms-image\"><img loading=\"lazy\" decoding=\"async\" src=\"https:\/\/santuariodeumbanda.com.br\/site\/wp-content\/uploads\/2018\/11\/AREA-56-1.jpg\" height=\"780\" width=\"1000\" alt=\"\" class=\"slider-1326 slide-1664\" title=\"AREA 56\" \/><\/li>\n            <\/ul>\n        <\/div>\n        \n    <\/div>\n<\/div>\n<p>Galeria em constru\u00e7\u00e3o. Aguarde novas imagens em breve!<\/p>\n","protected":false},"excerpt":{"rendered":"<p>Galeria em constru\u00e7\u00e3o. Aguarde novas imagens em breve!<\/p>\n","protected":false},"author":6,"featured_media":0,"parent":437,"menu_order":1,"comment_status":"closed","ping_status":"closed","template":"","meta":{"footnotes":""},"_links":{"self":[{"href":"https:\/\/santuariodeumbanda.com.br\/site\/wp-json\/wp\/v2\/pages\/434"}],"collection":[{"href":"https:\/\/santuariodeumbanda.com.br\/site\/wp-json\/wp\/v2\/pages"}],"about":[{"href":"https:\/\/santuariodeumbanda.com.br\/site\/wp-json\/wp\/v2\/types\/page"}],"author":[{"embeddable":true,"href":"https:\/\/santuariodeumbanda.com.br\/site\/wp-json\/wp\/v2\/users\/6"}],"replies":[{"embeddable":true,"href":"https:\/\/santuariodeumbanda.com.br\/site\/wp-json\/wp\/v2\/comments?post=434"}],"version-history":[{"count":16,"href":"https:\/\/santuariodeumbanda.com.br\/site\/wp-json\/wp\/v2\/pages\/434\/revisions"}],"predecessor-version":[{"id":1480,"href":"https:\/\/santuariodeumbanda.com.br\/site\/wp-json\/wp\/v2\/pages\/434\/revisions\/1480"}],"up":[{"embeddable":true,"href":"https:\/\/santuariodeumbanda.com.br\/site\/wp-json\/wp\/v2\/pages\/437"}],"wp:attachment":[{"href":"https:\/\/santuariodeumbanda.com.br\/site\/wp-json\/wp\/v2\/media?parent=434"}],"curies":[{"name":"wp","href":"https:\/\/api.w.org\/{rel}","templated":true}]}}