{"id":46,"date":"2018-09-04T19:30:56","date_gmt":"2018-09-04T22:30:56","guid":{"rendered":"http:\/\/santuariodeumbanda.com.br\/site\/?page_id=46"},"modified":"2018-11-14T17:41:49","modified_gmt":"2018-11-14T20:41:49","slug":"missao-visao-valores","status":"publish","type":"page","link":"https:\/\/santuariodeumbanda.com.br\/site\/santuario-nacional-da-umbanda\/historia\/missao-visao-valores\/","title":{"rendered":"Miss\u00e3o, Vis\u00e3o, Valores"},"content":{"rendered":"<h3><a href=\"http:\/\/santuariodeumbanda.com.br\/site\/wp-content\/uploads\/2018\/09\/300x150-px-vale.png\"><img loading=\"lazy\" decoding=\"async\" class=\"alignright size-medium wp-image-320\" src=\"http:\/\/santuariodeumbanda.com.br\/site\/wp-content\/uploads\/2018\/09\/300x150-px-vale-300x150.png\" alt=\"\" width=\"300\" height=\"150\" \/><\/a>Miss\u00e3o<\/h3>\n<p>Construir, disponibilizar e preservar um santu\u00e1rio ecol\u00f3gico prop\u00edcio ao desenvolvimento humano e espiritual, para a realiza\u00e7\u00e3o de pr\u00e1ticas sagradas das religi\u00f5es de matrizes africanas, junto a natureza. E ainda, promover o respeito a natureza atrav\u00e9s de sua preserva\u00e7\u00e3o direta (fauna e flora) e a preserva\u00e7\u00e3o da mem\u00f3ria e o legado deixado por Pai Z\u00e9lio Fernandino de Moraes, fundador da Umbanda Brasileira, como Patrim\u00f4nio Imaterial da Humanidade.<\/p>\n<p>&nbsp;<\/p>\n<h3>Vis\u00e3o<\/h3>\n<p>Ser um\u00a0Santu\u00e1rio Ecol\u00f3gico de refer\u00eancia internacional, como um Patrim\u00f4nio Imaterial da Humanidade para a pr\u00e1tica de rituais religiosos, que preserva a hist\u00f3ria e os princ\u00edpios da Umbanda Brasileira de promover a paz, preservar a natureza, respeitar \u00e0 diversidade religiosa e a pr\u00e1tica da caridade espiritual.<\/p>\n<p>&nbsp;<\/p>\n<h3>Valores<\/h3>\n<p>Respeito \u00e0 natureza, \u00e9tica, compromisso com o bem, integridade, respeito \u00e0 diversidade e preserva\u00e7\u00e3o do meio ambiente.<\/p>\n<p>&nbsp;<\/p>\n<p>&nbsp;<\/p>\n","protected":false},"excerpt":{"rendered":"<p>Miss\u00e3o Construir, disponibilizar e preservar um santu\u00e1rio ecol\u00f3gico prop\u00edcio ao desenvolvimento humano e espiritual, para a realiza\u00e7\u00e3o de pr\u00e1ticas sagradas das religi\u00f5es de matrizes africanas, junto a natureza. E ainda, promover o respeito a natureza atrav\u00e9s de sua preserva\u00e7\u00e3o direta (fauna e flora) e a preserva\u00e7\u00e3o da mem\u00f3ria e o legado deixado por Pai Z\u00e9lio [&hellip;]<\/p>\n","protected":false},"author":6,"featured_media":0,"parent":49,"menu_order":2,"comment_status":"closed","ping_status":"closed","template":"","meta":{"footnotes":""},"_links":{"self":[{"href":"https:\/\/santuariodeumbanda.com.br\/site\/wp-json\/wp\/v2\/pages\/46"}],"collection":[{"href":"https:\/\/santuariodeumbanda.com.br\/site\/wp-json\/wp\/v2\/pages"}],"about":[{"href":"https:\/\/santuariodeumbanda.com.br\/site\/wp-json\/wp\/v2\/types\/page"}],"author":[{"embeddable":true,"href":"https:\/\/santuariodeumbanda.com.br\/site\/wp-json\/wp\/v2\/users\/6"}],"replies":[{"embeddable":true,"href":"https:\/\/santuariodeumbanda.com.br\/site\/wp-json\/wp\/v2\/comments?post=46"}],"version-history":[{"count":11,"href":"https:\/\/santuariodeumbanda.com.br\/site\/wp-json\/wp\/v2\/pages\/46\/revisions"}],"predecessor-version":[{"id":1459,"href":"https:\/\/santuariodeumbanda.com.br\/site\/wp-json\/wp\/v2\/pages\/46\/revisions\/1459"}],"up":[{"embeddable":true,"href":"https:\/\/santuariodeumbanda.com.br\/site\/wp-json\/wp\/v2\/pages\/49"}],"wp:attachment":[{"href":"https:\/\/santuariodeumbanda.com.br\/site\/wp-json\/wp\/v2\/media?parent=46"}],"curies":[{"name":"wp","href":"https:\/\/api.w.org\/{rel}","templated":true}]}}