{"id":49,"date":"2018-09-05T11:38:26","date_gmt":"2018-09-05T14:38:26","guid":{"rendered":"http:\/\/santuariodeumbanda.com.br\/site\/?page_id=49"},"modified":"2018-11-14T23:03:46","modified_gmt":"2018-11-15T02:03:46","slug":"historia","status":"publish","type":"page","link":"https:\/\/santuariodeumbanda.com.br\/site\/santuario-nacional-da-umbanda\/historia\/","title":{"rendered":"Hist\u00f3ria"},"content":{"rendered":"<p><a href=\"http:\/\/santuariodeumbanda.com.br\/site\/wp-content\/uploads\/2018\/09\/Gira-Mundo-2-Santu\u00e1rio-Nacional-de-Umbanda-FUGABC.jpg\"><img loading=\"lazy\" decoding=\"async\" class=\"size-medium wp-image-1276 alignleft\" src=\"http:\/\/santuariodeumbanda.com.br\/site\/wp-content\/uploads\/2018\/09\/Gira-Mundo-2-Santu\u00e1rio-Nacional-de-Umbanda-FUGABC-200x300.jpg\" alt=\"\" width=\"200\" height=\"300\" srcset=\"https:\/\/santuariodeumbanda.com.br\/site\/wp-content\/uploads\/2018\/09\/Gira-Mundo-2-Santu\u00e1rio-Nacional-de-Umbanda-FUGABC-200x300.jpg 200w, https:\/\/santuariodeumbanda.com.br\/site\/wp-content\/uploads\/2018\/09\/Gira-Mundo-2-Santu\u00e1rio-Nacional-de-Umbanda-FUGABC.jpg 600w\" sizes=\"(max-width: 200px) 100vw, 200px\" \/><\/a>O\u00a0Santu\u00e1rio Ecol\u00f3gico da Serra do Mar\u00a0&#8211; <strong>Santu\u00e1rio Nacional da Umbanda<\/strong> faz parte da Reserva Ecol\u00f3gica da Serra do Mar\u00a0e foi utilizado durante longos anos pela extinta Pedreira Montanh\u00e3o que, ao encerrar seus trabalhos na d\u00e9cada de 1960, deixou toda a \u00e1rea devastada.\u00a0 O Babala\u00f4 Ronaldo Linares j\u00e1 utilizava o espa\u00e7o para suas pr\u00e1ticas religiosas e viu ali uma oportunidade de transform\u00e1-lo num local sagrado onde seus irm\u00e3os em Oxal\u00e1 pudessem se conectar \u00e0 natureza para cultuar seus Guias e Orix\u00e1s. \u00a0Assim nasceu o <strong>Santu\u00e1rio Nacional da Umbanda &#8211; Vale dos Orix\u00e1s\u00ae<\/strong>, conhecido como a \u201cMeca dos Umbandistas\u201d &#8211; um lugar onde todo praticante das religi\u00f5es de origem afro devem ir, ao menos, uma vez na vida.<\/p>\n<p>&nbsp;<\/p>\n<h3>EXTENS\u00c3O DA \u00c1REA E CULTIVOS<\/h3>\n<p>O <strong>Santu\u00e1rio Nacional da Umbanda<\/strong> possui uma \u00e1rea de 645.000 m2 de <a href=\"http:\/\/santuariodeumbanda.com.br\/site\/locais-para-oferendas\/matas-preservadas\/\" target=\"_blank\" rel=\"noopener\">mata nativa<\/a> e possui diversas a\u00e7\u00f5es de recupera\u00e7\u00e3o e preserva\u00e7\u00e3o do meio ambiente. Um laborat\u00f3rio bot\u00e2nico, minhoc\u00e1rio, viveiro de mudas e uma escola de ecologia pr\u00e1tica fazem do <strong>Santu\u00e1rio Nacional de Umbanda<\/strong> um ref\u00fagio em S\u00e3o Paulo, onde os praticantes de religi\u00f5es de matrizes africanas podem recarregar as baterias, se conectar com a M\u00e3e Natureza e praticar sua f\u00e9 com tranquilidade.<\/p>\n<p>&nbsp;<\/p>\n<h3>RECUPERA\u00c7\u00c3O DA \u00c1REA<\/h3>\n<p>A <a href=\"http:\/\/santuariodeumbanda.com.br\/site\/santuario-nacional-da-umbanda\/federacao-umbandista-do-grande-abc-fugabc\/\" target=\"_blank\" rel=\"noopener\">Federa\u00e7\u00e3o Umbandista do Grande ABC <\/a>\u00e9 a entidade mantenedora do Santu\u00e1rio, a qual orquestrou a a\u00e7\u00e3o de recupera\u00e7\u00e3o ambiental da \u00e1rea em conjunto com a comunidade umbandista, plantando mais de 500 esp\u00e9cies nativas da regi\u00e3o, em mais de trinta mil mudas de plantas. Ao longo destes 50 anos, a natureza vem sendo recuperada, refletindo na exuber\u00e2ncia da fauna e flora, com <a href=\"http:\/\/santuariodeumbanda.com.br\/site\/locais-para-oferendas\/lagos-de-nana\/\" target=\"_blank\" rel=\"noopener\">lagos<\/a>, <a href=\"http:\/\/santuariodeumbanda.com.br\/site\/locais-para-oferendas\/cachoeiras\/\" target=\"_blank\" rel=\"noopener\">cachoeiras<\/a>, <a href=\"http:\/\/santuariodeumbanda.com.br\/site\/locais-para-oferendas\/pedreira\/\" target=\"_blank\" rel=\"noopener\">pedreiras<\/a> e <a href=\"http:\/\/santuariodeumbanda.com.br\/site\/locais-para-oferendas\/matas-preservadas\/\" target=\"_blank\" rel=\"noopener\">matas preservadas<\/a>.<\/p>\n<p><a href=\"http:\/\/santuariodeumbanda.com.br\/site\/wp-content\/uploads\/2018\/09\/antes-e-depois-santuario.jpg\"><img loading=\"lazy\" decoding=\"async\" class=\"alignleft size-full wp-image-857\" src=\"http:\/\/santuariodeumbanda.com.br\/site\/wp-content\/uploads\/2018\/09\/antes-e-depois-santuario.jpg\" alt=\"\" width=\"900\" height=\"600\" \/><\/a><\/p>\n","protected":false},"excerpt":{"rendered":"<p>O\u00a0Santu\u00e1rio Ecol\u00f3gico da Serra do Mar\u00a0&#8211; Santu\u00e1rio Nacional da Umbanda faz parte da Reserva Ecol\u00f3gica da Serra do Mar\u00a0e foi utilizado durante longos anos pela extinta Pedreira Montanh\u00e3o que, ao encerrar seus trabalhos na d\u00e9cada de 1960, deixou toda a \u00e1rea devastada.\u00a0 O Babala\u00f4 Ronaldo Linares j\u00e1 utilizava o espa\u00e7o para suas pr\u00e1ticas religiosas e [&hellip;]<\/p>\n","protected":false},"author":6,"featured_media":0,"parent":11,"menu_order":1,"comment_status":"closed","ping_status":"closed","template":"","meta":{"footnotes":""},"_links":{"self":[{"href":"https:\/\/santuariodeumbanda.com.br\/site\/wp-json\/wp\/v2\/pages\/49"}],"collection":[{"href":"https:\/\/santuariodeumbanda.com.br\/site\/wp-json\/wp\/v2\/pages"}],"about":[{"href":"https:\/\/santuariodeumbanda.com.br\/site\/wp-json\/wp\/v2\/types\/page"}],"author":[{"embeddable":true,"href":"https:\/\/santuariodeumbanda.com.br\/site\/wp-json\/wp\/v2\/users\/6"}],"replies":[{"embeddable":true,"href":"https:\/\/santuariodeumbanda.com.br\/site\/wp-json\/wp\/v2\/comments?post=49"}],"version-history":[{"count":24,"href":"https:\/\/santuariodeumbanda.com.br\/site\/wp-json\/wp\/v2\/pages\/49\/revisions"}],"predecessor-version":[{"id":1494,"href":"https:\/\/santuariodeumbanda.com.br\/site\/wp-json\/wp\/v2\/pages\/49\/revisions\/1494"}],"up":[{"embeddable":true,"href":"https:\/\/santuariodeumbanda.com.br\/site\/wp-json\/wp\/v2\/pages\/11"}],"wp:attachment":[{"href":"https:\/\/santuariodeumbanda.com.br\/site\/wp-json\/wp\/v2\/media?parent=49"}],"curies":[{"name":"wp","href":"https:\/\/api.w.org\/{rel}","templated":true}]}}