{"id":725,"date":"2018-10-06T15:31:22","date_gmt":"2018-10-06T18:31:22","guid":{"rendered":"http:\/\/santuariodeumbanda.com.br\/site\/?page_id=725"},"modified":"2021-02-09T20:47:00","modified_gmt":"2021-02-09T23:47:00","slug":"federacao-umbandista-do-grande-abc-fugabc","status":"publish","type":"page","link":"https:\/\/santuariodeumbanda.com.br\/site\/santuario-nacional-da-umbanda\/federacao-umbandista-do-grande-abc-fugabc\/","title":{"rendered":"Federa\u00e7\u00e3o Umbandista do Grande ABC"},"content":{"rendered":"<p>A Federa\u00e7\u00e3o Umbandista do Grande ABC &#8211; <strong>FUGABC<\/strong> \u00e9 a entidade mantenedora do Santu\u00e1rio Nacional da Umbanda. Institui\u00e7\u00e3o beneficente fundada em 13 de maio de 1972 com a finalidade de congregar Templos Umbandistas da regi\u00e3o do grande &#8220;ABC&#8221; paulista, tornou-se refer\u00eancia nacional pela excel\u00eancia dos servi\u00e7os prestados e hoje \u00e9 a maior institui\u00e7\u00e3o do g\u00eanero do pa\u00eds, registrando templos em todo o mundo, que possuam em seu registro exclusivamente a palavra &#8220;Umbanda&#8221;. J\u00e1 s\u00e3o mais de 2.300 templos em todo territ\u00f3rio nacional e no exterior.<\/p>\n<p>Foi a primeira institui\u00e7\u00e3o do pa\u00eds a formar Sacerdotes de Umbanda, quando lan\u00e7ou o primeiro curso de Forma\u00e7\u00e3o Sacerdotal de Umbanda, tendo diversos sacerdotes famosos e reconhecidos nacionalmente em seus registros de alunos. Em 2019, a FUGABC concluiu o 30\u00ba Barco, tendo formado mais de 5 mil sacerdotes em todo o pa\u00eds.<\/p>\n<p>Por mais de 40 anos, a <strong>FUGABC<\/strong> atua de forma marcante em iniciativas junto ao Poder P\u00fablico para a defesa e reconhecimento do legado umbandista deixado por Z\u00e9lio Fernandino de Moraes. E tem a presid\u00eancia\u00a0o <strong><a href=\"http:\/\/santuariodeumbanda.com.br\/site\/santuario-nacional-da-umbanda\/federacao-umbandista-do-grande-abc\/babalao-ronaldo-linares\/\" target=\"_blank\" rel=\"noopener noreferrer\">Babala\u00f4 Ronaldo Linares<\/a>,<\/strong> o idealizador e criador do <a href=\"http:\/\/santuariodeumbanda.com.br\/site\/santuario-nacional-da-umbanda\/historia\/\" target=\"_blank\" rel=\"noopener noreferrer\">Santu\u00e1rio Nacional da Umbanda<\/a>.<\/p>\n<p>&nbsp;<\/p>\n<h3>POR QUE DEVO ME FILIAR A FUGABC?<\/h3>\n<p>Um templo federado carrega a chancela de possuir um trabalho s\u00e9rio, pois \u00e9 necess\u00e1rio comprovar o registro em cart\u00f3rio para sua validade civil. A Federa\u00e7\u00e3o Umbandista do Grande ABC orienta sobre os procedimentos necess\u00e1rios para o registro, como a forma\u00e7\u00e3o de uma diretoria completa e presta apoio a todos os templos que desejam iniciar suas atividades ou regularizar sua situa\u00e7\u00e3o em conformidade com o c\u00f3digo civil brasileiro.<\/p>\n<p>&nbsp;<\/p>\n<h3><strong>COMO SER FILIADO DA FUGABC?<\/strong><\/h3>\n<p>Para se filiar \u00e9 necess\u00e1rio atender as normas t\u00e9cnicas de funcionamento, como possuir uma diretoria formada por cinco membros (presidente, vice-presidente, secret\u00e1rio, tesoureiro e diretor espiritual) e preencher o cadastro de filiado. Para saber mais sobre como se filiar, taxas e procedimentos, em contato com <strong>Marco Ant\u00f4nio ou Tais<\/strong> pelo telefone:\u00a0<strong>11. 4238 \u2013 5042 <\/strong>ou pelo e-mail<strong> fugabc@uol.com.br<\/strong><\/p>\n<p>&nbsp;<\/p>\n<p>&nbsp;<\/p>\n","protected":false},"excerpt":{"rendered":"<p>A Federa\u00e7\u00e3o Umbandista do Grande ABC &#8211; FUGABC \u00e9 a entidade mantenedora do Santu\u00e1rio Nacional da Umbanda. Institui\u00e7\u00e3o beneficente fundada em 13 de maio de 1972 com a finalidade de congregar Templos Umbandistas da regi\u00e3o do grande &#8220;ABC&#8221; paulista, tornou-se refer\u00eancia nacional pela excel\u00eancia dos servi\u00e7os prestados e hoje \u00e9 a maior institui\u00e7\u00e3o do g\u00eanero [&hellip;]<\/p>\n","protected":false},"author":6,"featured_media":0,"parent":11,"menu_order":9,"comment_status":"closed","ping_status":"closed","template":"","meta":{"footnotes":""},"_links":{"self":[{"href":"https:\/\/santuariodeumbanda.com.br\/site\/wp-json\/wp\/v2\/pages\/725"}],"collection":[{"href":"https:\/\/santuariodeumbanda.com.br\/site\/wp-json\/wp\/v2\/pages"}],"about":[{"href":"https:\/\/santuariodeumbanda.com.br\/site\/wp-json\/wp\/v2\/types\/page"}],"author":[{"embeddable":true,"href":"https:\/\/santuariodeumbanda.com.br\/site\/wp-json\/wp\/v2\/users\/6"}],"replies":[{"embeddable":true,"href":"https:\/\/santuariodeumbanda.com.br\/site\/wp-json\/wp\/v2\/comments?post=725"}],"version-history":[{"count":26,"href":"https:\/\/santuariodeumbanda.com.br\/site\/wp-json\/wp\/v2\/pages\/725\/revisions"}],"predecessor-version":[{"id":2974,"href":"https:\/\/santuariodeumbanda.com.br\/site\/wp-json\/wp\/v2\/pages\/725\/revisions\/2974"}],"up":[{"embeddable":true,"href":"https:\/\/santuariodeumbanda.com.br\/site\/wp-json\/wp\/v2\/pages\/11"}],"wp:attachment":[{"href":"https:\/\/santuariodeumbanda.com.br\/site\/wp-json\/wp\/v2\/media?parent=725"}],"curies":[{"name":"wp","href":"https:\/\/api.w.org\/{rel}","templated":true}]}}