{"id":745,"date":"2018-10-06T17:27:17","date_gmt":"2018-10-06T20:27:17","guid":{"rendered":"http:\/\/santuariodeumbanda.com.br\/site\/?page_id=745"},"modified":"2018-11-14T11:38:51","modified_gmt":"2018-11-14T14:38:51","slug":"babalao-ronaldo-linares","status":"publish","type":"page","link":"https:\/\/santuariodeumbanda.com.br\/site\/santuario-nacional-da-umbanda\/federacao-umbandista-do-grande-abc-fugabc\/babalao-ronaldo-linares\/","title":{"rendered":"Babala\u00f4 Ronaldo Linares"},"content":{"rendered":"<div id=\"attachment_746\" style=\"width: 310px\" class=\"wp-caption alignleft\"><a href=\"http:\/\/santuariodeumbanda.com.br\/site\/wp-content\/uploads\/2018\/10\/Ronaldo-Linares-10x10-cm-FUGABC.png\"><img loading=\"lazy\" decoding=\"async\" aria-describedby=\"caption-attachment-746\" class=\"wp-image-746 size-medium\" src=\"http:\/\/santuariodeumbanda.com.br\/site\/wp-content\/uploads\/2018\/10\/Ronaldo-Linares-10x10-cm-FUGABC-300x300.png\" alt=\"\" width=\"300\" height=\"300\" srcset=\"https:\/\/santuariodeumbanda.com.br\/site\/wp-content\/uploads\/2018\/10\/Ronaldo-Linares-10x10-cm-FUGABC-300x300.png 300w, https:\/\/santuariodeumbanda.com.br\/site\/wp-content\/uploads\/2018\/10\/Ronaldo-Linares-10x10-cm-FUGABC-100x100.png 100w, https:\/\/santuariodeumbanda.com.br\/site\/wp-content\/uploads\/2018\/10\/Ronaldo-Linares-10x10-cm-FUGABC-600x600.png 600w, https:\/\/santuariodeumbanda.com.br\/site\/wp-content\/uploads\/2018\/10\/Ronaldo-Linares-10x10-cm-FUGABC-150x150.png 150w, https:\/\/santuariodeumbanda.com.br\/site\/wp-content\/uploads\/2018\/10\/Ronaldo-Linares-10x10-cm-FUGABC-768x768.png 768w, https:\/\/santuariodeumbanda.com.br\/site\/wp-content\/uploads\/2018\/10\/Ronaldo-Linares-10x10-cm-FUGABC-500x500.png 500w, https:\/\/santuariodeumbanda.com.br\/site\/wp-content\/uploads\/2018\/10\/Ronaldo-Linares-10x10-cm-FUGABC-400x400.png 400w, https:\/\/santuariodeumbanda.com.br\/site\/wp-content\/uploads\/2018\/10\/Ronaldo-Linares-10x10-cm-FUGABC.png 900w\" sizes=\"(max-width: 300px) 100vw, 300px\" \/><\/a><p id=\"caption-attachment-746\" class=\"wp-caption-text\">Babala\u00f4 Ronaldo Linares &#8211; em Reuni\u00e3o do F\u00f3rum Inter-religioso de Santo Andr\u00e9, 2018.<\/p><\/div>\n<p>O Babala\u00f4 Ronaldo Ant\u00f4nio Linares \u00e9 um marco hist\u00f3rico na Umbanda Brasileira. De personalidade marcante e cativante como bom filho de Ians\u00e3, carrega de frente a Coroa de Xang\u00f4 comprovando sua coer\u00eancia, integridade e justi\u00e7a herdados por seu Orix\u00e1 de Cabe\u00e7a. Pai Ronaldo, como \u00e9 carinhosamente chamado por seus filhos espirituais, \u00e9 um homem de fibra, trabalhador incans\u00e1vel, empreendedor, pai de quatro filhos, av\u00f4 de quatro netos (j\u00e1 tem um bisneto) e Pai Espiritual de mais de 5 mil filhos de f\u00e9.<\/p>\n<p>Formado em Radiologia (profiss\u00e3o que o sustentou a vida toda at\u00e9 a aposentadoria) tem atuante papel na comunica\u00e7\u00e3o e difus\u00e3o da Umbanda em todo Brasil. O t\u00edtulo de Babala\u00f4 herdou do Candombl\u00e9 pois \u00e9 filho de santo do famoso <a href=\"https:\/\/pt.wikipedia.org\/wiki\/Jo%C3%A3ozinho_da_Gomeia\" target=\"_blank\" rel=\"noopener\">Jo\u00e3ozinho da Gomeia <\/a>do Rio de Janeiro.<\/p>\n<p>Trabalhou tamb\u00e9m como jornalista e radialista, tendo especial destaque aos discursos sobre as religi\u00f5es de matrizes africanas. Dirigiu por quase duas d\u00e9cadas diversos programas de r\u00e1dio, dentre eles &#8220;Ao cair dos b\u00fazios&#8221;, &#8220;Umbanda em Marcha&#8221;, &#8220;Momento de Prece&#8221;\u00a0 e &#8220;M\u00fasicas para Ouvir e Amar, estes tr\u00eas \u00faltimos na R\u00e1dio Cacique de S\u00e3o Caetano do Sul. E ainda, por quase quatro anos participou do Programa X\u00eania Bier &#8211; TV Bandeirantes.<\/p>\n<p>Como pesquisador, publicou dezenas de artigos em jornais e\u00a0revistas, concedeu in\u00fameras entrevistas para TVs e r\u00e1dios sobre o tema Umbanda e Candombl\u00e9 e publicou tr\u00eas livros: Jogo de B\u00fazios (Madras, 2008); Mem\u00f3rias da Umbanda do Brasil (\u00cdcone, 2011) e Inicia\u00e7\u00e3o \u00e0 Umbanda (Madras, 2017) estes dois \u00faltimos em parcerias com outros escritores.<\/p>\n<div id=\"attachment_816\" style=\"width: 310px\" class=\"wp-caption alignright\"><a href=\"http:\/\/santuariodeumbanda.com.br\/site\/wp-content\/uploads\/2018\/10\/Ze\u0301lio-e-Ron-1972.jpeg\"><img loading=\"lazy\" decoding=\"async\" aria-describedby=\"caption-attachment-816\" class=\"wp-image-816 size-medium\" src=\"http:\/\/santuariodeumbanda.com.br\/site\/wp-content\/uploads\/2018\/10\/Ze\u0301lio-e-Ron-1972-300x277.jpeg\" alt=\"\" width=\"300\" height=\"277\" srcset=\"https:\/\/santuariodeumbanda.com.br\/site\/wp-content\/uploads\/2018\/10\/Ze\u0301lio-e-Ron-1972-300x277.jpeg 300w, https:\/\/santuariodeumbanda.com.br\/site\/wp-content\/uploads\/2018\/10\/Ze\u0301lio-e-Ron-1972.jpeg 480w\" sizes=\"(max-width: 300px) 100vw, 300px\" \/><\/a><p id=\"caption-attachment-816\" class=\"wp-caption-text\">Babala\u00f4 Ronaldo Linares entrevistando Pai Z\u00e9lio de Moraes (fundador da Umbanda) em 1972, no Rio de Janeiro.<\/p><\/div>\n<p>Teve sua f\u00e9 radicalmente fortalecida ap\u00f3s o encontro com o fundador da Umbanda Z\u00e9lio Fernandino de Moraes no Rio e com seu Guia Chefe, o Preto-Velho Pai Benedito, convertendo-se a Umbanda e fundando, posteriormente, <a href=\"http:\/\/santuariodeumbanda.com.br\/site\/santuario-nacional-da-umbanda\/casa-de-pai-benedito-de-aruanda\/\" target=\"_blank\" rel=\"noopener\">A Casa de Pai Benedito de Aruanda<\/a> em S\u00e3o Caetano do Sul, nos anos de 1960. Logo depois, em busca de uma pedreira para suas oferendas a Xang\u00f4, encontrou a antiga Pedreira Montanh\u00e3o, onde fundou o <a href=\"http:\/\/santuariodeumbanda.com.br\/site\/santuario-nacional-da-umbanda\/historia\/\" target=\"_blank\" rel=\"noopener\">Santu\u00e1rio Nacional da Umbanda<\/a>.<\/p>\n<p>Ronaldo Linares \u00e9 presidente da <a href=\"http:\/\/santuariodeumbanda.com.br\/site\/santuario-nacional-da-umbanda\/federacao-umbandista-do-grande-abc\/\" target=\"_blank\" rel=\"noopener\">Federa\u00e7\u00e3o Umbandista do Grande ABC<\/a>, idealizador e criador do primeiro curso de Forma\u00e7\u00e3o Sacerdotal de Umbanda do pa\u00eds, guardi\u00e3o do <a href=\"http:\/\/santuariodeumbanda.com.br\/site\/santuario-nacional-da-umbanda\/historia\/\" target=\"_blank\" rel=\"noopener\">Santu\u00e1rio Nacional da Umbanda<\/a> e inspira\u00e7\u00e3o para a vida de todos que tem a oportunidade de conviver com sua sabedoria e ensinamentos.<\/p>\n<p>&nbsp;<\/p>\n<p>&nbsp;<\/p>\n<p>&nbsp;<\/p>\n","protected":false},"excerpt":{"rendered":"<p>O Babala\u00f4 Ronaldo Ant\u00f4nio Linares \u00e9 um marco hist\u00f3rico na Umbanda Brasileira. De personalidade marcante e cativante como bom filho de Ians\u00e3, carrega de frente a Coroa de Xang\u00f4 comprovando sua coer\u00eancia, integridade e justi\u00e7a herdados por seu Orix\u00e1 de Cabe\u00e7a. Pai Ronaldo, como \u00e9 carinhosamente chamado por seus filhos espirituais, \u00e9 um homem de [&hellip;]<\/p>\n","protected":false},"author":6,"featured_media":0,"parent":725,"menu_order":1,"comment_status":"closed","ping_status":"closed","template":"","meta":{"footnotes":""},"_links":{"self":[{"href":"https:\/\/santuariodeumbanda.com.br\/site\/wp-json\/wp\/v2\/pages\/745"}],"collection":[{"href":"https:\/\/santuariodeumbanda.com.br\/site\/wp-json\/wp\/v2\/pages"}],"about":[{"href":"https:\/\/santuariodeumbanda.com.br\/site\/wp-json\/wp\/v2\/types\/page"}],"author":[{"embeddable":true,"href":"https:\/\/santuariodeumbanda.com.br\/site\/wp-json\/wp\/v2\/users\/6"}],"replies":[{"embeddable":true,"href":"https:\/\/santuariodeumbanda.com.br\/site\/wp-json\/wp\/v2\/comments?post=745"}],"version-history":[{"count":22,"href":"https:\/\/santuariodeumbanda.com.br\/site\/wp-json\/wp\/v2\/pages\/745\/revisions"}],"predecessor-version":[{"id":1436,"href":"https:\/\/santuariodeumbanda.com.br\/site\/wp-json\/wp\/v2\/pages\/745\/revisions\/1436"}],"up":[{"embeddable":true,"href":"https:\/\/santuariodeumbanda.com.br\/site\/wp-json\/wp\/v2\/pages\/725"}],"wp:attachment":[{"href":"https:\/\/santuariodeumbanda.com.br\/site\/wp-json\/wp\/v2\/media?parent=745"}],"curies":[{"name":"wp","href":"https:\/\/api.w.org\/{rel}","templated":true}]}}